{"id":14886,"date":"2025-07-15T13:16:56","date_gmt":"2025-07-15T11:16:56","guid":{"rendered":"https:\/\/uj.adatbank.ro\/lexikon\/termek\/matei-gheorghe\/"},"modified":"2025-07-15T13:16:56","modified_gmt":"2025-07-15T11:16:56","slug":"matei-gheorghe","status":"publish","type":"product","link":"https:\/\/uj.adatbank.ro\/lexikon\/termek\/matei-gheorghe\/","title":{"rendered":"MATEI, Gheorghe"},"content":{"rendered":"<p>Sz\u00e9kelyb\u00f3s, 1897.\u2020 ?: \u00fcgyn\u00f6k. \u2013 A marosi Siguranca \u00fcgyn\u00f6ke. R\u00e9szt vett az I. vh.. harcaiban, majd a magyaro.-i Kun B\u00e9la vezette \u0151szir\u00f3zs\u00e1s forradalom lever\u00e9s\u00e9ben (1919). H\u0151siess\u00e9g\u00e9t Virtutea Militar\u0103 \u00e9s Crucea Comemorativ\u0103 de R\u0103zboi \u00e9rdem\u00e9rmekkel t\u00fcntett\u00e9k ki. A k\u00e9t vh. k\u00f6z\u00f6tt a munk\u00e1smozgalmak felder\u00edt\u00e9s\u00e9vel foglalkozott, \u00fcld\u00f6zte a kommunist\u00e1kat. \u00cdgy juttatta b\u00f6rt\u00f6nbe Koszta Istv\u00e1nt (1923) \u00e9s Herbert Istv\u00e1nt (1928). Rend\u0151rfel\u00fcgyel\u0151 volt amikor lev\u00e1ltott\u00e1k (1928). A rendszerv\u00e1lt\u00e1s ut\u00e1n tettei\u00e9rt a t\u00f6rv\u00e9ny el\u0151tt kellett felelnie, a marosi Katonai T\u00f6rv\u00e9nysz\u00e9k el\u00e9 \u00e1ll\u00edtott\u00e1k. <br \/><strong>Irod.:<\/strong> Balint, Nicolae; Id\u0151t\u00e1r 3 ha az<\/br><\/p>\n","protected":false},"excerpt":{"rendered":"<p>Sz\u00e9kelyb\u00f3s, 1897.\u2020 ?: \u00fcgyn\u00f6k. \u2013 A marosi Siguranca \u00fcgyn\u00f6ke. R\u00e9szt vett az I. vh.. harcaiban, majd a magyaro.-i Kun B\u00e9la vezette \u0151szir\u00f3zs\u00e1s forradalom lever\u00e9s\u00e9ben (1919). H\u0151siess\u00e9g\u00e9t Virtutea Militar\u0103 \u00e9s Crucea Comemorativ\u0103 de R\u0103zboi \u00e9rdem\u00e9rmekkel t\u00fcntett\u00e9k ki. A k\u00e9t vh. k\u00f6z\u00f6tt a munk\u00e1smozgalmak felder\u00edt\u00e9s\u00e9vel foglalkozott, \u00fcld\u00f6zte a kommunist\u00e1kat. \u00cdgy juttatta b\u00f6rt\u00f6nbe Koszta Istv\u00e1nt (1923) \u00e9s Herbert [&hellip;]<\/p>\n","protected":false},"featured_media":0,"comment_status":"open","ping_status":"closed","template":"","meta":[],"product_brand":[],"product_cat":[137],"product_tag":[],"class_list":{"0":"post-14886","1":"product","2":"type-product","3":"status-publish","5":"product_cat-maros-megyei-eletrajzi-lexikon","7":"first","8":"instock","9":"shipping-taxable","10":"product-type-simple"},"_links":{"self":[{"href":"https:\/\/uj.adatbank.ro\/lexikon\/wp-json\/wp\/v2\/product\/14886","targetHints":{"allow":["GET"]}}],"collection":[{"href":"https:\/\/uj.adatbank.ro\/lexikon\/wp-json\/wp\/v2\/product"}],"about":[{"href":"https:\/\/uj.adatbank.ro\/lexikon\/wp-json\/wp\/v2\/types\/product"}],"replies":[{"embeddable":true,"href":"https:\/\/uj.adatbank.ro\/lexikon\/wp-json\/wp\/v2\/comments?post=14886"}],"wp:attachment":[{"href":"https:\/\/uj.adatbank.ro\/lexikon\/wp-json\/wp\/v2\/media?parent=14886"}],"wp:term":[{"taxonomy":"product_brand","embeddable":true,"href":"https:\/\/uj.adatbank.ro\/lexikon\/wp-json\/wp\/v2\/product_brand?post=14886"},{"taxonomy":"product_cat","embeddable":true,"href":"https:\/\/uj.adatbank.ro\/lexikon\/wp-json\/wp\/v2\/product_cat?post=14886"},{"taxonomy":"product_tag","embeddable":true,"href":"https:\/\/uj.adatbank.ro\/lexikon\/wp-json\/wp\/v2\/product_tag?post=14886"}],"curies":[{"name":"wp","href":"https:\/\/api.w.org\/{rel}","templated":true}]}}