{"id":14887,"date":"2025-07-15T13:16:58","date_gmt":"2025-07-15T11:16:58","guid":{"rendered":"https:\/\/uj.adatbank.ro\/lexikon\/termek\/matei-gheorghe-2\/"},"modified":"2025-07-15T13:16:58","modified_gmt":"2025-07-15T11:16:58","slug":"matei-gheorghe-2","status":"publish","type":"product","link":"https:\/\/uj.adatbank.ro\/lexikon\/termek\/matei-gheorghe-2\/","title":{"rendered":"MATEI, Gheorghe"},"content":{"rendered":"<p>Radn\u00f3tf\u00e1ja, 1907. \u00e1pr. 14., \u2020 ?: \u00e9p\u00edt\u00e9szm\u00e9rn\u00f6k. \u2013 Sz\u00e1szr\u00e9genben \u00e9p\u00edt\u00e9szm\u00e9rn\u00f6k. Toldalagon tervezte \u00e9s megkezdte az ort. templom \u00e9p\u00edt\u00e9s\u00e9t (1942\u201360-ban lett k\u00e9sz), mivel csak k\u00f6zadakoz\u00e1sb\u00f3l emelt\u00e9k, lassan tudt\u00e1k a sz\u00fcks\u00e9ges anyagiakat el\u0151teremteni. A Faliboga\u2013 f\u00e9le \u00f6ssze esk\u00fcv\u00e9s III. csoportj\u00e1nak tagja. Letart\u00f3ztatt\u00e1k (1957. m\u00e1rc. 17). El\u00edt\u00e9lt\u00e9k <br \/><strong>Irod.:<\/strong> \u00c1ldozatok; Reghin, Protopopiat<\/br><\/p>\n","protected":false},"excerpt":{"rendered":"<p>Radn\u00f3tf\u00e1ja, 1907. \u00e1pr. 14., \u2020 ?: \u00e9p\u00edt\u00e9szm\u00e9rn\u00f6k. \u2013 Sz\u00e1szr\u00e9genben \u00e9p\u00edt\u00e9szm\u00e9rn\u00f6k. Toldalagon tervezte \u00e9s megkezdte az ort. templom \u00e9p\u00edt\u00e9s\u00e9t (1942\u201360-ban lett k\u00e9sz), mivel csak k\u00f6zadakoz\u00e1sb\u00f3l emelt\u00e9k, lassan tudt\u00e1k a sz\u00fcks\u00e9ges anyagiakat el\u0151teremteni. A Faliboga\u2013 f\u00e9le \u00f6ssze esk\u00fcv\u00e9s III. csoportj\u00e1nak tagja. Letart\u00f3ztatt\u00e1k (1957. m\u00e1rc. 17). El\u00edt\u00e9lt\u00e9k Irod.: \u00c1ldozatok; Reghin, Protopopiat<\/p>\n","protected":false},"featured_media":0,"comment_status":"open","ping_status":"closed","template":"","meta":[],"product_brand":[],"product_cat":[137],"product_tag":[],"class_list":{"0":"post-14887","1":"product","2":"type-product","3":"status-publish","5":"product_cat-maros-megyei-eletrajzi-lexikon","7":"first","8":"instock","9":"shipping-taxable","10":"product-type-simple"},"_links":{"self":[{"href":"https:\/\/uj.adatbank.ro\/lexikon\/wp-json\/wp\/v2\/product\/14887","targetHints":{"allow":["GET"]}}],"collection":[{"href":"https:\/\/uj.adatbank.ro\/lexikon\/wp-json\/wp\/v2\/product"}],"about":[{"href":"https:\/\/uj.adatbank.ro\/lexikon\/wp-json\/wp\/v2\/types\/product"}],"replies":[{"embeddable":true,"href":"https:\/\/uj.adatbank.ro\/lexikon\/wp-json\/wp\/v2\/comments?post=14887"}],"wp:attachment":[{"href":"https:\/\/uj.adatbank.ro\/lexikon\/wp-json\/wp\/v2\/media?parent=14887"}],"wp:term":[{"taxonomy":"product_brand","embeddable":true,"href":"https:\/\/uj.adatbank.ro\/lexikon\/wp-json\/wp\/v2\/product_brand?post=14887"},{"taxonomy":"product_cat","embeddable":true,"href":"https:\/\/uj.adatbank.ro\/lexikon\/wp-json\/wp\/v2\/product_cat?post=14887"},{"taxonomy":"product_tag","embeddable":true,"href":"https:\/\/uj.adatbank.ro\/lexikon\/wp-json\/wp\/v2\/product_tag?post=14887"}],"curies":[{"name":"wp","href":"https:\/\/api.w.org\/{rel}","templated":true}]}}