{"id":14890,"date":"2025-07-15T13:17:04","date_gmt":"2025-07-15T11:17:04","guid":{"rendered":"https:\/\/uj.adatbank.ro\/lexikon\/termek\/matei-teodor\/"},"modified":"2025-07-15T13:17:04","modified_gmt":"2025-07-15T11:17:04","slug":"matei-teodor","status":"publish","type":"product","link":"https:\/\/uj.adatbank.ro\/lexikon\/termek\/matei-teodor\/","title":{"rendered":"MATEI, Teodor"},"content":{"rendered":"<p>? \u2020\u00a0?: ort. pap. \u2013 D\u00e9d\u00e1n (1832\u201356) szolg\u00e1lata idej\u00e9ben \u00e9p\u00fclt egy fatemplom (1841), amelyet lebontottak \u00e9s Bisztratelepre k\u00f6lt\u00f6ztettek (1922). <br \/><strong>Irod.:<\/strong> Reghin, Protopopiat<\/br><\/p>\n","protected":false},"excerpt":{"rendered":"<p>? \u2020\u00a0?: ort. pap. \u2013 D\u00e9d\u00e1n (1832\u201356) szolg\u00e1lata idej\u00e9ben \u00e9p\u00fclt egy fatemplom (1841), amelyet lebontottak \u00e9s Bisztratelepre k\u00f6lt\u00f6ztettek (1922). Irod.: Reghin, Protopopiat<\/p>\n","protected":false},"featured_media":0,"comment_status":"open","ping_status":"closed","template":"","meta":[],"product_brand":[],"product_cat":[137],"product_tag":[],"class_list":{"0":"post-14890","1":"product","2":"type-product","3":"status-publish","5":"product_cat-maros-megyei-eletrajzi-lexikon","7":"first","8":"instock","9":"shipping-taxable","10":"product-type-simple"},"_links":{"self":[{"href":"https:\/\/uj.adatbank.ro\/lexikon\/wp-json\/wp\/v2\/product\/14890","targetHints":{"allow":["GET"]}}],"collection":[{"href":"https:\/\/uj.adatbank.ro\/lexikon\/wp-json\/wp\/v2\/product"}],"about":[{"href":"https:\/\/uj.adatbank.ro\/lexikon\/wp-json\/wp\/v2\/types\/product"}],"replies":[{"embeddable":true,"href":"https:\/\/uj.adatbank.ro\/lexikon\/wp-json\/wp\/v2\/comments?post=14890"}],"wp:attachment":[{"href":"https:\/\/uj.adatbank.ro\/lexikon\/wp-json\/wp\/v2\/media?parent=14890"}],"wp:term":[{"taxonomy":"product_brand","embeddable":true,"href":"https:\/\/uj.adatbank.ro\/lexikon\/wp-json\/wp\/v2\/product_brand?post=14890"},{"taxonomy":"product_cat","embeddable":true,"href":"https:\/\/uj.adatbank.ro\/lexikon\/wp-json\/wp\/v2\/product_cat?post=14890"},{"taxonomy":"product_tag","embeddable":true,"href":"https:\/\/uj.adatbank.ro\/lexikon\/wp-json\/wp\/v2\/product_tag?post=14890"}],"curies":[{"name":"wp","href":"https:\/\/api.w.org\/{rel}","templated":true}]}}