{"id":14892,"date":"2025-07-15T13:17:08","date_gmt":"2025-07-15T11:17:08","guid":{"rendered":"https:\/\/uj.adatbank.ro\/lexikon\/termek\/matei-vasile-2\/"},"modified":"2025-07-15T13:17:08","modified_gmt":"2025-07-15T11:17:08","slug":"matei-vasile-2","status":"publish","type":"product","link":"https:\/\/uj.adatbank.ro\/lexikon\/termek\/matei-vasile-2\/","title":{"rendered":"MATEI, Vasile"},"content":{"rendered":"<p>G\u00f6rg\u00e9nyn\u00e1das, ? \u2020 Als\u00f3r\u00e9pa, ?: tan\u00edt\u00f3 \u00e9s g. kat. pap. \u2013 Az els\u0151 k\u00e9pes\u00edtett tan\u00edt\u00f3 D\u00e9d\u00e1n (1873\u2013). Teol\u00f3gi\u00e1t Szebenben v\u00e9gzett. D\u00e9d\u00e1n bevezette a tanul\u00f3k anyak\u00f6nyvez\u00e9s\u00e9t. Nev\u00e9hez f\u0171z\u0151dik a feln\u0151ttek analfab\u00e9ta tanfolyamainak a bevezet\u00e9se. Saj\u00e1t k\u00e9r\u00e9s\u00e9re \u00e1thelyezt\u00e9k Als\u00f3r\u00e9p\u00e1ba (1874\u20131933). Szolg\u00e1lata ideje alatt renov\u00e1ltatta a templomott, lebontatta a r\u00e9gi fatornyot, \u00e9s a ma is \u00e1ll\u00f3 tornyot toldotta a templomhoz (1900). <br \/><strong>Irod.:<\/strong> Deda \u00een spa\u0163iu; Reghin, Protopopiat<\/br><\/p>\n","protected":false},"excerpt":{"rendered":"<p>G\u00f6rg\u00e9nyn\u00e1das, ? \u2020 Als\u00f3r\u00e9pa, ?: tan\u00edt\u00f3 \u00e9s g. kat. pap. \u2013 Az els\u0151 k\u00e9pes\u00edtett tan\u00edt\u00f3 D\u00e9d\u00e1n (1873\u2013). Teol\u00f3gi\u00e1t Szebenben v\u00e9gzett. D\u00e9d\u00e1n bevezette a tanul\u00f3k anyak\u00f6nyvez\u00e9s\u00e9t. Nev\u00e9hez f\u0171z\u0151dik a feln\u0151ttek analfab\u00e9ta tanfolyamainak a bevezet\u00e9se. Saj\u00e1t k\u00e9r\u00e9s\u00e9re \u00e1thelyezt\u00e9k Als\u00f3r\u00e9p\u00e1ba (1874\u20131933). Szolg\u00e1lata ideje alatt renov\u00e1ltatta a templomott, lebontatta a r\u00e9gi fatornyot, \u00e9s a ma is \u00e1ll\u00f3 tornyot toldotta [&hellip;]<\/p>\n","protected":false},"featured_media":0,"comment_status":"open","ping_status":"closed","template":"","meta":[],"product_brand":[],"product_cat":[137],"product_tag":[],"class_list":{"0":"post-14892","1":"product","2":"type-product","3":"status-publish","5":"product_cat-maros-megyei-eletrajzi-lexikon","7":"first","8":"instock","9":"shipping-taxable","10":"product-type-simple"},"_links":{"self":[{"href":"https:\/\/uj.adatbank.ro\/lexikon\/wp-json\/wp\/v2\/product\/14892","targetHints":{"allow":["GET"]}}],"collection":[{"href":"https:\/\/uj.adatbank.ro\/lexikon\/wp-json\/wp\/v2\/product"}],"about":[{"href":"https:\/\/uj.adatbank.ro\/lexikon\/wp-json\/wp\/v2\/types\/product"}],"replies":[{"embeddable":true,"href":"https:\/\/uj.adatbank.ro\/lexikon\/wp-json\/wp\/v2\/comments?post=14892"}],"wp:attachment":[{"href":"https:\/\/uj.adatbank.ro\/lexikon\/wp-json\/wp\/v2\/media?parent=14892"}],"wp:term":[{"taxonomy":"product_brand","embeddable":true,"href":"https:\/\/uj.adatbank.ro\/lexikon\/wp-json\/wp\/v2\/product_brand?post=14892"},{"taxonomy":"product_cat","embeddable":true,"href":"https:\/\/uj.adatbank.ro\/lexikon\/wp-json\/wp\/v2\/product_cat?post=14892"},{"taxonomy":"product_tag","embeddable":true,"href":"https:\/\/uj.adatbank.ro\/lexikon\/wp-json\/wp\/v2\/product_tag?post=14892"}],"curies":[{"name":"wp","href":"https:\/\/api.w.org\/{rel}","templated":true}]}}