{"id":14893,"date":"2025-07-15T13:17:09","date_gmt":"2025-07-15T11:17:09","guid":{"rendered":"https:\/\/uj.adatbank.ro\/lexikon\/termek\/matei-vasile-3\/"},"modified":"2025-07-15T13:17:09","modified_gmt":"2025-07-15T11:17:09","slug":"matei-vasile-3","status":"publish","type":"product","link":"https:\/\/uj.adatbank.ro\/lexikon\/termek\/matei-vasile-3\/","title":{"rendered":"MATEI, Vasile"},"content":{"rendered":"<p>Lib\u00e1nfalva, 1930. aug. 26., \u2020 Lib\u00e1nfalva, 2004: tan\u00e1r. \u2013 Elemi iskol\u00e1t a sz\u00fcl\u0151faluban, Kereskedelmi k\u00f6z\u00e9piskol\u00e1t Tord\u00e1n v\u00e9gzett, ahol k\u00f6nyvel\u0151i okl.-t szerzett (1947).Nagyb\u00e1ny\u00e1n az Alimentara Kereskrdelmi V\u00e1llalatn\u00e1l dolgozott, am\u00edg besorozt\u00e1k katon\u00e1nak (1951\u201353). Leszerel\u00e9s ut\u00e1n R\u00e9genben az IPROD COOP-n\u00e1l helyezkedett el, majd Erd\u0151lib\u00e1nfalv\u00e1n h. tan\u00e1ri \u00e1ll\u00e1st v\u00e1llalt, \u00e9s mag\u00e1n\u00faton Buk.-ben elv\u00e9gezte a 3 \u00e9ves f\u0151iskola t\u00f6rt.-f\u00f6ldrajz szak\u00e1t (1968). Ezut\u00e1n v\u00e9gles\u00edtett\u00e9k a tan\u00fcgyben; Kv.-on letette a II. fokozati vizsg\u00e1t az Istoricul comunei Ib\u0103ne\u015fti c. dolgozattal. Sz\u00fcl\u0151faluj\u00e1ban tan\u00edtott nyugd\u00edjaz\u00e1s\u00e1ig (1996). <br \/><strong>Irod.:<\/strong> Dasc\u0103li mure\u015feni 4.<\/br><\/p>\n","protected":false},"excerpt":{"rendered":"<p>Lib\u00e1nfalva, 1930. aug. 26., \u2020 Lib\u00e1nfalva, 2004: tan\u00e1r. \u2013 Elemi iskol\u00e1t a sz\u00fcl\u0151faluban, Kereskedelmi k\u00f6z\u00e9piskol\u00e1t Tord\u00e1n v\u00e9gzett, ahol k\u00f6nyvel\u0151i okl.-t szerzett (1947).Nagyb\u00e1ny\u00e1n az Alimentara Kereskrdelmi V\u00e1llalatn\u00e1l dolgozott, am\u00edg besorozt\u00e1k katon\u00e1nak (1951\u201353). Leszerel\u00e9s ut\u00e1n R\u00e9genben az IPROD COOP-n\u00e1l helyezkedett el, majd Erd\u0151lib\u00e1nfalv\u00e1n h. tan\u00e1ri \u00e1ll\u00e1st v\u00e1llalt, \u00e9s mag\u00e1n\u00faton Buk.-ben elv\u00e9gezte a 3 \u00e9ves f\u0151iskola t\u00f6rt.-f\u00f6ldrajz szak\u00e1t [&hellip;]<\/p>\n","protected":false},"featured_media":0,"comment_status":"open","ping_status":"closed","template":"","meta":[],"product_brand":[],"product_cat":[137],"product_tag":[],"class_list":{"0":"post-14893","1":"product","2":"type-product","3":"status-publish","5":"product_cat-maros-megyei-eletrajzi-lexikon","7":"first","8":"instock","9":"shipping-taxable","10":"product-type-simple"},"_links":{"self":[{"href":"https:\/\/uj.adatbank.ro\/lexikon\/wp-json\/wp\/v2\/product\/14893","targetHints":{"allow":["GET"]}}],"collection":[{"href":"https:\/\/uj.adatbank.ro\/lexikon\/wp-json\/wp\/v2\/product"}],"about":[{"href":"https:\/\/uj.adatbank.ro\/lexikon\/wp-json\/wp\/v2\/types\/product"}],"replies":[{"embeddable":true,"href":"https:\/\/uj.adatbank.ro\/lexikon\/wp-json\/wp\/v2\/comments?post=14893"}],"wp:attachment":[{"href":"https:\/\/uj.adatbank.ro\/lexikon\/wp-json\/wp\/v2\/media?parent=14893"}],"wp:term":[{"taxonomy":"product_brand","embeddable":true,"href":"https:\/\/uj.adatbank.ro\/lexikon\/wp-json\/wp\/v2\/product_brand?post=14893"},{"taxonomy":"product_cat","embeddable":true,"href":"https:\/\/uj.adatbank.ro\/lexikon\/wp-json\/wp\/v2\/product_cat?post=14893"},{"taxonomy":"product_tag","embeddable":true,"href":"https:\/\/uj.adatbank.ro\/lexikon\/wp-json\/wp\/v2\/product_tag?post=14893"}],"curies":[{"name":"wp","href":"https:\/\/api.w.org\/{rel}","templated":true}]}}