{"id":14894,"date":"2025-07-15T13:17:12","date_gmt":"2025-07-15T11:17:12","guid":{"rendered":"https:\/\/uj.adatbank.ro\/lexikon\/termek\/matei-zaharia\/"},"modified":"2025-07-15T13:17:12","modified_gmt":"2025-07-15T11:17:12","slug":"matei-zaharia","status":"publish","type":"product","link":"https:\/\/uj.adatbank.ro\/lexikon\/termek\/matei-zaharia\/","title":{"rendered":"MATEI, Zaharia"},"content":{"rendered":"<p>G\u00f6rg\u00e9nyn\u00e1das, 1790., \u2020 G\u00f6rg\u00e9nyn\u00e1das, 1863. \u00e1pr. 18.: ort. pap. \u2013 G\u00f6rg\u00e9nyn\u00e1das pl\u00e9b\u00e1nosa volt (1823\u201360). Sz\u00e1szr\u00e9genben esperes (1824\u201354), Idecspatak\u00e1r\u00f3l R\u00e9genbe helyezte az esperesi hivatalt. Esperesk\u00e9nt sok kisz\u00e1ll\u00e1son ellen\u0151rizte a papok tev\u00e9kenys\u00e9g\u00e9t, az anyak\u00f6nyvek vezet\u00e9s\u00e9t. A k\u00f6rzet\u00e9hez tartoz\u00f3 \u00f6sszes par\u00f3chi\u00e1t megl\u00e1togatta (1848-ig), de a forradalmi esem\u00e9nyek ut\u00e1n is teljes\u00edtette k\u00f6teless\u00e9geit. Minden vagyon\u00e1t elvesztette a forradalom alatt (1848\u201349) \u00e9s b\u00fajdosni k\u00e9nyszer\u00fclt, a rom\u00e1n papok v\u00e1daskod\u00e1sai nyom\u00e1n D\u00e9sen bez\u00e1rt\u00e1k n\u00e9h\u00e1ny h\u00f3napra (1850), szem\u00e9lyes okokb\u00f3l lemond\u00e1sra k\u00e9nyszer\u00fclt (1853). Sokat tett a rom\u00e1n nyelv\u0171 oktat\u00e1s\u00e9rt is. Fennmaradt jegyz\u0151k\u00f6nyvei napjainkban jelent\u0151s szolg\u00e1latot tesznek a korviszonyok kutat\u00e1s\u00e1ban. \u00d6regs\u00e9ge miatt seg\u00e9dlelk\u00e9szt neveztek ki mell\u00e9je \u015etefan Branea szem\u00e9ly\u00e9ben (1852\u2013). A magyr\u00f3i egyh\u00e1zk\u00f6zs\u00e9gben szolg\u00e1lt (1862). <br \/><strong>Irod.:<\/strong> Dobozi; Regh. cultural 5.; Reghin, Protopopiat; Todea 2013<\/br><\/p>\n","protected":false},"excerpt":{"rendered":"<p>G\u00f6rg\u00e9nyn\u00e1das, 1790., \u2020 G\u00f6rg\u00e9nyn\u00e1das, 1863. \u00e1pr. 18.: ort. pap. \u2013 G\u00f6rg\u00e9nyn\u00e1das pl\u00e9b\u00e1nosa volt (1823\u201360). Sz\u00e1szr\u00e9genben esperes (1824\u201354), Idecspatak\u00e1r\u00f3l R\u00e9genbe helyezte az esperesi hivatalt. Esperesk\u00e9nt sok kisz\u00e1ll\u00e1son ellen\u0151rizte a papok tev\u00e9kenys\u00e9g\u00e9t, az anyak\u00f6nyvek vezet\u00e9s\u00e9t. A k\u00f6rzet\u00e9hez tartoz\u00f3 \u00f6sszes par\u00f3chi\u00e1t megl\u00e1togatta (1848-ig), de a forradalmi esem\u00e9nyek ut\u00e1n is teljes\u00edtette k\u00f6teless\u00e9geit. Minden vagyon\u00e1t elvesztette a forradalom alatt (1848\u201349) [&hellip;]<\/p>\n","protected":false},"featured_media":0,"comment_status":"open","ping_status":"closed","template":"","meta":[],"product_brand":[],"product_cat":[137],"product_tag":[],"class_list":{"0":"post-14894","1":"product","2":"type-product","3":"status-publish","5":"product_cat-maros-megyei-eletrajzi-lexikon","7":"first","8":"instock","9":"shipping-taxable","10":"product-type-simple"},"_links":{"self":[{"href":"https:\/\/uj.adatbank.ro\/lexikon\/wp-json\/wp\/v2\/product\/14894","targetHints":{"allow":["GET"]}}],"collection":[{"href":"https:\/\/uj.adatbank.ro\/lexikon\/wp-json\/wp\/v2\/product"}],"about":[{"href":"https:\/\/uj.adatbank.ro\/lexikon\/wp-json\/wp\/v2\/types\/product"}],"replies":[{"embeddable":true,"href":"https:\/\/uj.adatbank.ro\/lexikon\/wp-json\/wp\/v2\/comments?post=14894"}],"wp:attachment":[{"href":"https:\/\/uj.adatbank.ro\/lexikon\/wp-json\/wp\/v2\/media?parent=14894"}],"wp:term":[{"taxonomy":"product_brand","embeddable":true,"href":"https:\/\/uj.adatbank.ro\/lexikon\/wp-json\/wp\/v2\/product_brand?post=14894"},{"taxonomy":"product_cat","embeddable":true,"href":"https:\/\/uj.adatbank.ro\/lexikon\/wp-json\/wp\/v2\/product_cat?post=14894"},{"taxonomy":"product_tag","embeddable":true,"href":"https:\/\/uj.adatbank.ro\/lexikon\/wp-json\/wp\/v2\/product_tag?post=14894"}],"curies":[{"name":"wp","href":"https:\/\/api.w.org\/{rel}","templated":true}]}}