{"id":14895,"date":"2025-07-15T13:17:15","date_gmt":"2025-07-15T11:17:15","guid":{"rendered":"https:\/\/uj.adatbank.ro\/lexikon\/termek\/matei-zaharia-2\/"},"modified":"2025-07-15T13:17:15","modified_gmt":"2025-07-15T11:17:15","slug":"matei-zaharia-2","status":"publish","type":"product","link":"https:\/\/uj.adatbank.ro\/lexikon\/termek\/matei-zaharia-2\/","title":{"rendered":"MATEI, Zaharia"},"content":{"rendered":"<p>? \u2020\u00a0?: tan\u00edt\u00f3. \u2013 Palotailv\u00e1n m\u0171k\u00f6d\u00f6tt, ahol 62 tanul\u00f3t tan\u00edtott az iskolak\u00f6teles 139-b\u0151l a rom\u00e1n \u00e1llami iskol\u00e1ban (1895-ben l\u00e9tes\u00edtett\u00e9k). <br \/><strong>Irod.:<\/strong> Lunca Bradului<\/br><\/p>\n","protected":false},"excerpt":{"rendered":"<p>? \u2020\u00a0?: tan\u00edt\u00f3. \u2013 Palotailv\u00e1n m\u0171k\u00f6d\u00f6tt, ahol 62 tanul\u00f3t tan\u00edtott az iskolak\u00f6teles 139-b\u0151l a rom\u00e1n \u00e1llami iskol\u00e1ban (1895-ben l\u00e9tes\u00edtett\u00e9k). Irod.: Lunca Bradului<\/p>\n","protected":false},"featured_media":0,"comment_status":"open","ping_status":"closed","template":"","meta":[],"product_brand":[],"product_cat":[137],"product_tag":[],"class_list":{"0":"post-14895","1":"product","2":"type-product","3":"status-publish","5":"product_cat-maros-megyei-eletrajzi-lexikon","7":"first","8":"instock","9":"shipping-taxable","10":"product-type-simple"},"_links":{"self":[{"href":"https:\/\/uj.adatbank.ro\/lexikon\/wp-json\/wp\/v2\/product\/14895","targetHints":{"allow":["GET"]}}],"collection":[{"href":"https:\/\/uj.adatbank.ro\/lexikon\/wp-json\/wp\/v2\/product"}],"about":[{"href":"https:\/\/uj.adatbank.ro\/lexikon\/wp-json\/wp\/v2\/types\/product"}],"replies":[{"embeddable":true,"href":"https:\/\/uj.adatbank.ro\/lexikon\/wp-json\/wp\/v2\/comments?post=14895"}],"wp:attachment":[{"href":"https:\/\/uj.adatbank.ro\/lexikon\/wp-json\/wp\/v2\/media?parent=14895"}],"wp:term":[{"taxonomy":"product_brand","embeddable":true,"href":"https:\/\/uj.adatbank.ro\/lexikon\/wp-json\/wp\/v2\/product_brand?post=14895"},{"taxonomy":"product_cat","embeddable":true,"href":"https:\/\/uj.adatbank.ro\/lexikon\/wp-json\/wp\/v2\/product_cat?post=14895"},{"taxonomy":"product_tag","embeddable":true,"href":"https:\/\/uj.adatbank.ro\/lexikon\/wp-json\/wp\/v2\/product_tag?post=14895"}],"curies":[{"name":"wp","href":"https:\/\/api.w.org\/{rel}","templated":true}]}}