{"id":14897,"date":"2025-07-15T13:17:17","date_gmt":"2025-07-15T11:17:17","guid":{"rendered":"https:\/\/uj.adatbank.ro\/lexikon\/termek\/mateiu-laszlo\/"},"modified":"2025-07-15T13:17:17","modified_gmt":"2025-07-15T11:17:17","slug":"mateiu-laszlo","status":"publish","type":"product","link":"https:\/\/uj.adatbank.ro\/lexikon\/termek\/mateiu-laszlo\/","title":{"rendered":"MATEIU L\u00e1szl\u00f3"},"content":{"rendered":"<p>Fels\u0151oroszi, 1894. j\u00fal. 1., \u2020 ?: tan\u00e1r. \u2013 Mv-en a R. K. Gimn.-ban, Kv.-on a FJTE matematika- termtudom\u00e1nyi kar\u00e1n tanult (1913\u201314). <br \/><strong>Irod.:<\/strong> Sigmirean<\/br><\/p>\n","protected":false},"excerpt":{"rendered":"<p>Fels\u0151oroszi, 1894. j\u00fal. 1., \u2020 ?: tan\u00e1r. \u2013 Mv-en a R. K. Gimn.-ban, Kv.-on a FJTE matematika- termtudom\u00e1nyi kar\u00e1n tanult (1913\u201314). Irod.: Sigmirean<\/p>\n","protected":false},"featured_media":0,"comment_status":"open","ping_status":"closed","template":"","meta":[],"product_brand":[],"product_cat":[137],"product_tag":[],"class_list":{"0":"post-14897","1":"product","2":"type-product","3":"status-publish","5":"product_cat-maros-megyei-eletrajzi-lexikon","7":"first","8":"instock","9":"shipping-taxable","10":"product-type-simple"},"_links":{"self":[{"href":"https:\/\/uj.adatbank.ro\/lexikon\/wp-json\/wp\/v2\/product\/14897","targetHints":{"allow":["GET"]}}],"collection":[{"href":"https:\/\/uj.adatbank.ro\/lexikon\/wp-json\/wp\/v2\/product"}],"about":[{"href":"https:\/\/uj.adatbank.ro\/lexikon\/wp-json\/wp\/v2\/types\/product"}],"replies":[{"embeddable":true,"href":"https:\/\/uj.adatbank.ro\/lexikon\/wp-json\/wp\/v2\/comments?post=14897"}],"wp:attachment":[{"href":"https:\/\/uj.adatbank.ro\/lexikon\/wp-json\/wp\/v2\/media?parent=14897"}],"wp:term":[{"taxonomy":"product_brand","embeddable":true,"href":"https:\/\/uj.adatbank.ro\/lexikon\/wp-json\/wp\/v2\/product_brand?post=14897"},{"taxonomy":"product_cat","embeddable":true,"href":"https:\/\/uj.adatbank.ro\/lexikon\/wp-json\/wp\/v2\/product_cat?post=14897"},{"taxonomy":"product_tag","embeddable":true,"href":"https:\/\/uj.adatbank.ro\/lexikon\/wp-json\/wp\/v2\/product_tag?post=14897"}],"curies":[{"name":"wp","href":"https:\/\/api.w.org\/{rel}","templated":true}]}}