{"id":14898,"date":"2025-07-15T13:17:20","date_gmt":"2025-07-15T11:17:20","guid":{"rendered":"https:\/\/uj.adatbank.ro\/lexikon\/termek\/mateiu-nicolae-nicolaus\/"},"modified":"2025-07-15T13:17:20","modified_gmt":"2025-07-15T11:17:20","slug":"mateiu-nicolae-nicolaus","status":"publish","type":"product","link":"https:\/\/uj.adatbank.ro\/lexikon\/termek\/mateiu-nicolae-nicolaus\/","title":{"rendered":"MATEIU, Nicolae \/ Nicolaus"},"content":{"rendered":"<p>Hetb\u00fckk, 1834., \u2020\u00a0Fels\u0151k\u00f6h\u00e9r, 1908. nov. 26.: g. kat. pap. \u2013 Gimn.-ot (1855) \u00e9s teol\u00f3gi\u00e1t (1859) v\u00e9gzett. Papp\u00e1 szentelt\u00e9k (1861). G\u00f6rg\u00e9nyoroszfaluban szolg\u00e1lt (1861\u201366), majd hal\u00e1l\u00e1ig Fels\u0151k\u00f6h\u00e9rben. <br \/><strong>Irod.:<\/strong> Dobozi; Reghin, Protopopiat<\/br><\/p>\n","protected":false},"excerpt":{"rendered":"<p>Hetb\u00fckk, 1834., \u2020\u00a0Fels\u0151k\u00f6h\u00e9r, 1908. nov. 26.: g. kat. pap. \u2013 Gimn.-ot (1855) \u00e9s teol\u00f3gi\u00e1t (1859) v\u00e9gzett. Papp\u00e1 szentelt\u00e9k (1861). G\u00f6rg\u00e9nyoroszfaluban szolg\u00e1lt (1861\u201366), majd hal\u00e1l\u00e1ig Fels\u0151k\u00f6h\u00e9rben. Irod.: Dobozi; Reghin, Protopopiat<\/p>\n","protected":false},"featured_media":0,"comment_status":"open","ping_status":"closed","template":"","meta":[],"product_brand":[],"product_cat":[137],"product_tag":[],"class_list":{"0":"post-14898","1":"product","2":"type-product","3":"status-publish","5":"product_cat-maros-megyei-eletrajzi-lexikon","7":"first","8":"instock","9":"shipping-taxable","10":"product-type-simple"},"_links":{"self":[{"href":"https:\/\/uj.adatbank.ro\/lexikon\/wp-json\/wp\/v2\/product\/14898","targetHints":{"allow":["GET"]}}],"collection":[{"href":"https:\/\/uj.adatbank.ro\/lexikon\/wp-json\/wp\/v2\/product"}],"about":[{"href":"https:\/\/uj.adatbank.ro\/lexikon\/wp-json\/wp\/v2\/types\/product"}],"replies":[{"embeddable":true,"href":"https:\/\/uj.adatbank.ro\/lexikon\/wp-json\/wp\/v2\/comments?post=14898"}],"wp:attachment":[{"href":"https:\/\/uj.adatbank.ro\/lexikon\/wp-json\/wp\/v2\/media?parent=14898"}],"wp:term":[{"taxonomy":"product_brand","embeddable":true,"href":"https:\/\/uj.adatbank.ro\/lexikon\/wp-json\/wp\/v2\/product_brand?post=14898"},{"taxonomy":"product_cat","embeddable":true,"href":"https:\/\/uj.adatbank.ro\/lexikon\/wp-json\/wp\/v2\/product_cat?post=14898"},{"taxonomy":"product_tag","embeddable":true,"href":"https:\/\/uj.adatbank.ro\/lexikon\/wp-json\/wp\/v2\/product_tag?post=14898"}],"curies":[{"name":"wp","href":"https:\/\/api.w.org\/{rel}","templated":true}]}}