{"id":14899,"date":"2025-07-15T13:17:22","date_gmt":"2025-07-15T11:17:22","guid":{"rendered":"https:\/\/uj.adatbank.ro\/lexikon\/termek\/mateiu-radu\/"},"modified":"2025-07-15T13:17:22","modified_gmt":"2025-07-15T11:17:22","slug":"mateiu-radu","status":"publish","type":"product","link":"https:\/\/uj.adatbank.ro\/lexikon\/termek\/mateiu-radu\/","title":{"rendered":"MATEIU, Radu"},"content":{"rendered":"<p>1844., \u2020 ? : ort. tan\u00edt\u00f3. \u2013 Tanulm\u00e1nyai : 4 pedag.-i oszt., 3 gimn.-i oszt., pedag.-i \u00e9s teol\u00f3giai tanfolyam. Mesterh\u00e1z\u00e1n tan\u00edtott az ort. iskol\u00e1ban, mint ideiglenes tan\u00edt\u00f3 (1887\u2013). Egy dokumenetum (1896\u201397) igazolja 29 \u00e9vi r\u00e9gis\u00e9g\u00e9t Meterh\u00e1z\u00e1n, mint k\u00e9pzett \u00e9s v\u00e9gleges\u00edtett tan\u00edt\u00f3. <br \/><strong>Irod.:<\/strong> Dobozi<\/br><\/p>\n","protected":false},"excerpt":{"rendered":"<p>1844., \u2020 ? : ort. tan\u00edt\u00f3. \u2013 Tanulm\u00e1nyai : 4 pedag.-i oszt., 3 gimn.-i oszt., pedag.-i \u00e9s teol\u00f3giai tanfolyam. Mesterh\u00e1z\u00e1n tan\u00edtott az ort. iskol\u00e1ban, mint ideiglenes tan\u00edt\u00f3 (1887\u2013). Egy dokumenetum (1896\u201397) igazolja 29 \u00e9vi r\u00e9gis\u00e9g\u00e9t Meterh\u00e1z\u00e1n, mint k\u00e9pzett \u00e9s v\u00e9gleges\u00edtett tan\u00edt\u00f3. Irod.: Dobozi<\/p>\n","protected":false},"featured_media":0,"comment_status":"open","ping_status":"closed","template":"","meta":[],"product_brand":[],"product_cat":[137],"product_tag":[],"class_list":{"0":"post-14899","1":"product","2":"type-product","3":"status-publish","5":"product_cat-maros-megyei-eletrajzi-lexikon","7":"first","8":"instock","9":"shipping-taxable","10":"product-type-simple"},"_links":{"self":[{"href":"https:\/\/uj.adatbank.ro\/lexikon\/wp-json\/wp\/v2\/product\/14899","targetHints":{"allow":["GET"]}}],"collection":[{"href":"https:\/\/uj.adatbank.ro\/lexikon\/wp-json\/wp\/v2\/product"}],"about":[{"href":"https:\/\/uj.adatbank.ro\/lexikon\/wp-json\/wp\/v2\/types\/product"}],"replies":[{"embeddable":true,"href":"https:\/\/uj.adatbank.ro\/lexikon\/wp-json\/wp\/v2\/comments?post=14899"}],"wp:attachment":[{"href":"https:\/\/uj.adatbank.ro\/lexikon\/wp-json\/wp\/v2\/media?parent=14899"}],"wp:term":[{"taxonomy":"product_brand","embeddable":true,"href":"https:\/\/uj.adatbank.ro\/lexikon\/wp-json\/wp\/v2\/product_brand?post=14899"},{"taxonomy":"product_cat","embeddable":true,"href":"https:\/\/uj.adatbank.ro\/lexikon\/wp-json\/wp\/v2\/product_cat?post=14899"},{"taxonomy":"product_tag","embeddable":true,"href":"https:\/\/uj.adatbank.ro\/lexikon\/wp-json\/wp\/v2\/product_tag?post=14899"}],"curies":[{"name":"wp","href":"https:\/\/api.w.org\/{rel}","templated":true}]}}