{"id":14901,"date":"2025-07-15T13:17:27","date_gmt":"2025-07-15T11:17:27","guid":{"rendered":"https:\/\/uj.adatbank.ro\/lexikon\/termek\/mateiu-vasile\/"},"modified":"2025-07-15T13:17:27","modified_gmt":"2025-07-15T11:17:27","slug":"mateiu-vasile","status":"publish","type":"product","link":"https:\/\/uj.adatbank.ro\/lexikon\/termek\/mateiu-vasile\/","title":{"rendered":"MATEIU, Vasile"},"content":{"rendered":"<p>G\u00f6rg\u00e9nyn\u00e1das, 1849., \u2020 Als\u00f3r\u00e9pa, 1905.: ort. pap \u00e9s tan\u00edt\u00f3. \u2013 Tanulm\u00e1nyai: 4 gimn.-i oszt. \u00e9s teol\u00f3giai tanfolyam. Marosszentgy\u00f6rgy\u00f6n szentelte Procopie Ivanovici mitrpolita papp\u00e1 (1874), ahol szolg\u00e1lt (1874\u201380). Onnan Als\u00f3r\u00e9p\u00e1ba helyezt\u00e9k, ahol \u00e9lete v\u00e9g\u00e9ig m\u0171k\u00f6d\u00f6tt. <br \/><strong>Irod.:<\/strong> Dobozi; S\u00e2ngeorgiu de Mure\u015f. Biserica<\/br><\/p>\n","protected":false},"excerpt":{"rendered":"<p>G\u00f6rg\u00e9nyn\u00e1das, 1849., \u2020 Als\u00f3r\u00e9pa, 1905.: ort. pap \u00e9s tan\u00edt\u00f3. \u2013 Tanulm\u00e1nyai: 4 gimn.-i oszt. \u00e9s teol\u00f3giai tanfolyam. Marosszentgy\u00f6rgy\u00f6n szentelte Procopie Ivanovici mitrpolita papp\u00e1 (1874), ahol szolg\u00e1lt (1874\u201380). Onnan Als\u00f3r\u00e9p\u00e1ba helyezt\u00e9k, ahol \u00e9lete v\u00e9g\u00e9ig m\u0171k\u00f6d\u00f6tt. Irod.: Dobozi; S\u00e2ngeorgiu de Mure\u015f. Biserica<\/p>\n","protected":false},"featured_media":0,"comment_status":"open","ping_status":"closed","template":"","meta":[],"product_brand":[],"product_cat":[137],"product_tag":[],"class_list":{"0":"post-14901","1":"product","2":"type-product","3":"status-publish","5":"product_cat-maros-megyei-eletrajzi-lexikon","7":"first","8":"instock","9":"shipping-taxable","10":"product-type-simple"},"_links":{"self":[{"href":"https:\/\/uj.adatbank.ro\/lexikon\/wp-json\/wp\/v2\/product\/14901","targetHints":{"allow":["GET"]}}],"collection":[{"href":"https:\/\/uj.adatbank.ro\/lexikon\/wp-json\/wp\/v2\/product"}],"about":[{"href":"https:\/\/uj.adatbank.ro\/lexikon\/wp-json\/wp\/v2\/types\/product"}],"replies":[{"embeddable":true,"href":"https:\/\/uj.adatbank.ro\/lexikon\/wp-json\/wp\/v2\/comments?post=14901"}],"wp:attachment":[{"href":"https:\/\/uj.adatbank.ro\/lexikon\/wp-json\/wp\/v2\/media?parent=14901"}],"wp:term":[{"taxonomy":"product_brand","embeddable":true,"href":"https:\/\/uj.adatbank.ro\/lexikon\/wp-json\/wp\/v2\/product_brand?post=14901"},{"taxonomy":"product_cat","embeddable":true,"href":"https:\/\/uj.adatbank.ro\/lexikon\/wp-json\/wp\/v2\/product_cat?post=14901"},{"taxonomy":"product_tag","embeddable":true,"href":"https:\/\/uj.adatbank.ro\/lexikon\/wp-json\/wp\/v2\/product_tag?post=14901"}],"curies":[{"name":"wp","href":"https:\/\/api.w.org\/{rel}","templated":true}]}}