{"id":14904,"date":"2025-07-15T13:17:34","date_gmt":"2025-07-15T11:17:34","guid":{"rendered":"https:\/\/uj.adatbank.ro\/lexikon\/termek\/mathe-akos-%c2%a7\/"},"modified":"2025-07-15T13:17:34","modified_gmt":"2025-07-15T11:17:34","slug":"mathe-akos-%c2%a7","status":"publish","type":"product","link":"https:\/\/uj.adatbank.ro\/lexikon\/termek\/mathe-akos-%c2%a7\/","title":{"rendered":"M\u00c1TH\u00c9 \u00c1kos, \u00a7"},"content":{"rendered":"<p>Jedd, 1920. aug. 6., \u2020 Mv., 1997. j\u00fan. 1.: orvos, idegseb\u00e9sz. \u2013 Als\u00f3b\u00f6lk\u00e9nyb\u0151l indult, tan\u00edt\u00f3k voltak a sz\u00fclei. \u2013 A mv.-i \u00e9s kv.-i ref. koll.-ban tanult, \u00e9retts\u00e9gizett Kv.-on a Ref. Koll.-ban (1939), majd ugyanott orvosi diplom\u00e1t szerzett (1944). M\u00e1r egyetemista kor\u00e1ban fel\u00e9bredt benne az ideg- \u00e9s elmegy\u00e1szat ir\u00e1nti \u00e9rdekl\u0151d\u00e9s. Munk\u00e1ss\u00e1g\u00e1t Kv.-on a Miskolczy-klinika K\u00f6rnyey Istv\u00e1n vezette idegseb\u00e9szeti oszt\u00e1ly\u00e1n d\u00edjtalan gyakornokk\u00e9nt, majd alorvosk\u00e9nt kezdte (1944\u2013); a h\u00e1bor\u00fa ut\u00e1n visszat\u00e9rt Kv.-ra (1944. szept. 1.\u20131945. okt. 26.). Majd r\u00e9szt vett a klinik\u00e1k Mv.-re k\u00f6lt\u00f6ztet\u00e9s\u00e9ben, ahol a K\u00f6rnyey, k\u00e9s\u0151bb Andr\u00e1sofszky Tibor prof. vezette Idegseb\u00e9szeti Klinika orvosa (1945.okt. 27.\u2013), majd f\u0151orvosa, mint adjunktus az oktast\u00e1sban is r\u00e9szt vett. Idegseb\u00e9sz f\u0151orvosk\u00e9nt tagja volt a Rom\u00e1n V\u00f6r\u00f6skereszt k\u00fcld\u00f6tts\u00e9g\u00e9nek, amely Kore\u00e1ban a Rom\u00e1n V\u00f6r\u00f6skereszt k\u00f3rh\u00e1zban m\u0171k\u00f6d\u00f6tt a h\u00e1bor\u00fa ut\u00e1n (1953\u201354); hazat\u00e9rve tov\u00e1bb tev\u00e9kenykedett az Idegseb\u00e9szeten f\u0151orvosk\u00e9nt (\u20131983). Rendkiv\u00fcli tehets\u00e9g\u0171 idegseb\u00e9szk\u00e9nt \u00fajabb \u00e9s \u00fajabb technikai elj\u00e1r\u00e1sokat m\u0171t\u00e9ti megold\u00e1sokat vezetett be. Szakcikkeit a Revista Medical\u0103-Orvosi Szemle, Neurologie, psihiatrie, neurochirurgie, Studii \u015fi Cercet\u0103ri de Neurologie, Ideggy\u00f3gy\u00e1szati Szemle k\u00f6z\u00f6lte. Egyik cselekv\u0151 r\u00e9szese volt a mv.-i egyetemi klinik\u00e1k orsz\u00e1gos \u00e9s k\u00fclf\u00f6ld\u00f6n is elismert h\u00edrneve megteremt\u00e9s\u00e9nek. Munka\u00e9rdemrend III. fokozata (1954?) \u00e9s a Koreai N. K. kit\u00fcntetettje. \u2013 F.m. : <strong>t\u00e1rssz.:<\/strong> Idegk\u00f3rtan (Buk., 1958). Kiss Zolt\u00e1n, Holicska Dezs\u0151, Vit\u00e1lyos Andr\u00e1s: Ember \u00e9s eg\u00e9szs\u00e9g. Kislexikon. (Lektor\u00e1lta, Buk., 1974) <br \/><strong>Irod.:<\/strong> Bern\u00e1th Ern\u0151: Interj\u00fa a mv.-i idegseb\u00e9szeti klinik\u00e1n [M. \u00c1.f\u0151orvossal \u00e9s Hank\u00f3 Zolt\u00e1n egyetemi tan\u00e1rral] (\u00daj \u00c9let, 15. sz., 1961); Genersich; Komj\u00e1tszegi S\u00e1ndor: Dr. M. \u00c1. (N\u00fa., 1997. j\u00fan. 7.); RMIL; Sz\u00e9pr\u00e9ti Lilla: Dr. M. \u00c1. idegseb\u00e9sz (\u00daj \u00c9let, 8. sz., 1983.)<\/br><\/p>\n","protected":false},"excerpt":{"rendered":"<p>Jedd, 1920. aug. 6., \u2020 Mv., 1997. j\u00fan. 1.: orvos, idegseb\u00e9sz. \u2013 Als\u00f3b\u00f6lk\u00e9nyb\u0151l indult, tan\u00edt\u00f3k voltak a sz\u00fclei. \u2013 A mv.-i \u00e9s kv.-i ref. koll.-ban tanult, \u00e9retts\u00e9gizett Kv.-on a Ref. Koll.-ban (1939), majd ugyanott orvosi diplom\u00e1t szerzett (1944). M\u00e1r egyetemista kor\u00e1ban fel\u00e9bredt benne az ideg- \u00e9s elmegy\u00e1szat ir\u00e1nti \u00e9rdekl\u0151d\u00e9s. Munk\u00e1ss\u00e1g\u00e1t Kv.-on a Miskolczy-klinika K\u00f6rnyey Istv\u00e1n [&hellip;]<\/p>\n","protected":false},"featured_media":0,"comment_status":"open","ping_status":"closed","template":"","meta":[],"product_brand":[],"product_cat":[137],"product_tag":[],"class_list":{"0":"post-14904","1":"product","2":"type-product","3":"status-publish","5":"product_cat-maros-megyei-eletrajzi-lexikon","7":"first","8":"instock","9":"shipping-taxable","10":"product-type-simple"},"_links":{"self":[{"href":"https:\/\/uj.adatbank.ro\/lexikon\/wp-json\/wp\/v2\/product\/14904","targetHints":{"allow":["GET"]}}],"collection":[{"href":"https:\/\/uj.adatbank.ro\/lexikon\/wp-json\/wp\/v2\/product"}],"about":[{"href":"https:\/\/uj.adatbank.ro\/lexikon\/wp-json\/wp\/v2\/types\/product"}],"replies":[{"embeddable":true,"href":"https:\/\/uj.adatbank.ro\/lexikon\/wp-json\/wp\/v2\/comments?post=14904"}],"wp:attachment":[{"href":"https:\/\/uj.adatbank.ro\/lexikon\/wp-json\/wp\/v2\/media?parent=14904"}],"wp:term":[{"taxonomy":"product_brand","embeddable":true,"href":"https:\/\/uj.adatbank.ro\/lexikon\/wp-json\/wp\/v2\/product_brand?post=14904"},{"taxonomy":"product_cat","embeddable":true,"href":"https:\/\/uj.adatbank.ro\/lexikon\/wp-json\/wp\/v2\/product_cat?post=14904"},{"taxonomy":"product_tag","embeddable":true,"href":"https:\/\/uj.adatbank.ro\/lexikon\/wp-json\/wp\/v2\/product_tag?post=14904"}],"curies":[{"name":"wp","href":"https:\/\/api.w.org\/{rel}","templated":true}]}}