{"id":14905,"date":"2025-07-15T13:17:36","date_gmt":"2025-07-15T11:17:36","guid":{"rendered":"https:\/\/uj.adatbank.ro\/lexikon\/termek\/mathe-andras\/"},"modified":"2025-07-15T13:17:36","modified_gmt":"2025-07-15T11:17:36","slug":"mathe-andras","status":"publish","type":"product","link":"https:\/\/uj.adatbank.ro\/lexikon\/termek\/mathe-andras\/","title":{"rendered":"M\u00c1TH\u00c9 Andr\u00e1s"},"content":{"rendered":"<p>Sz\u00e9kelykereszt\u00far, 1923. \u00e1pr. 20., \u2020 Segesv\u00e1r, 1999. jan. 4.: \u00fajs\u00e1g\u00edr\u00f3, sportol\u00f3, helyt\u00f6rt\u00e9n\u00e9sz. \u2013 Feles\u00e9ge: M. M\u00e1ria (\u2020 1996. jan. 16.), akivel k\u00f6z\u00f6s baleset\u00fck volt Mv.-en ez okozta hal\u00e1lukat. Segesv\u00e1rt v\u00e9gezte a faipari mesterk\u00e9pz\u0151 iskol\u00e1t. Fiatalon a ref. egyh\u00e1z k\u00f6lcs\u00f6nk\u00f6nyvt\u00e1rosa a segesv\u00e1ri M. H\u00e1zban, annak feld\u00fal\u00e1s\u00e1ig, a k\u00f6nyvt\u00e1r megsemmis\u00edt\u00e9s\u00e9ig (1940). Katona egy besszr\u00e1biai b\u0171ntet\u0151 z\u00e1szl\u00f3aljban. Az MNSZ f\u00fcggetlen\u00edtett dolgoz\u00f3ja (1949\u201353); a buk.-i El\u0151re bels\u0151 munkat\u00e1rsa (1953\u201357). A Segesv\u00e1ri Kisipari Sz\u00f6vetkezet b\u00fatorgy\u00e1r\u00e1nak alkalmazottja (1957\u201383), k\u00e9nyszer\u0171 hallgat\u00e1sra volt \u00edt\u00e9lve (1957\u201390). Miut\u00e1n befejezte a labdar\u00fag\u00e1st, a futballb\u00edr\u00f3i test\u00fclet eln\u00f6ke (15 \u00e9vig). A mv.-i N\u00e9p\u00fajs\u00e1g segesv\u00e1ri tud\u00f3s\u00edt\u00f3ja (1990\u2013). Riportjai az El\u0151re, Ifj\u00famunk\u00e1s, Pion\u00edr, Falvak Dolgoz\u00f3 N\u00e9pe, V\u00f6r\u00f6s Z\u00e1szl\u00f3, A H\u00e9t has\u00e1bjain jelentek meg, K\u00f6z\u00f6lte visszaeml\u00e9kez\u00e9seit az Antonescu korszakra : D\u00e9l-Erd\u00e9lyben rekedt\u00fcnk c., szerkesztett segesv\u00e1ri turista kalauzt, foglalkozott a segesv\u00e1ri magyars\u00e1g t\u00f6rt\u00e9net\u00e9vel, amely munk\u00e1j\u00e1t tragikus hal\u00e1la miatt nem fejezte be. A Pet\u0151fi S\u00e1ndor M\u0171vel\u0151d\u00e9si Egyes\u00fclet, \u2013 amelyik Feh\u00e9regyh\u00e1z\u00e1n l\u00e9tes\u00fclt, egyik alap\u00edt\u00f3 tagja (1991- ); az RMDSZ \u00fcgyvezet\u0151 titk\u00e1ra Segesv\u00e1rt.. A feh\u00e9regyh\u00e1zi Pet\u0151fi-kutat\u00e1sokr\u00f3l sz\u00f3l\u00f3 besz\u00e1mol\u00f3j\u00e1t az El\u0151re, Szemtan\u00fa voltam c \u00edr\u00e1s\u00e1t a Pet\u0151fi S\u00e1ndor M\u0171vel\u0151d\u00e9si Egyes\u00fclet 1. f\u00fczete k\u00f6z\u00f6lte (1991). <br \/><strong>Irod.:<\/strong> Kr\u00f3nik\u00e1sk\u00f6sz\u00f6nt\u0151 (N\u00fa., 1998. \u00e1pr. 21.); <br \/><strong>Irod.:<\/strong> [Nekrol\u00f3g] (N\u00fa., 1999. jan. 5.\u00a0; jan. 6.); RMIL; RMKK<\/br><\/p>\n","protected":false},"excerpt":{"rendered":"<p>Sz\u00e9kelykereszt\u00far, 1923. \u00e1pr. 20., \u2020 Segesv\u00e1r, 1999. jan. 4.: \u00fajs\u00e1g\u00edr\u00f3, sportol\u00f3, helyt\u00f6rt\u00e9n\u00e9sz. \u2013 Feles\u00e9ge: M. M\u00e1ria (\u2020 1996. jan. 16.), akivel k\u00f6z\u00f6s baleset\u00fck volt Mv.-en ez okozta hal\u00e1lukat. Segesv\u00e1rt v\u00e9gezte a faipari mesterk\u00e9pz\u0151 iskol\u00e1t. Fiatalon a ref. egyh\u00e1z k\u00f6lcs\u00f6nk\u00f6nyvt\u00e1rosa a segesv\u00e1ri M. H\u00e1zban, annak feld\u00fal\u00e1s\u00e1ig, a k\u00f6nyvt\u00e1r megsemmis\u00edt\u00e9s\u00e9ig (1940). Katona egy besszr\u00e1biai b\u0171ntet\u0151 z\u00e1szl\u00f3aljban. Az [&hellip;]<\/p>\n","protected":false},"featured_media":0,"comment_status":"open","ping_status":"closed","template":"","meta":[],"product_brand":[],"product_cat":[137],"product_tag":[],"class_list":{"0":"post-14905","1":"product","2":"type-product","3":"status-publish","5":"product_cat-maros-megyei-eletrajzi-lexikon","7":"first","8":"instock","9":"shipping-taxable","10":"product-type-simple"},"_links":{"self":[{"href":"https:\/\/uj.adatbank.ro\/lexikon\/wp-json\/wp\/v2\/product\/14905","targetHints":{"allow":["GET"]}}],"collection":[{"href":"https:\/\/uj.adatbank.ro\/lexikon\/wp-json\/wp\/v2\/product"}],"about":[{"href":"https:\/\/uj.adatbank.ro\/lexikon\/wp-json\/wp\/v2\/types\/product"}],"replies":[{"embeddable":true,"href":"https:\/\/uj.adatbank.ro\/lexikon\/wp-json\/wp\/v2\/comments?post=14905"}],"wp:attachment":[{"href":"https:\/\/uj.adatbank.ro\/lexikon\/wp-json\/wp\/v2\/media?parent=14905"}],"wp:term":[{"taxonomy":"product_brand","embeddable":true,"href":"https:\/\/uj.adatbank.ro\/lexikon\/wp-json\/wp\/v2\/product_brand?post=14905"},{"taxonomy":"product_cat","embeddable":true,"href":"https:\/\/uj.adatbank.ro\/lexikon\/wp-json\/wp\/v2\/product_cat?post=14905"},{"taxonomy":"product_tag","embeddable":true,"href":"https:\/\/uj.adatbank.ro\/lexikon\/wp-json\/wp\/v2\/product_tag?post=14905"}],"curies":[{"name":"wp","href":"https:\/\/api.w.org\/{rel}","templated":true}]}}