{"id":14906,"date":"2025-07-15T13:17:37","date_gmt":"2025-07-15T11:17:37","guid":{"rendered":"https:\/\/uj.adatbank.ro\/lexikon\/termek\/mathe-andras-2\/"},"modified":"2025-07-15T13:17:37","modified_gmt":"2025-07-15T11:17:37","slug":"mathe-andras-2","status":"publish","type":"product","link":"https:\/\/uj.adatbank.ro\/lexikon\/termek\/mathe-andras-2\/","title":{"rendered":"M\u00c1TH\u00c9 Andr\u00e1s"},"content":{"rendered":"<p>Mv., 1932. szept. 6., \u2020 Baja, 2020.dec.23. temet\u00e9se Mv., 2021.aug.6.: tan\u00e1r, \u00fajs\u00e1g\u00edr\u00f3, amat\u0151r fest\u0151m\u0171v\u00e9sz. \u2013 A Bolyai TE biol\u00f3gia szak\u00e1n v\u00e9gzett Kv.-on (1955). A mv.-i V\u00f6r\u00f6s Z\u00e1szl\u00f3 napilap gazdas\u00e1gi \u00e9s tudom\u00e1nyos rovat\u00e1nak vezet\u0151je (1955\u201358), a mv.-i R\u00e1di\u00f3 alap\u00edt\u00f3 tagja \u00e9s szerkeszt\u0151je (1958\u201359), a Maros Megyei Tartom\u00e1nyi K\u00f6nyvt\u00e1r munkat\u00e1rsa (1960\u201364), Marosszentkir\u00e1lyon tan\u00edtott (1964-nyugd\u00edjaz\u00e1s\u00e1ig). Az orvosok \u00e9s biol\u00f3gusok orsz\u00e1gos amat\u0151r feszt\u0151ki\u00e1ll\u00edt\u00e1sain akvarellekkel szerepelt (1979\u201392). <br \/><strong>Irod.:<\/strong> EMKK 2000; Opri\u015f 2018<\/br><\/p>\n","protected":false},"excerpt":{"rendered":"<p>Mv., 1932. szept. 6., \u2020 Baja, 2020.dec.23. temet\u00e9se Mv., 2021.aug.6.: tan\u00e1r, \u00fajs\u00e1g\u00edr\u00f3, amat\u0151r fest\u0151m\u0171v\u00e9sz. \u2013 A Bolyai TE biol\u00f3gia szak\u00e1n v\u00e9gzett Kv.-on (1955). A mv.-i V\u00f6r\u00f6s Z\u00e1szl\u00f3 napilap gazdas\u00e1gi \u00e9s tudom\u00e1nyos rovat\u00e1nak vezet\u0151je (1955\u201358), a mv.-i R\u00e1di\u00f3 alap\u00edt\u00f3 tagja \u00e9s szerkeszt\u0151je (1958\u201359), a Maros Megyei Tartom\u00e1nyi K\u00f6nyvt\u00e1r munkat\u00e1rsa (1960\u201364), Marosszentkir\u00e1lyon tan\u00edtott (1964-nyugd\u00edjaz\u00e1s\u00e1ig). Az orvosok \u00e9s [&hellip;]<\/p>\n","protected":false},"featured_media":0,"comment_status":"open","ping_status":"closed","template":"","meta":[],"product_brand":[],"product_cat":[137],"product_tag":[],"class_list":{"0":"post-14906","1":"product","2":"type-product","3":"status-publish","5":"product_cat-maros-megyei-eletrajzi-lexikon","7":"first","8":"instock","9":"shipping-taxable","10":"product-type-simple"},"_links":{"self":[{"href":"https:\/\/uj.adatbank.ro\/lexikon\/wp-json\/wp\/v2\/product\/14906","targetHints":{"allow":["GET"]}}],"collection":[{"href":"https:\/\/uj.adatbank.ro\/lexikon\/wp-json\/wp\/v2\/product"}],"about":[{"href":"https:\/\/uj.adatbank.ro\/lexikon\/wp-json\/wp\/v2\/types\/product"}],"replies":[{"embeddable":true,"href":"https:\/\/uj.adatbank.ro\/lexikon\/wp-json\/wp\/v2\/comments?post=14906"}],"wp:attachment":[{"href":"https:\/\/uj.adatbank.ro\/lexikon\/wp-json\/wp\/v2\/media?parent=14906"}],"wp:term":[{"taxonomy":"product_brand","embeddable":true,"href":"https:\/\/uj.adatbank.ro\/lexikon\/wp-json\/wp\/v2\/product_brand?post=14906"},{"taxonomy":"product_cat","embeddable":true,"href":"https:\/\/uj.adatbank.ro\/lexikon\/wp-json\/wp\/v2\/product_cat?post=14906"},{"taxonomy":"product_tag","embeddable":true,"href":"https:\/\/uj.adatbank.ro\/lexikon\/wp-json\/wp\/v2\/product_tag?post=14906"}],"curies":[{"name":"wp","href":"https:\/\/api.w.org\/{rel}","templated":true}]}}