{"id":14907,"date":"2025-07-15T13:17:38","date_gmt":"2025-07-15T11:17:38","guid":{"rendered":"https:\/\/uj.adatbank.ro\/lexikon\/termek\/mathe-attila\/"},"modified":"2025-07-15T13:17:38","modified_gmt":"2025-07-15T11:17:38","slug":"mathe-attila","status":"publish","type":"product","link":"https:\/\/uj.adatbank.ro\/lexikon\/termek\/mathe-attila\/","title":{"rendered":"M\u00c1TH\u00c9 Attila"},"content":{"rendered":"<p>? \u2020 ?: szerkeszt\u0151. \u2013 Nagy-K\u00fck\u00fcll\u0151 c k\u00f6z\u00e9leti lap munkat\u00e1rsa (1994\u201397). A segesv\u00e1ri Pet\u0151fi S\u00e1ndor M\u0171vel\u0151d\u00e9si Egyes\u00fclet titk\u00e1ra (1990\u2013), szerkeszt\u00e9s\u00e9ben Feh\u00e9regyh\u00e1zi Eml\u00e9keztet\u0151 c. dokumentum s\u00falypont\u00fa id\u0151szaki kiadv\u00e1nyt jelentetett meg. Feh\u00e9regyh\u00e1za t\u00f6rt\u00e9nete gazdagon illusztr\u00e1lt k\u00f6tete amelyben t\u00e1g teret szentelt Pet\u0151fi feh\u00e9regyh\u00e1zi tartozkod\u00e1s\u00e1nak \u00e9s a helyi Pet\u0151fi \u00fcnneps\u00e9gek t\u00f6rt\u00e9net\u00e9nek. <br \/><strong>Irod.:<\/strong> RMIL Segesv\u00e1r.<\/br><\/p>\n","protected":false},"excerpt":{"rendered":"<p>? \u2020 ?: szerkeszt\u0151. \u2013 Nagy-K\u00fck\u00fcll\u0151 c k\u00f6z\u00e9leti lap munkat\u00e1rsa (1994\u201397). A segesv\u00e1ri Pet\u0151fi S\u00e1ndor M\u0171vel\u0151d\u00e9si Egyes\u00fclet titk\u00e1ra (1990\u2013), szerkeszt\u00e9s\u00e9ben Feh\u00e9regyh\u00e1zi Eml\u00e9keztet\u0151 c. dokumentum s\u00falypont\u00fa id\u0151szaki kiadv\u00e1nyt jelentetett meg. Feh\u00e9regyh\u00e1za t\u00f6rt\u00e9nete gazdagon illusztr\u00e1lt k\u00f6tete amelyben t\u00e1g teret szentelt Pet\u0151fi feh\u00e9regyh\u00e1zi tartozkod\u00e1s\u00e1nak \u00e9s a helyi Pet\u0151fi \u00fcnneps\u00e9gek t\u00f6rt\u00e9net\u00e9nek. Irod.: RMIL Segesv\u00e1r.<\/p>\n","protected":false},"featured_media":0,"comment_status":"open","ping_status":"closed","template":"","meta":[],"product_brand":[],"product_cat":[137],"product_tag":[],"class_list":{"0":"post-14907","1":"product","2":"type-product","3":"status-publish","5":"product_cat-maros-megyei-eletrajzi-lexikon","7":"first","8":"instock","9":"shipping-taxable","10":"product-type-simple"},"_links":{"self":[{"href":"https:\/\/uj.adatbank.ro\/lexikon\/wp-json\/wp\/v2\/product\/14907","targetHints":{"allow":["GET"]}}],"collection":[{"href":"https:\/\/uj.adatbank.ro\/lexikon\/wp-json\/wp\/v2\/product"}],"about":[{"href":"https:\/\/uj.adatbank.ro\/lexikon\/wp-json\/wp\/v2\/types\/product"}],"replies":[{"embeddable":true,"href":"https:\/\/uj.adatbank.ro\/lexikon\/wp-json\/wp\/v2\/comments?post=14907"}],"wp:attachment":[{"href":"https:\/\/uj.adatbank.ro\/lexikon\/wp-json\/wp\/v2\/media?parent=14907"}],"wp:term":[{"taxonomy":"product_brand","embeddable":true,"href":"https:\/\/uj.adatbank.ro\/lexikon\/wp-json\/wp\/v2\/product_brand?post=14907"},{"taxonomy":"product_cat","embeddable":true,"href":"https:\/\/uj.adatbank.ro\/lexikon\/wp-json\/wp\/v2\/product_cat?post=14907"},{"taxonomy":"product_tag","embeddable":true,"href":"https:\/\/uj.adatbank.ro\/lexikon\/wp-json\/wp\/v2\/product_tag?post=14907"}],"curies":[{"name":"wp","href":"https:\/\/api.w.org\/{rel}","templated":true}]}}