{"id":14910,"date":"2025-07-15T13:17:44","date_gmt":"2025-07-15T11:17:44","guid":{"rendered":"https:\/\/uj.adatbank.ro\/lexikon\/termek\/mathe-daniel\/"},"modified":"2025-07-15T13:17:44","modified_gmt":"2025-07-15T11:17:44","slug":"mathe-daniel","status":"publish","type":"product","link":"https:\/\/uj.adatbank.ro\/lexikon\/termek\/mathe-daniel\/","title":{"rendered":"M\u00c1TH\u00c9 D\u00e1niel"},"content":{"rendered":"<p>Vice, 1939. m\u00e1rc. 19., \u2020 Mv., 2003. nov. 26., tan\u00e1r. \u2013 Kv.-on \u00e9retts\u00e9gizett (1957), majd a BTE orosz-m. szak\u00e1n v\u00e9gzett (1963). A sz\u00e9kesi iskol\u00e1ban tan\u00edtott (1963\u201376), ahol igazgat\u00f3 is volt (1970\u201372). Ezut\u00e1n nyugd\u00edjaz\u00e1s\u00e1ig Sz\u00e9kelyk\u00e1lban tan\u00edtott, ahol v\u00e9gs\u0151 nyugalomra is helyezt\u00e9k. <br \/><strong>Irod.:<\/strong> [Nekrol\u00f3g] (N\u00fa., 2003. nov. 28.); Nemes S\u00e1ndor: A sz\u00e9kesi iskola 1948\u20131976 k\u00f6z\u00f6tt  =  Eml\u00e9kk. Szab\u00f3 Mikl\u00f3s; Sz\u00e9kes<\/br><\/p>\n","protected":false},"excerpt":{"rendered":"<p>Vice, 1939. m\u00e1rc. 19., \u2020 Mv., 2003. nov. 26., tan\u00e1r. \u2013 Kv.-on \u00e9retts\u00e9gizett (1957), majd a BTE orosz-m. szak\u00e1n v\u00e9gzett (1963). A sz\u00e9kesi iskol\u00e1ban tan\u00edtott (1963\u201376), ahol igazgat\u00f3 is volt (1970\u201372). Ezut\u00e1n nyugd\u00edjaz\u00e1s\u00e1ig Sz\u00e9kelyk\u00e1lban tan\u00edtott, ahol v\u00e9gs\u0151 nyugalomra is helyezt\u00e9k. Irod.: [Nekrol\u00f3g] (N\u00fa., 2003. nov. 28.); Nemes S\u00e1ndor: A sz\u00e9kesi iskola 1948\u20131976 k\u00f6z\u00f6tt = Eml\u00e9kk. [&hellip;]<\/p>\n","protected":false},"featured_media":0,"comment_status":"open","ping_status":"closed","template":"","meta":[],"product_brand":[],"product_cat":[137],"product_tag":[],"class_list":{"0":"post-14910","1":"product","2":"type-product","3":"status-publish","5":"product_cat-maros-megyei-eletrajzi-lexikon","7":"first","8":"instock","9":"shipping-taxable","10":"product-type-simple"},"_links":{"self":[{"href":"https:\/\/uj.adatbank.ro\/lexikon\/wp-json\/wp\/v2\/product\/14910","targetHints":{"allow":["GET"]}}],"collection":[{"href":"https:\/\/uj.adatbank.ro\/lexikon\/wp-json\/wp\/v2\/product"}],"about":[{"href":"https:\/\/uj.adatbank.ro\/lexikon\/wp-json\/wp\/v2\/types\/product"}],"replies":[{"embeddable":true,"href":"https:\/\/uj.adatbank.ro\/lexikon\/wp-json\/wp\/v2\/comments?post=14910"}],"wp:attachment":[{"href":"https:\/\/uj.adatbank.ro\/lexikon\/wp-json\/wp\/v2\/media?parent=14910"}],"wp:term":[{"taxonomy":"product_brand","embeddable":true,"href":"https:\/\/uj.adatbank.ro\/lexikon\/wp-json\/wp\/v2\/product_brand?post=14910"},{"taxonomy":"product_cat","embeddable":true,"href":"https:\/\/uj.adatbank.ro\/lexikon\/wp-json\/wp\/v2\/product_cat?post=14910"},{"taxonomy":"product_tag","embeddable":true,"href":"https:\/\/uj.adatbank.ro\/lexikon\/wp-json\/wp\/v2\/product_tag?post=14910"}],"curies":[{"name":"wp","href":"https:\/\/api.w.org\/{rel}","templated":true}]}}