{"id":14911,"date":"2025-07-15T13:17:46","date_gmt":"2025-07-15T11:17:46","guid":{"rendered":"https:\/\/uj.adatbank.ro\/lexikon\/termek\/mathe-denes-bikfalvai\/"},"modified":"2025-07-15T13:17:46","modified_gmt":"2025-07-15T11:17:46","slug":"mathe-denes-bikfalvai","status":"publish","type":"product","link":"https:\/\/uj.adatbank.ro\/lexikon\/termek\/mathe-denes-bikfalvai\/","title":{"rendered":"M\u00c1TH\u00c9 D\u00e9nes, bikfalvai"},"content":{"rendered":"<p>Vajdaszentiv\u00e1ny, 1844. j\u00fal. 10., \u2020 Kv., 1883. szept. 13.: fogorvos, sz\u00e1jseb\u00e9sz. \u2013 Apja f\u00f6ldbirtokos. M. Domokos fogorvos testv\u00e9re. Feles\u00e9ge Czetz M\u00e1ria. \u2013 Sz\u00e9kelyudvarhelyen \u00e9retts\u00e9gizett (1867), tanulm\u00e1nyait a b\u00e9csi m\u0171szaki egyetemen M\u00e9rn\u00f6ki Kar\u00e1n (1867\u2013) kezdte, majd v\u00e1ltott B\u00e9csben fogtechnikus seg\u00e9dmunk\u00e1s (1868), k\u00e9s\u0151bb felszabadult fogtechnikus seg\u00e9d (\u20131870), \u00e9s \u00e1tiratkozott az egyetem Orvosi Fakult\u00e1s\u00e1ra (1869. jan. 1.\u201372). Hazat\u00e9rt \u00e9s a pesti egyetemen folytatotta tanulm\u00e1nyait (1872\u201374) orvosdoktorr\u00e1 avatt\u00e1k (1875. okt. 16.) \u00e9s a b\u00e9csi fogtechnikusi gyakorlat ut\u00e1n Bp.-en fog\u00e1szmesteri oklevelet nyert (1875. nov. 8.). D\u00e9sen volt fogorvos (1876\u2013), majd Kv.-on (1877\u2013). Utaz\u00f3 fogorvosk\u00e9nt \u00e9vente k\u00e9tszer t\u00f6bb erd\u00e9lyi v\u00e1rost is felkeresett, k\u00f6zt\u00fck Mv.-et, itt Bern\u00e1dy D\u00e1niel gy\u00f3gyzer\u00e9sz sogor\u00e1n\u00e1l sz\u00e1llt meg rendszeresen. <br \/><strong>Irod.:<\/strong> Bern\u00e1dy; H\u00f6gyes; P\u00e9ter Mih\u00e1ly 2006, Szab\u00f3-Simon: Sz\u00f6gi<\/br><\/p>\n","protected":false},"excerpt":{"rendered":"<p>Vajdaszentiv\u00e1ny, 1844. j\u00fal. 10., \u2020 Kv., 1883. szept. 13.: fogorvos, sz\u00e1jseb\u00e9sz. \u2013 Apja f\u00f6ldbirtokos. M. Domokos fogorvos testv\u00e9re. Feles\u00e9ge Czetz M\u00e1ria. \u2013 Sz\u00e9kelyudvarhelyen \u00e9retts\u00e9gizett (1867), tanulm\u00e1nyait a b\u00e9csi m\u0171szaki egyetemen M\u00e9rn\u00f6ki Kar\u00e1n (1867\u2013) kezdte, majd v\u00e1ltott B\u00e9csben fogtechnikus seg\u00e9dmunk\u00e1s (1868), k\u00e9s\u0151bb felszabadult fogtechnikus seg\u00e9d (\u20131870), \u00e9s \u00e1tiratkozott az egyetem Orvosi Fakult\u00e1s\u00e1ra (1869. jan. 1.\u201372). Hazat\u00e9rt [&hellip;]<\/p>\n","protected":false},"featured_media":0,"comment_status":"open","ping_status":"closed","template":"","meta":[],"product_brand":[],"product_cat":[137],"product_tag":[],"class_list":{"0":"post-14911","1":"product","2":"type-product","3":"status-publish","5":"product_cat-maros-megyei-eletrajzi-lexikon","7":"first","8":"instock","9":"shipping-taxable","10":"product-type-simple"},"_links":{"self":[{"href":"https:\/\/uj.adatbank.ro\/lexikon\/wp-json\/wp\/v2\/product\/14911","targetHints":{"allow":["GET"]}}],"collection":[{"href":"https:\/\/uj.adatbank.ro\/lexikon\/wp-json\/wp\/v2\/product"}],"about":[{"href":"https:\/\/uj.adatbank.ro\/lexikon\/wp-json\/wp\/v2\/types\/product"}],"replies":[{"embeddable":true,"href":"https:\/\/uj.adatbank.ro\/lexikon\/wp-json\/wp\/v2\/comments?post=14911"}],"wp:attachment":[{"href":"https:\/\/uj.adatbank.ro\/lexikon\/wp-json\/wp\/v2\/media?parent=14911"}],"wp:term":[{"taxonomy":"product_brand","embeddable":true,"href":"https:\/\/uj.adatbank.ro\/lexikon\/wp-json\/wp\/v2\/product_brand?post=14911"},{"taxonomy":"product_cat","embeddable":true,"href":"https:\/\/uj.adatbank.ro\/lexikon\/wp-json\/wp\/v2\/product_cat?post=14911"},{"taxonomy":"product_tag","embeddable":true,"href":"https:\/\/uj.adatbank.ro\/lexikon\/wp-json\/wp\/v2\/product_tag?post=14911"}],"curies":[{"name":"wp","href":"https:\/\/api.w.org\/{rel}","templated":true}]}}