{"id":15715,"date":"2025-07-15T13:44:42","date_gmt":"2025-07-15T11:44:42","guid":{"rendered":"https:\/\/uj.adatbank.ro\/lexikon\/termek\/molnar-sandor\/"},"modified":"2025-07-15T13:44:42","modified_gmt":"2025-07-15T11:44:42","slug":"molnar-sandor","status":"publish","type":"product","link":"https:\/\/uj.adatbank.ro\/lexikon\/termek\/molnar-sandor\/","title":{"rendered":"MOLN\u00c1R S\u00e1ndor"},"content":{"rendered":"<p>\u00c1d\u00e1mos., \u2020 1955.j\u00fal.: b\u00edr\u00f3. \u2013 B\u00edr\u00f3 a legfels\u0151bb b\u00edr\u00f3s\u00e1gn\u00e1l.\u2013 Egyh\u00e1zi \u00f6sszej\u00f6veteleken t\u00f6bbsz\u00f6r tartott el\u0151ad\u00e1st. <br \/><strong>Irod.:<\/strong> Kelemen<\/br><\/p>\n","protected":false},"excerpt":{"rendered":"<p>\u00c1d\u00e1mos., \u2020 1955.j\u00fal.: b\u00edr\u00f3. \u2013 B\u00edr\u00f3 a legfels\u0151bb b\u00edr\u00f3s\u00e1gn\u00e1l.\u2013 Egyh\u00e1zi \u00f6sszej\u00f6veteleken t\u00f6bbsz\u00f6r tartott el\u0151ad\u00e1st. Irod.: Kelemen<\/p>\n","protected":false},"featured_media":0,"comment_status":"open","ping_status":"closed","template":"","meta":[],"product_brand":[],"product_cat":[137],"product_tag":[],"class_list":{"0":"post-15715","1":"product","2":"type-product","3":"status-publish","5":"product_cat-maros-megyei-eletrajzi-lexikon","7":"first","8":"instock","9":"shipping-taxable","10":"product-type-simple"},"_links":{"self":[{"href":"https:\/\/uj.adatbank.ro\/lexikon\/wp-json\/wp\/v2\/product\/15715","targetHints":{"allow":["GET"]}}],"collection":[{"href":"https:\/\/uj.adatbank.ro\/lexikon\/wp-json\/wp\/v2\/product"}],"about":[{"href":"https:\/\/uj.adatbank.ro\/lexikon\/wp-json\/wp\/v2\/types\/product"}],"replies":[{"embeddable":true,"href":"https:\/\/uj.adatbank.ro\/lexikon\/wp-json\/wp\/v2\/comments?post=15715"}],"wp:attachment":[{"href":"https:\/\/uj.adatbank.ro\/lexikon\/wp-json\/wp\/v2\/media?parent=15715"}],"wp:term":[{"taxonomy":"product_brand","embeddable":true,"href":"https:\/\/uj.adatbank.ro\/lexikon\/wp-json\/wp\/v2\/product_brand?post=15715"},{"taxonomy":"product_cat","embeddable":true,"href":"https:\/\/uj.adatbank.ro\/lexikon\/wp-json\/wp\/v2\/product_cat?post=15715"},{"taxonomy":"product_tag","embeddable":true,"href":"https:\/\/uj.adatbank.ro\/lexikon\/wp-json\/wp\/v2\/product_tag?post=15715"}],"curies":[{"name":"wp","href":"https:\/\/api.w.org\/{rel}","templated":true}]}}