{"id":15716,"date":"2025-07-15T13:44:44","date_gmt":"2025-07-15T11:44:44","guid":{"rendered":"https:\/\/uj.adatbank.ro\/lexikon\/termek\/molnar-vilmos\/"},"modified":"2025-07-15T13:44:44","modified_gmt":"2025-07-15T11:44:44","slug":"molnar-vilmos","status":"publish","type":"product","link":"https:\/\/uj.adatbank.ro\/lexikon\/termek\/molnar-vilmos\/","title":{"rendered":"MOLN\u00c1R Vilmos"},"content":{"rendered":"<p>1883., \u2020 ? 1942. j\u00fan. 22. : keresked\u0151. \u2013 Testv\u00e9re Emil, keresked\u0151k Mv.-en ( 20. sz els\u0151 fele). \u0150k \u00e9p\u00edttett\u00e9k Mv.-en a (R\u00f3zs\u00e1k tere 16.sz.) az a k\u00e9temeletes h\u00e1zat (1937), amelynek a terveit Rad\u00f3 S\u00e1ndor k\u00e9sz\u00edtette \u00e9s Partovits K\u00e1lm\u00e1n v\u00e1llalkoz\u00f3 kivitelezte. A h\u00e1z f\u00f6ldszinzj\u00e9n 17 kereskedelmi egys\u00e9g kapott helyet (1937). Feles\u00e9g\u00e9t (1888\u2013) Mv.-r\u0151l deport\u00e1lt\u00e1k (1944. m\u00e1j. 29.). <br \/><strong>Irod.:<\/strong> Man 3.; Mv. zsid\u00f3s\u00e1ga; Mv.-i zsid\u00f3 temet\u0151 dok.<\/br><\/p>\n","protected":false},"excerpt":{"rendered":"<p>1883., \u2020 ? 1942. j\u00fan. 22. : keresked\u0151. \u2013 Testv\u00e9re Emil, keresked\u0151k Mv.-en ( 20. sz els\u0151 fele). \u0150k \u00e9p\u00edttett\u00e9k Mv.-en a (R\u00f3zs\u00e1k tere 16.sz.) az a k\u00e9temeletes h\u00e1zat (1937), amelynek a terveit Rad\u00f3 S\u00e1ndor k\u00e9sz\u00edtette \u00e9s Partovits K\u00e1lm\u00e1n v\u00e1llalkoz\u00f3 kivitelezte. A h\u00e1z f\u00f6ldszinzj\u00e9n 17 kereskedelmi egys\u00e9g kapott helyet (1937). Feles\u00e9g\u00e9t (1888\u2013) Mv.-r\u0151l deport\u00e1lt\u00e1k (1944. [&hellip;]<\/p>\n","protected":false},"featured_media":0,"comment_status":"open","ping_status":"closed","template":"","meta":[],"product_brand":[],"product_cat":[137],"product_tag":[],"class_list":{"0":"post-15716","1":"product","2":"type-product","3":"status-publish","5":"product_cat-maros-megyei-eletrajzi-lexikon","7":"first","8":"instock","9":"shipping-taxable","10":"product-type-simple"},"_links":{"self":[{"href":"https:\/\/uj.adatbank.ro\/lexikon\/wp-json\/wp\/v2\/product\/15716","targetHints":{"allow":["GET"]}}],"collection":[{"href":"https:\/\/uj.adatbank.ro\/lexikon\/wp-json\/wp\/v2\/product"}],"about":[{"href":"https:\/\/uj.adatbank.ro\/lexikon\/wp-json\/wp\/v2\/types\/product"}],"replies":[{"embeddable":true,"href":"https:\/\/uj.adatbank.ro\/lexikon\/wp-json\/wp\/v2\/comments?post=15716"}],"wp:attachment":[{"href":"https:\/\/uj.adatbank.ro\/lexikon\/wp-json\/wp\/v2\/media?parent=15716"}],"wp:term":[{"taxonomy":"product_brand","embeddable":true,"href":"https:\/\/uj.adatbank.ro\/lexikon\/wp-json\/wp\/v2\/product_brand?post=15716"},{"taxonomy":"product_cat","embeddable":true,"href":"https:\/\/uj.adatbank.ro\/lexikon\/wp-json\/wp\/v2\/product_cat?post=15716"},{"taxonomy":"product_tag","embeddable":true,"href":"https:\/\/uj.adatbank.ro\/lexikon\/wp-json\/wp\/v2\/product_tag?post=15716"}],"curies":[{"name":"wp","href":"https:\/\/api.w.org\/{rel}","templated":true}]}}