{"id":15721,"date":"2025-07-15T13:44:55","date_gmt":"2025-07-15T11:44:55","guid":{"rendered":"https:\/\/uj.adatbank.ro\/lexikon\/termek\/molnar-zsigmond-alsocsernatoni-alnevei-csernatoni-csernatoni-m-csernatoni-m-zsigmond\/"},"modified":"2025-07-15T13:44:55","modified_gmt":"2025-07-15T11:44:55","slug":"molnar-zsigmond-alsocsernatoni-alnevei-csernatoni-csernatoni-m-csernatoni-m-zsigmond","status":"publish","type":"product","link":"https:\/\/uj.adatbank.ro\/lexikon\/termek\/molnar-zsigmond-alsocsernatoni-alnevei-csernatoni-csernatoni-m-csernatoni-m-zsigmond\/","title":{"rendered":"MOLN\u00c1R Zsigmond, als\u00f3csern\u00e1toni; \u00c1lnevei: Csern\u00e1toni, Csern\u00e1toni M., Csern\u00e1toni M. Zsigmond"},"content":{"rendered":"<p>Mv., 1826. j\u00fan. 15., 1827., \u2020 Mv., 1899. j\u00fan. 9.: jog\u00e1sz, \u00fcgyv\u00e9d. \u2013 M. S\u00e1muel ev. ref. teologiai tan\u00e1r \u00e9s Antal Borb\u00e1la fia. Feles\u00e9ge: Incze Roz\u00e1lia (1836 \u2013 Mv., 1887. febr. 28.). Gyermek\u00fck: Gizella, Geiza (1860-Mv., 1877. febr. 26.). \u2013 Apj\u00e1t alig hat \u00e9ves korban elvesztette, anyai nagyapja gondoskodott neveltet\u00e9s\u00e9r\u0151l, ez Nagyenyedre, rendes p\u00fcsp\u00f6ki sz\u00e9khely\u00e9re k\u00f6lt\u00f6z\u00f6tt (1836\u2013), M. az ottani ev. ref. kollegiumban folytatta Mv.-en megkezdett tanul\u00e1s\u00e1t; Mv. v\u00e9gezte jogi tanul\u00adm\u00e1nyait (1847), a mv.-i kir. t\u00e1bl\u00e1\u00adn\u00e1l \u00edrnok (1847\u2013), a kv.-i ogy. feloszla\u00adt\u00e1sa ut\u00e1n Nagyenyedre t\u00e9rt vissza, r\u00e9szt vett a szabads\u00e1gharcban (1848\/49). Ezut\u00e1n az I. honv\u00e9d vad\u00e1szezred 2. sz\u00e1\u00adzad\u00e1ba l\u00e9pett, Nagyv\u00e1radra (1849. jan.), onn\u00e9t Debrecenbe ment; k\u00e9s\u0151bb a fels\u0151mo.-i hadtestben szolg\u00e1lt, az orosz sereg el\u0151tt tette le a fegyvert \u00e9s hadifogs\u00e1gba ker\u00fclt (1849.aug.18.), de onnan siker\u00fclt megsz\u00f6knie. Visszament Mv.-re, ahol megszerezte a b\u00edr\u00f3i, k\u00f6zigazgat\u00e1si \u00e9s \u00fcgyv\u00e9di k\u00e9pes\u00edt\u00e9st. Ezut\u00e1n k\u00fcl\u00f6nb\u00f6z\u0151 b\u00edr\u00f3s\u00e1gokn\u00e1l seg\u00e9db\u00edr\u00f3, tollnok, k\u00e9s\u0151bb k\u00f6zjegyz\u0151, t\u00f6rv\u00e9nysz\u00e9ki b\u00edr\u00f3 volt. Mv.-en \u00fcgyv\u00e9di gyakorlatot folytatott (1867\u2013), a Gecse-int.( 1869\u20131892) jogtan\u00e1csosa, p\u00e9nzt\u00e1rnoka, a helyi \u00fcgyv\u00e9di kamara v\u00e1lasztm\u00e1nyi tagja. Bar\u00e1tja volt Tolnai Lajosnak. A KZST egyik alap\u00edt\u00f3ja (Tolnai Lajossal, 1879. jan. 5.) \u00e9s rendes tagja lett. Mint 1848\u201349. honv\u00e9d-hadnagy a Marossz\u00e9k \u00e9s mv.-i Honv\u00e9degyletnek f\u0151jegyz\u0151je volt (1879\u2013). K\u00f6ltem\u00e9nyei \u00e9s cikkei a: Rem\u00e9ny, a Kolozsv\u00e1ri K\u00f6zl\u00f6ny, a Sz\u00e9kely K\u00f6zl\u00f6ny, a Sz\u00e1zadunk, a Sz\u00e9kely Hirlap, a Nemere (1879. A Kem\u00e9ny Zsigmond irodalmi t\u00e1rsas\u00e1g megalakul\u00e1s\u00e1r\u00f3l), a Marosvid\u00e9k (1877. 31. sz. ev. ref. anyaszentegyh\u00e1zunk egy eml\u00e9kezetes \u00fcnnep\u00e9lye. 1878. 10. A Gecse-int\u00e9zet \u00e9rdek\u00e9ben, 66., 67. sz. A mv.-i kir. t\u00e1bla \u00e1thelyez\u00e9s\u00e9nek k\u00e9rd\u00e9se, 1890. 7., 8. a mv.-i kir. t\u00e1bla s a Sz\u00e9kelyf\u00f6ld), az Erd\u00e9lyi \u00c9rtes\u00edt\u0151, az Erd\u00e9lyi Hirad\u00f3, a T\u00f6rv\u00e9nysz\u00e9ki Csarnok, a Figyel\u0151, a Jogtudom\u00e1nyi K\u00f6zl\u00f6nyn, a Sz\u00e9kely N\u00e9plap (1886. Egy lap Marosv\u00e1s\u00e1rhely multj\u00e1b\u00f3l), az Arad \u00e9s Vid\u00e9ke, az Alf\u00f6ldi Hirlap, a Marosv\u00e1s\u00e1rhely, a T\u00f6rt\u00e9nelmi Lapok, a Protest\u00e1ns K\u00f6zl\u00f6nyben (1895. Dr. Gecse D\u00e1niel \u00e9s emberszereteti int\u00e9zete). \u2013 F.m. : <strong>antol\u00f3g.:<\/strong> Bem-album (A Bem szobor bizottm\u00e1ny m\u0171k\u00f6d\u00e9se, Mv., 1884). <br \/><strong>Irod.:<\/strong> Eml\u00e9kk\u00f6nyv a K. M. Term\u00e9szettudom\u00e1nyi T\u00e1rsulat f\u00e9lsz\u00e1zados jubileum\u00e1n (Bp., 1892); F\u00fcl\u00f6p\u2013Ferencz; Gy\u00e1szjelent\u0151; Id\u0151t\u00e1r 2; Koncz; M\u00c9L; P\u00e1lmay J\u00f3zsef; Rugonfalvi Kiss; Szinnyei; \u00daM\u00c9L<\/br><\/p>\n","protected":false},"excerpt":{"rendered":"<p>Mv., 1826. j\u00fan. 15., 1827., \u2020 Mv., 1899. j\u00fan. 9.: jog\u00e1sz, \u00fcgyv\u00e9d. \u2013 M. S\u00e1muel ev. ref. teologiai tan\u00e1r \u00e9s Antal Borb\u00e1la fia. Feles\u00e9ge: Incze Roz\u00e1lia (1836 \u2013 Mv., 1887. febr. 28.). Gyermek\u00fck: Gizella, Geiza (1860-Mv., 1877. febr. 26.). \u2013 Apj\u00e1t alig hat \u00e9ves korban elvesztette, anyai nagyapja gondoskodott neveltet\u00e9s\u00e9r\u0151l, ez Nagyenyedre, rendes p\u00fcsp\u00f6ki sz\u00e9khely\u00e9re [&hellip;]<\/p>\n","protected":false},"featured_media":0,"comment_status":"open","ping_status":"closed","template":"","meta":[],"product_brand":[],"product_cat":[137],"product_tag":[],"class_list":{"0":"post-15721","1":"product","2":"type-product","3":"status-publish","5":"product_cat-maros-megyei-eletrajzi-lexikon","7":"first","8":"instock","9":"shipping-taxable","10":"product-type-simple"},"_links":{"self":[{"href":"https:\/\/uj.adatbank.ro\/lexikon\/wp-json\/wp\/v2\/product\/15721","targetHints":{"allow":["GET"]}}],"collection":[{"href":"https:\/\/uj.adatbank.ro\/lexikon\/wp-json\/wp\/v2\/product"}],"about":[{"href":"https:\/\/uj.adatbank.ro\/lexikon\/wp-json\/wp\/v2\/types\/product"}],"replies":[{"embeddable":true,"href":"https:\/\/uj.adatbank.ro\/lexikon\/wp-json\/wp\/v2\/comments?post=15721"}],"wp:attachment":[{"href":"https:\/\/uj.adatbank.ro\/lexikon\/wp-json\/wp\/v2\/media?parent=15721"}],"wp:term":[{"taxonomy":"product_brand","embeddable":true,"href":"https:\/\/uj.adatbank.ro\/lexikon\/wp-json\/wp\/v2\/product_brand?post=15721"},{"taxonomy":"product_cat","embeddable":true,"href":"https:\/\/uj.adatbank.ro\/lexikon\/wp-json\/wp\/v2\/product_cat?post=15721"},{"taxonomy":"product_tag","embeddable":true,"href":"https:\/\/uj.adatbank.ro\/lexikon\/wp-json\/wp\/v2\/product_tag?post=15721"}],"curies":[{"name":"wp","href":"https:\/\/api.w.org\/{rel}","templated":true}]}}