{"id":15723,"date":"2025-07-15T13:44:59","date_gmt":"2025-07-15T11:44:59","guid":{"rendered":"https:\/\/uj.adatbank.ro\/lexikon\/termek\/molnos-ernone-dr-sz-selmeczi-erzsebet-emilia\/"},"modified":"2025-07-15T13:44:59","modified_gmt":"2025-07-15T11:44:59","slug":"molnos-ernone-dr-sz-selmeczi-erzsebet-emilia","status":"publish","type":"product","link":"https:\/\/uj.adatbank.ro\/lexikon\/termek\/molnos-ernone-dr-sz-selmeczi-erzsebet-emilia\/","title":{"rendered":"MOLNOS Ern\u0151n\u00e9 dr., sz. SELMECZI ERZS\u00c9BET EMILIA"},"content":{"rendered":"<p>1914 + Mv., 2004 \u00e1pr.6, eltemetve Nagyv\u00e1radon.<\/br><\/p>\n","protected":false},"excerpt":{"rendered":"<p>1914 + Mv., 2004 \u00e1pr.6, eltemetve Nagyv\u00e1radon.<\/p>\n","protected":false},"featured_media":0,"comment_status":"open","ping_status":"closed","template":"","meta":[],"product_brand":[],"product_cat":[137],"product_tag":[],"class_list":{"0":"post-15723","1":"product","2":"type-product","3":"status-publish","5":"product_cat-maros-megyei-eletrajzi-lexikon","7":"first","8":"instock","9":"shipping-taxable","10":"product-type-simple"},"_links":{"self":[{"href":"https:\/\/uj.adatbank.ro\/lexikon\/wp-json\/wp\/v2\/product\/15723","targetHints":{"allow":["GET"]}}],"collection":[{"href":"https:\/\/uj.adatbank.ro\/lexikon\/wp-json\/wp\/v2\/product"}],"about":[{"href":"https:\/\/uj.adatbank.ro\/lexikon\/wp-json\/wp\/v2\/types\/product"}],"replies":[{"embeddable":true,"href":"https:\/\/uj.adatbank.ro\/lexikon\/wp-json\/wp\/v2\/comments?post=15723"}],"wp:attachment":[{"href":"https:\/\/uj.adatbank.ro\/lexikon\/wp-json\/wp\/v2\/media?parent=15723"}],"wp:term":[{"taxonomy":"product_brand","embeddable":true,"href":"https:\/\/uj.adatbank.ro\/lexikon\/wp-json\/wp\/v2\/product_brand?post=15723"},{"taxonomy":"product_cat","embeddable":true,"href":"https:\/\/uj.adatbank.ro\/lexikon\/wp-json\/wp\/v2\/product_cat?post=15723"},{"taxonomy":"product_tag","embeddable":true,"href":"https:\/\/uj.adatbank.ro\/lexikon\/wp-json\/wp\/v2\/product_tag?post=15723"}],"curies":[{"name":"wp","href":"https:\/\/api.w.org\/{rel}","templated":true}]}}