{"id":15726,"date":"2025-07-15T13:45:05","date_gmt":"2025-07-15T11:45:05","guid":{"rendered":"https:\/\/uj.adatbank.ro\/lexikon\/termek\/molter-karolyne-marosi-zsofia-%c2%a7\/"},"modified":"2025-07-15T13:45:05","modified_gmt":"2025-07-15T11:45:05","slug":"molter-karolyne-marosi-zsofia-%c2%a7","status":"publish","type":"product","link":"https:\/\/uj.adatbank.ro\/lexikon\/termek\/molter-karolyne-marosi-zsofia-%c2%a7\/","title":{"rendered":"MOLTER K\u00e1rolyn\u00e9, Marosi Zs\u00f3fia, \u00a7"},"content":{"rendered":"<p>Mv., 1898. m\u00e1j. 16., \u2020 Mv., 1991. \u00e1pr. 15.: M. K. feles\u00e9ge. \u2013 Marosi \u00d6d\u00f6n \u00e9s Wagner Zs\u00f3fia Hermina le\u00e1nya. A mv.-i Ref. Koll.-ban \u00e9retts\u00e9gizett. Feles\u00e9g\u00fcl ment volt tan\u00e1r\u00e1hoz \u00e9s oszt\u00e1lyf\u0151n\u00f6k\u00e9hez (1918. dec. 31.). H\u00e1rom fi\u00fak sz\u00fcletett:  P\u00e9ter (1920\u20131998), P\u00e1l (1925\u20131989), Barna (1931). Idej\u00e9t lek\u00f6t\u00f6tte a csal\u00e1d, a gazd\u00e1lkod\u00e1s, a gy\u00fcm\u00f6lcs\u00f6s \u00e9s a k\u00f6zszerepl\u00e9s: n\u0151sz\u00f6vets\u00e9g, Gyermekv\u00e9d\u0151 Liga, a n\u00e9pj\u00f3l\u00e9ti munka, hadifogolykeres\u0151-szolg\u00e1lat, a f\u00f6ldv\u00e1ri fogolyt\u00e1bor seg\u00e9lyez\u00e9se. Fiatal kor\u00e1ban a gyermekeinek elmondott t\u00f6rt\u00e9neteket, mes\u00e9ket k\u00f6z\u00f6lte a Cimbor\u00e1ban. H\u00e1zass\u00e1guk megk\u00f6t\u00e9s\u00e9t\u0151l gy\u0171jt\u00f6tte az \u00edr\u00f3 f\u00e9rje levelez\u00e9s\u00e9t, meg\u0151rz\u00f6tt minden k\u00e9ziratot, lapkiv\u00e1g\u00e1st, kritik\u00e1t, a t\u00e1viratokat, n\u00e9vjegyeket, gy\u00e1szjelent\u00e9seket. A csal\u00e1di Molter hagyat\u00e9kb\u00f3l kb. n\u00e9gyezer levelet adott \u00e1t a MTA lev\u00e9lt\u00e1r\u00e1nak. <br \/><strong>Irod.:<\/strong> Adamovits S\u00e1ndor: Szilveszteri n\u00e1sz (N\u00fa., 1996. dec. 31.); Adamovits S\u00e1ndor: Zs\u00f3fika n\u00e9ni (N\u00fa., M\u00fazsa, 356. sz., 1998. aug. 8.); Clujeni ai sec. 20; Helikoni nagyasszonyok (Gyergy\u00f3szentmikl\u00f3s, 2006); Marosi-Helikon; Marosi Ildik\u00f3: Molter levelesk\u00f6nyv (1996); MIIB; Molter 1\u20132.; [Nekrol\u00f3g] (N\u00fa., 1991. \u00e1pr. 17.); Zord Id\u0151 antol\u00f3gia; Zs\u00f3fika n\u00e9ni = Adamovits S\u00e1ndor: Helikoni nagyasszonyok (Gyergy\u00f3szentmikl\u00f3s, 2006); MIIB; [Nekrol\u00f3g] (V. Z., 1987. jan. 18.)<\/br><\/p>\n","protected":false},"excerpt":{"rendered":"<p>Mv., 1898. m\u00e1j. 16., \u2020 Mv., 1991. \u00e1pr. 15.: M. K. feles\u00e9ge. \u2013 Marosi \u00d6d\u00f6n \u00e9s Wagner Zs\u00f3fia Hermina le\u00e1nya. A mv.-i Ref. Koll.-ban \u00e9retts\u00e9gizett. Feles\u00e9g\u00fcl ment volt tan\u00e1r\u00e1hoz \u00e9s oszt\u00e1lyf\u0151n\u00f6k\u00e9hez (1918. dec. 31.). H\u00e1rom fi\u00fak sz\u00fcletett: P\u00e9ter (1920\u20131998), P\u00e1l (1925\u20131989), Barna (1931). Idej\u00e9t lek\u00f6t\u00f6tte a csal\u00e1d, a gazd\u00e1lkod\u00e1s, a gy\u00fcm\u00f6lcs\u00f6s \u00e9s a k\u00f6zszerepl\u00e9s: n\u0151sz\u00f6vets\u00e9g, [&hellip;]<\/p>\n","protected":false},"featured_media":0,"comment_status":"open","ping_status":"closed","template":"","meta":[],"product_brand":[],"product_cat":[137],"product_tag":[],"class_list":{"0":"post-15726","1":"product","2":"type-product","3":"status-publish","5":"product_cat-maros-megyei-eletrajzi-lexikon","7":"first","8":"instock","9":"shipping-taxable","10":"product-type-simple"},"_links":{"self":[{"href":"https:\/\/uj.adatbank.ro\/lexikon\/wp-json\/wp\/v2\/product\/15726","targetHints":{"allow":["GET"]}}],"collection":[{"href":"https:\/\/uj.adatbank.ro\/lexikon\/wp-json\/wp\/v2\/product"}],"about":[{"href":"https:\/\/uj.adatbank.ro\/lexikon\/wp-json\/wp\/v2\/types\/product"}],"replies":[{"embeddable":true,"href":"https:\/\/uj.adatbank.ro\/lexikon\/wp-json\/wp\/v2\/comments?post=15726"}],"wp:attachment":[{"href":"https:\/\/uj.adatbank.ro\/lexikon\/wp-json\/wp\/v2\/media?parent=15726"}],"wp:term":[{"taxonomy":"product_brand","embeddable":true,"href":"https:\/\/uj.adatbank.ro\/lexikon\/wp-json\/wp\/v2\/product_brand?post=15726"},{"taxonomy":"product_cat","embeddable":true,"href":"https:\/\/uj.adatbank.ro\/lexikon\/wp-json\/wp\/v2\/product_cat?post=15726"},{"taxonomy":"product_tag","embeddable":true,"href":"https:\/\/uj.adatbank.ro\/lexikon\/wp-json\/wp\/v2\/product_tag?post=15726"}],"curies":[{"name":"wp","href":"https:\/\/api.w.org\/{rel}","templated":true}]}}