{"id":15729,"date":"2025-07-15T13:45:12","date_gmt":"2025-07-15T11:45:12","guid":{"rendered":"https:\/\/uj.adatbank.ro\/lexikon\/termek\/monostory-bergenyei-csalad\/"},"modified":"2025-07-15T13:45:12","modified_gmt":"2025-07-15T11:45:12","slug":"monostory-bergenyei-csalad","status":"publish","type":"product","link":"https:\/\/uj.adatbank.ro\/lexikon\/termek\/monostory-bergenyei-csalad\/","title":{"rendered":"MONOSTORY, bergenyei csal\u00e1d"},"content":{"rendered":"<p>C\u00edmeres levelet Apaffy Mih\u00e1lyt\u00f3l (1671. dec. 2.) M. Gy\u00f6rgy nyert. (Ered. M. K\u00e1roly tulajd. Hosszuasz\u00f3.) \u2013 C\u00edmer: k\u00e9k pajzsban k\u00f6ny\u00f6kl\u0151 p\u00e1nc\u00e9los kar kardot tart; z\u00e1rt sisak; (Csal\u00e1di k\u00f6zl\u00e9s.). <br \/><strong>Irod.:<\/strong> Kempelen<\/br><\/p>\n","protected":false},"excerpt":{"rendered":"<p>C\u00edmeres levelet Apaffy Mih\u00e1lyt\u00f3l (1671. dec. 2.) M. Gy\u00f6rgy nyert. (Ered. M. K\u00e1roly tulajd. Hosszuasz\u00f3.) \u2013 C\u00edmer: k\u00e9k pajzsban k\u00f6ny\u00f6kl\u0151 p\u00e1nc\u00e9los kar kardot tart; z\u00e1rt sisak; (Csal\u00e1di k\u00f6zl\u00e9s.). Irod.: Kempelen<\/p>\n","protected":false},"featured_media":0,"comment_status":"open","ping_status":"closed","template":"","meta":[],"product_brand":[],"product_cat":[137],"product_tag":[],"class_list":{"0":"post-15729","1":"product","2":"type-product","3":"status-publish","5":"product_cat-maros-megyei-eletrajzi-lexikon","7":"first","8":"instock","9":"shipping-taxable","10":"product-type-simple"},"_links":{"self":[{"href":"https:\/\/uj.adatbank.ro\/lexikon\/wp-json\/wp\/v2\/product\/15729","targetHints":{"allow":["GET"]}}],"collection":[{"href":"https:\/\/uj.adatbank.ro\/lexikon\/wp-json\/wp\/v2\/product"}],"about":[{"href":"https:\/\/uj.adatbank.ro\/lexikon\/wp-json\/wp\/v2\/types\/product"}],"replies":[{"embeddable":true,"href":"https:\/\/uj.adatbank.ro\/lexikon\/wp-json\/wp\/v2\/comments?post=15729"}],"wp:attachment":[{"href":"https:\/\/uj.adatbank.ro\/lexikon\/wp-json\/wp\/v2\/media?parent=15729"}],"wp:term":[{"taxonomy":"product_brand","embeddable":true,"href":"https:\/\/uj.adatbank.ro\/lexikon\/wp-json\/wp\/v2\/product_brand?post=15729"},{"taxonomy":"product_cat","embeddable":true,"href":"https:\/\/uj.adatbank.ro\/lexikon\/wp-json\/wp\/v2\/product_cat?post=15729"},{"taxonomy":"product_tag","embeddable":true,"href":"https:\/\/uj.adatbank.ro\/lexikon\/wp-json\/wp\/v2\/product_tag?post=15729"}],"curies":[{"name":"wp","href":"https:\/\/api.w.org\/{rel}","templated":true}]}}