{"id":15730,"date":"2025-07-15T13:45:14","date_gmt":"2025-07-15T11:45:14","guid":{"rendered":"https:\/\/uj.adatbank.ro\/lexikon\/termek\/monoszloi-csupor-miklos\/"},"modified":"2025-07-15T13:45:14","modified_gmt":"2025-07-15T11:45:14","slug":"monoszloi-csupor-miklos","status":"publish","type":"product","link":"https:\/\/uj.adatbank.ro\/lexikon\/termek\/monoszloi-csupor-miklos\/","title":{"rendered":"MONOSZL\u00d3I CSUPOR Mikl\u00f3s"},"content":{"rendered":"<p>? \u2020\u00a01472.: vajda, birtokos. \u2013 Erd\u00e9lyi vajdak\u00e9nt M\u00e1ty\u00e1s kir\u00e1ly neki aj\u00e1nd\u00e9kozta Sz\u00e9kely Mih\u00e1ly birtokait (1467): a maross\u00e1rpataki kast\u00e9lyt, Maross\u00e1rpatakot, K\u00f6rtv\u00e9lykaput, a szengyeli, erd\u0151szak\u00e1li \u00e9s vajdaszentiv\u00e1nyi birtokait a K\u00fck\u00fcll\u0151, Kolozs \u00e9s Doboka vm.-iekkel egy\u00fctt. Szint\u00e9n M\u00e1ty\u00e1s kir\u00e1ly adom\u00e1nyak\u00e9nt kapta Szentandr\u00e1s, Unoka, Tancs, Gerebenes, D\u00e1tos, \u00d6lyv\u00f6s, Tuzson, Pusztaszilv\u00e1s, M\u00e9hes, Tomb, Farag\u00f3, Detrehem, S\u00f3spatak, Szentmikl\u00f3s, K\u00f3ko, Tordalaka, G\u00e9res, Mindszent, B\u0151 \u00e9s K\u00f6tke r\u00e9sz\u2013 \u00e9s eg\u00e9szbirtokokat (1468. m\u00e1rc. 9; aug. 16.). Gyermektelen\u00fcl hal\u00e1lozott el , birtokai egyr\u00e9sz\u00e9t K\u00f6vendi Sz\u00e9kely Jakab kapta. <br \/><strong>Irod.:<\/strong> Magyarf\u00fclp\u00f6s; Vajdaszentiv\u00e1ny<\/br><\/p>\n","protected":false},"excerpt":{"rendered":"<p>? \u2020\u00a01472.: vajda, birtokos. \u2013 Erd\u00e9lyi vajdak\u00e9nt M\u00e1ty\u00e1s kir\u00e1ly neki aj\u00e1nd\u00e9kozta Sz\u00e9kely Mih\u00e1ly birtokait (1467): a maross\u00e1rpataki kast\u00e9lyt, Maross\u00e1rpatakot, K\u00f6rtv\u00e9lykaput, a szengyeli, erd\u0151szak\u00e1li \u00e9s vajdaszentiv\u00e1nyi birtokait a K\u00fck\u00fcll\u0151, Kolozs \u00e9s Doboka vm.-iekkel egy\u00fctt. Szint\u00e9n M\u00e1ty\u00e1s kir\u00e1ly adom\u00e1nyak\u00e9nt kapta Szentandr\u00e1s, Unoka, Tancs, Gerebenes, D\u00e1tos, \u00d6lyv\u00f6s, Tuzson, Pusztaszilv\u00e1s, M\u00e9hes, Tomb, Farag\u00f3, Detrehem, S\u00f3spatak, Szentmikl\u00f3s, K\u00f3ko, Tordalaka, G\u00e9res, [&hellip;]<\/p>\n","protected":false},"featured_media":0,"comment_status":"open","ping_status":"closed","template":"","meta":[],"product_brand":[],"product_cat":[137],"product_tag":[],"class_list":{"0":"post-15730","1":"product","2":"type-product","3":"status-publish","5":"product_cat-maros-megyei-eletrajzi-lexikon","7":"first","8":"instock","9":"shipping-taxable","10":"product-type-simple"},"_links":{"self":[{"href":"https:\/\/uj.adatbank.ro\/lexikon\/wp-json\/wp\/v2\/product\/15730","targetHints":{"allow":["GET"]}}],"collection":[{"href":"https:\/\/uj.adatbank.ro\/lexikon\/wp-json\/wp\/v2\/product"}],"about":[{"href":"https:\/\/uj.adatbank.ro\/lexikon\/wp-json\/wp\/v2\/types\/product"}],"replies":[{"embeddable":true,"href":"https:\/\/uj.adatbank.ro\/lexikon\/wp-json\/wp\/v2\/comments?post=15730"}],"wp:attachment":[{"href":"https:\/\/uj.adatbank.ro\/lexikon\/wp-json\/wp\/v2\/media?parent=15730"}],"wp:term":[{"taxonomy":"product_brand","embeddable":true,"href":"https:\/\/uj.adatbank.ro\/lexikon\/wp-json\/wp\/v2\/product_brand?post=15730"},{"taxonomy":"product_cat","embeddable":true,"href":"https:\/\/uj.adatbank.ro\/lexikon\/wp-json\/wp\/v2\/product_cat?post=15730"},{"taxonomy":"product_tag","embeddable":true,"href":"https:\/\/uj.adatbank.ro\/lexikon\/wp-json\/wp\/v2\/product_tag?post=15730"}],"curies":[{"name":"wp","href":"https:\/\/api.w.org\/{rel}","templated":true}]}}