{"id":15732,"date":"2025-07-15T13:45:18","date_gmt":"2025-07-15T11:45:18","guid":{"rendered":"https:\/\/uj.adatbank.ro\/lexikon\/termek\/montani-ioan-janos\/"},"modified":"2025-07-15T13:45:18","modified_gmt":"2025-07-15T11:45:18","slug":"montani-ioan-janos","status":"publish","type":"product","link":"https:\/\/uj.adatbank.ro\/lexikon\/termek\/montani-ioan-janos\/","title":{"rendered":"MONTANI, Ioan; J\u00e1nos"},"content":{"rendered":"<p>Nagyteremi, 1882. \u00e1pr. 9., \u2020\u00a0?: jog\u00e1sz, \u00fajs\u00e1g\u00edr\u00f3. \u2013 Jogot tanult Bp.(1901\u201308). \u2013 F.m. : <strong>szerk.:<\/strong> Serb\u0103rile unirii 1929 (Buc., 1929). \u2013 Irod. : F\u00fcl\u00f6p-Ferenc; MMK; Sigmirean<\/br><\/p>\n","protected":false},"excerpt":{"rendered":"<p>Nagyteremi, 1882. \u00e1pr. 9., \u2020\u00a0?: jog\u00e1sz, \u00fajs\u00e1g\u00edr\u00f3. \u2013 Jogot tanult Bp.(1901\u201308). \u2013 F.m. : szerk.: Serb\u0103rile unirii 1929 (Buc., 1929). \u2013 Irod. : F\u00fcl\u00f6p-Ferenc; MMK; Sigmirean<\/p>\n","protected":false},"featured_media":0,"comment_status":"open","ping_status":"closed","template":"","meta":[],"product_brand":[],"product_cat":[137],"product_tag":[],"class_list":{"0":"post-15732","1":"product","2":"type-product","3":"status-publish","5":"product_cat-maros-megyei-eletrajzi-lexikon","7":"first","8":"instock","9":"shipping-taxable","10":"product-type-simple"},"_links":{"self":[{"href":"https:\/\/uj.adatbank.ro\/lexikon\/wp-json\/wp\/v2\/product\/15732","targetHints":{"allow":["GET"]}}],"collection":[{"href":"https:\/\/uj.adatbank.ro\/lexikon\/wp-json\/wp\/v2\/product"}],"about":[{"href":"https:\/\/uj.adatbank.ro\/lexikon\/wp-json\/wp\/v2\/types\/product"}],"replies":[{"embeddable":true,"href":"https:\/\/uj.adatbank.ro\/lexikon\/wp-json\/wp\/v2\/comments?post=15732"}],"wp:attachment":[{"href":"https:\/\/uj.adatbank.ro\/lexikon\/wp-json\/wp\/v2\/media?parent=15732"}],"wp:term":[{"taxonomy":"product_brand","embeddable":true,"href":"https:\/\/uj.adatbank.ro\/lexikon\/wp-json\/wp\/v2\/product_brand?post=15732"},{"taxonomy":"product_cat","embeddable":true,"href":"https:\/\/uj.adatbank.ro\/lexikon\/wp-json\/wp\/v2\/product_cat?post=15732"},{"taxonomy":"product_tag","embeddable":true,"href":"https:\/\/uj.adatbank.ro\/lexikon\/wp-json\/wp\/v2\/product_tag?post=15732"}],"curies":[{"name":"wp","href":"https:\/\/api.w.org\/{rel}","templated":true}]}}