{"id":15736,"date":"2025-07-15T13:45:26","date_gmt":"2025-07-15T11:45:26","guid":{"rendered":"https:\/\/uj.adatbank.ro\/lexikon\/termek\/monus-tamas\/"},"modified":"2025-07-15T13:45:26","modified_gmt":"2025-07-15T11:45:26","slug":"monus-tamas","status":"publish","type":"product","link":"https:\/\/uj.adatbank.ro\/lexikon\/termek\/monus-tamas\/","title":{"rendered":"MONUS Tam\u00e1s"},"content":{"rendered":"<p>? \u2020\u00a0?: Mv.-i lak\u00f3s. \u2013 A mv.-i Keresztel\u0151 Szent J\u00e1nos Pl\u00e9b\u00e1niatemplom orgon\u00e1j\u00e1nak adom\u00e1nyoz\u00f3ja. <br \/><strong>Irod.:<\/strong> Kereszetes Gyula: A Pl\u00e9b\u00e1niatemplom (N\u00fa., 1990. okt. 19.)<\/br><\/p>\n","protected":false},"excerpt":{"rendered":"<p>? \u2020\u00a0?: Mv.-i lak\u00f3s. \u2013 A mv.-i Keresztel\u0151 Szent J\u00e1nos Pl\u00e9b\u00e1niatemplom orgon\u00e1j\u00e1nak adom\u00e1nyoz\u00f3ja. Irod.: Kereszetes Gyula: A Pl\u00e9b\u00e1niatemplom (N\u00fa., 1990. okt. 19.)<\/p>\n","protected":false},"featured_media":0,"comment_status":"open","ping_status":"closed","template":"","meta":[],"product_brand":[],"product_cat":[137],"product_tag":[],"class_list":{"0":"post-15736","1":"product","2":"type-product","3":"status-publish","5":"product_cat-maros-megyei-eletrajzi-lexikon","7":"first","8":"instock","9":"shipping-taxable","10":"product-type-simple"},"_links":{"self":[{"href":"https:\/\/uj.adatbank.ro\/lexikon\/wp-json\/wp\/v2\/product\/15736","targetHints":{"allow":["GET"]}}],"collection":[{"href":"https:\/\/uj.adatbank.ro\/lexikon\/wp-json\/wp\/v2\/product"}],"about":[{"href":"https:\/\/uj.adatbank.ro\/lexikon\/wp-json\/wp\/v2\/types\/product"}],"replies":[{"embeddable":true,"href":"https:\/\/uj.adatbank.ro\/lexikon\/wp-json\/wp\/v2\/comments?post=15736"}],"wp:attachment":[{"href":"https:\/\/uj.adatbank.ro\/lexikon\/wp-json\/wp\/v2\/media?parent=15736"}],"wp:term":[{"taxonomy":"product_brand","embeddable":true,"href":"https:\/\/uj.adatbank.ro\/lexikon\/wp-json\/wp\/v2\/product_brand?post=15736"},{"taxonomy":"product_cat","embeddable":true,"href":"https:\/\/uj.adatbank.ro\/lexikon\/wp-json\/wp\/v2\/product_cat?post=15736"},{"taxonomy":"product_tag","embeddable":true,"href":"https:\/\/uj.adatbank.ro\/lexikon\/wp-json\/wp\/v2\/product_tag?post=15736"}],"curies":[{"name":"wp","href":"https:\/\/api.w.org\/{rel}","templated":true}]}}