{"id":15739,"date":"2025-07-15T13:45:31","date_gmt":"2025-07-15T11:45:31","guid":{"rendered":"https:\/\/uj.adatbank.ro\/lexikon\/termek\/mooser-ludwig\/"},"modified":"2025-07-15T13:45:31","modified_gmt":"2025-07-15T11:45:31","slug":"mooser-ludwig","status":"publish","type":"product","link":"https:\/\/uj.adatbank.ro\/lexikon\/termek\/mooser-ludwig\/","title":{"rendered":"MOOSER, Ludwig"},"content":{"rendered":"<p>1807 \u2020\u00a01881: orgona\u00e9p\u00edt\u0151. \u2013 Orgona \u00e9s hangszerk\u00e9sz\u00edt\u0151. Megnyerte a mv.-i orgon\u00e1ra ki\u00edrt p\u00e1ly\u00e1zatot  Veszely K\u00e1roly, esperes-pl\u00e9b\u00e1nos idej\u00e9n (1869), majd visszat\u00e9rt  Salzburgba. <br \/><strong>Irod.:<\/strong> Maros megyei m. t\u00f6rt.5.<\/br><\/p>\n","protected":false},"excerpt":{"rendered":"<p>1807 \u2020\u00a01881: orgona\u00e9p\u00edt\u0151. \u2013 Orgona \u00e9s hangszerk\u00e9sz\u00edt\u0151. Megnyerte a mv.-i orgon\u00e1ra ki\u00edrt p\u00e1ly\u00e1zatot Veszely K\u00e1roly, esperes-pl\u00e9b\u00e1nos idej\u00e9n (1869), majd visszat\u00e9rt Salzburgba. Irod.: Maros megyei m. t\u00f6rt.5.<\/p>\n","protected":false},"featured_media":0,"comment_status":"open","ping_status":"closed","template":"","meta":[],"product_brand":[],"product_cat":[137],"product_tag":[],"class_list":{"0":"post-15739","1":"product","2":"type-product","3":"status-publish","5":"product_cat-maros-megyei-eletrajzi-lexikon","7":"first","8":"instock","9":"shipping-taxable","10":"product-type-simple"},"_links":{"self":[{"href":"https:\/\/uj.adatbank.ro\/lexikon\/wp-json\/wp\/v2\/product\/15739","targetHints":{"allow":["GET"]}}],"collection":[{"href":"https:\/\/uj.adatbank.ro\/lexikon\/wp-json\/wp\/v2\/product"}],"about":[{"href":"https:\/\/uj.adatbank.ro\/lexikon\/wp-json\/wp\/v2\/types\/product"}],"replies":[{"embeddable":true,"href":"https:\/\/uj.adatbank.ro\/lexikon\/wp-json\/wp\/v2\/comments?post=15739"}],"wp:attachment":[{"href":"https:\/\/uj.adatbank.ro\/lexikon\/wp-json\/wp\/v2\/media?parent=15739"}],"wp:term":[{"taxonomy":"product_brand","embeddable":true,"href":"https:\/\/uj.adatbank.ro\/lexikon\/wp-json\/wp\/v2\/product_brand?post=15739"},{"taxonomy":"product_cat","embeddable":true,"href":"https:\/\/uj.adatbank.ro\/lexikon\/wp-json\/wp\/v2\/product_cat?post=15739"},{"taxonomy":"product_tag","embeddable":true,"href":"https:\/\/uj.adatbank.ro\/lexikon\/wp-json\/wp\/v2\/product_tag?post=15739"}],"curies":[{"name":"wp","href":"https:\/\/api.w.org\/{rel}","templated":true}]}}