{"id":15742,"date":"2025-07-15T13:45:37","date_gmt":"2025-07-15T11:45:37","guid":{"rendered":"https:\/\/uj.adatbank.ro\/lexikon\/termek\/morar-graur-letura-iacob-%c2%a7-graur-letura-iacob\/"},"modified":"2025-07-15T13:45:37","modified_gmt":"2025-07-15T11:45:37","slug":"morar-graur-letura-iacob-%c2%a7-graur-letura-iacob","status":"publish","type":"product","link":"https:\/\/uj.adatbank.ro\/lexikon\/termek\/morar-graur-letura-iacob-%c2%a7-graur-letura-iacob\/","title":{"rendered":"MORAR, GRAUR-Letura, Iacob, \u00a7 Graur-Letura Iacob"},"content":{"rendered":"<p>? \u2020 ?: polg\u00e1rmester. \u2013 L\u00f6v\u00e9r k\u00f6zs\u00e9g megv\u00e1lasztott \u00faj polg\u00e1rmestere (1918). Tagja volt a K\u00f6zs\u00e9gi Nemzeti Bizotts\u00e1gnak, amely a gyulafeh\u00e9rv\u00e1ri egyes\u00fcl\u00e9si gy\u0171l\u00e9st volt hivatott el\u0151k\u00e9sz\u00edteni. Saj\u00e1t maga is tagja volt a k\u00fcld\u00f6tts\u00e9gnek, \u00e9s n\u00e9pviseletbe \u00f6lt\u00f6zve vett r\u00e9szt a gy\u0171l\u00e9sen (1918.dec.1.). <br \/><strong>Irod.:<\/strong> Lueriu<\/br><\/p>\n","protected":false},"excerpt":{"rendered":"<p>? \u2020 ?: polg\u00e1rmester. \u2013 L\u00f6v\u00e9r k\u00f6zs\u00e9g megv\u00e1lasztott \u00faj polg\u00e1rmestere (1918). Tagja volt a K\u00f6zs\u00e9gi Nemzeti Bizotts\u00e1gnak, amely a gyulafeh\u00e9rv\u00e1ri egyes\u00fcl\u00e9si gy\u0171l\u00e9st volt hivatott el\u0151k\u00e9sz\u00edteni. Saj\u00e1t maga is tagja volt a k\u00fcld\u00f6tts\u00e9gnek, \u00e9s n\u00e9pviseletbe \u00f6lt\u00f6zve vett r\u00e9szt a gy\u0171l\u00e9sen (1918.dec.1.). Irod.: Lueriu<\/p>\n","protected":false},"featured_media":0,"comment_status":"open","ping_status":"closed","template":"","meta":[],"product_brand":[],"product_cat":[137],"product_tag":[],"class_list":{"0":"post-15742","1":"product","2":"type-product","3":"status-publish","5":"product_cat-maros-megyei-eletrajzi-lexikon","7":"first","8":"instock","9":"shipping-taxable","10":"product-type-simple"},"_links":{"self":[{"href":"https:\/\/uj.adatbank.ro\/lexikon\/wp-json\/wp\/v2\/product\/15742","targetHints":{"allow":["GET"]}}],"collection":[{"href":"https:\/\/uj.adatbank.ro\/lexikon\/wp-json\/wp\/v2\/product"}],"about":[{"href":"https:\/\/uj.adatbank.ro\/lexikon\/wp-json\/wp\/v2\/types\/product"}],"replies":[{"embeddable":true,"href":"https:\/\/uj.adatbank.ro\/lexikon\/wp-json\/wp\/v2\/comments?post=15742"}],"wp:attachment":[{"href":"https:\/\/uj.adatbank.ro\/lexikon\/wp-json\/wp\/v2\/media?parent=15742"}],"wp:term":[{"taxonomy":"product_brand","embeddable":true,"href":"https:\/\/uj.adatbank.ro\/lexikon\/wp-json\/wp\/v2\/product_brand?post=15742"},{"taxonomy":"product_cat","embeddable":true,"href":"https:\/\/uj.adatbank.ro\/lexikon\/wp-json\/wp\/v2\/product_cat?post=15742"},{"taxonomy":"product_tag","embeddable":true,"href":"https:\/\/uj.adatbank.ro\/lexikon\/wp-json\/wp\/v2\/product_tag?post=15742"}],"curies":[{"name":"wp","href":"https:\/\/api.w.org\/{rel}","templated":true}]}}