{"id":15743,"date":"2025-07-15T13:45:39","date_gmt":"2025-07-15T11:45:39","guid":{"rendered":"https:\/\/uj.adatbank.ro\/lexikon\/termek\/morar-mihaila-burdulea\/"},"modified":"2025-07-15T13:45:39","modified_gmt":"2025-07-15T11:45:39","slug":"morar-mihaila-burdulea","status":"publish","type":"product","link":"https:\/\/uj.adatbank.ro\/lexikon\/termek\/morar-mihaila-burdulea\/","title":{"rendered":"MORAR, Mih\u0103il\u0103 (Burdulea)"},"content":{"rendered":"<p>? \u2020 ?: l\u00f6v\u00e9ri lakos. \u2013 Az osztr\u00e1k \u2013 m. hadsereg keret\u00e9ben r\u00e9szt vett az I.vh.-ban. Boszni\u00e1ban \u00e9s Szerbi\u00e1ban harcolt, ahol l\u00e1b\u00e1t \u00e1tl\u0151tt\u00e9k (1914. szept.). Boszni\u00e1ban ker\u00fclt k\u00f3rh\u00e1zba, onnan Mv.-re sz\u00e1ll\u00edtott\u00e1k, ahol kezel\u00e9s ut\u00e1n rokkantk\u00e9nt engedt\u00e9k haza (1915. m\u00e1rc.). \u00dajb\u00f3l beh\u00edvt\u00e1k katon\u00e1nak \u00e9s Kv.-on tartott\u00e1k megfigyel\u00e9s alatt. Egy \u00e9v m\u00falva szabadult v\u00e9gleg (1916). <br \/><strong>Irod.:<\/strong> Lueriu<\/br><\/p>\n","protected":false},"excerpt":{"rendered":"<p>? \u2020 ?: l\u00f6v\u00e9ri lakos. \u2013 Az osztr\u00e1k \u2013 m. hadsereg keret\u00e9ben r\u00e9szt vett az I.vh.-ban. Boszni\u00e1ban \u00e9s Szerbi\u00e1ban harcolt, ahol l\u00e1b\u00e1t \u00e1tl\u0151tt\u00e9k (1914. szept.). Boszni\u00e1ban ker\u00fclt k\u00f3rh\u00e1zba, onnan Mv.-re sz\u00e1ll\u00edtott\u00e1k, ahol kezel\u00e9s ut\u00e1n rokkantk\u00e9nt engedt\u00e9k haza (1915. m\u00e1rc.). \u00dajb\u00f3l beh\u00edvt\u00e1k katon\u00e1nak \u00e9s Kv.-on tartott\u00e1k megfigyel\u00e9s alatt. Egy \u00e9v m\u00falva szabadult v\u00e9gleg (1916). Irod.: Lueriu<\/p>\n","protected":false},"featured_media":0,"comment_status":"open","ping_status":"closed","template":"","meta":[],"product_brand":[],"product_cat":[137],"product_tag":[],"class_list":{"0":"post-15743","1":"product","2":"type-product","3":"status-publish","5":"product_cat-maros-megyei-eletrajzi-lexikon","7":"first","8":"instock","9":"shipping-taxable","10":"product-type-simple"},"_links":{"self":[{"href":"https:\/\/uj.adatbank.ro\/lexikon\/wp-json\/wp\/v2\/product\/15743","targetHints":{"allow":["GET"]}}],"collection":[{"href":"https:\/\/uj.adatbank.ro\/lexikon\/wp-json\/wp\/v2\/product"}],"about":[{"href":"https:\/\/uj.adatbank.ro\/lexikon\/wp-json\/wp\/v2\/types\/product"}],"replies":[{"embeddable":true,"href":"https:\/\/uj.adatbank.ro\/lexikon\/wp-json\/wp\/v2\/comments?post=15743"}],"wp:attachment":[{"href":"https:\/\/uj.adatbank.ro\/lexikon\/wp-json\/wp\/v2\/media?parent=15743"}],"wp:term":[{"taxonomy":"product_brand","embeddable":true,"href":"https:\/\/uj.adatbank.ro\/lexikon\/wp-json\/wp\/v2\/product_brand?post=15743"},{"taxonomy":"product_cat","embeddable":true,"href":"https:\/\/uj.adatbank.ro\/lexikon\/wp-json\/wp\/v2\/product_cat?post=15743"},{"taxonomy":"product_tag","embeddable":true,"href":"https:\/\/uj.adatbank.ro\/lexikon\/wp-json\/wp\/v2\/product_tag?post=15743"}],"curies":[{"name":"wp","href":"https:\/\/api.w.org\/{rel}","templated":true}]}}