{"id":15745,"date":"2025-07-15T13:45:42","date_gmt":"2025-07-15T11:45:42","guid":{"rendered":"https:\/\/uj.adatbank.ro\/lexikon\/termek\/morar-simion\/"},"modified":"2025-07-15T13:45:42","modified_gmt":"2025-07-15T11:45:42","slug":"morar-simion","status":"publish","type":"product","link":"https:\/\/uj.adatbank.ro\/lexikon\/termek\/morar-simion\/","title":{"rendered":"MORAR, Simion"},"content":{"rendered":"<p>? \u2020\u00a0?: kuturotthon igazgat\u00f3. \u2013 L\u00f6v\u00e9rben a Nicolae B\u0103cescu-r\u00f3l elnevezett kult\u00farotthon els\u0151 igazgat\u00f3ja (1956\u2013).Tev\u00e9kenys\u00e9ge ideje alatt a falu m\u0171vel\u0151d\u00e9si csoportjai sok sz\u00e9p sikert mondhattak maguk\u00e9nak \u00fagy a hazai mint a k\u00fclf\u00f6ldi fell\u00e9p\u00e9s\u00fckkor, f\u0151leg a n\u00e9pt\u00e1ncosok. <br \/><strong>Irod.:<\/strong> Lueriu<\/br><\/p>\n","protected":false},"excerpt":{"rendered":"<p>? \u2020\u00a0?: kuturotthon igazgat\u00f3. \u2013 L\u00f6v\u00e9rben a Nicolae B\u0103cescu-r\u00f3l elnevezett kult\u00farotthon els\u0151 igazgat\u00f3ja (1956\u2013).Tev\u00e9kenys\u00e9ge ideje alatt a falu m\u0171vel\u0151d\u00e9si csoportjai sok sz\u00e9p sikert mondhattak maguk\u00e9nak \u00fagy a hazai mint a k\u00fclf\u00f6ldi fell\u00e9p\u00e9s\u00fckkor, f\u0151leg a n\u00e9pt\u00e1ncosok. Irod.: Lueriu<\/p>\n","protected":false},"featured_media":0,"comment_status":"open","ping_status":"closed","template":"","meta":[],"product_brand":[],"product_cat":[137],"product_tag":[],"class_list":{"0":"post-15745","1":"product","2":"type-product","3":"status-publish","5":"product_cat-maros-megyei-eletrajzi-lexikon","7":"first","8":"instock","9":"shipping-taxable","10":"product-type-simple"},"_links":{"self":[{"href":"https:\/\/uj.adatbank.ro\/lexikon\/wp-json\/wp\/v2\/product\/15745","targetHints":{"allow":["GET"]}}],"collection":[{"href":"https:\/\/uj.adatbank.ro\/lexikon\/wp-json\/wp\/v2\/product"}],"about":[{"href":"https:\/\/uj.adatbank.ro\/lexikon\/wp-json\/wp\/v2\/types\/product"}],"replies":[{"embeddable":true,"href":"https:\/\/uj.adatbank.ro\/lexikon\/wp-json\/wp\/v2\/comments?post=15745"}],"wp:attachment":[{"href":"https:\/\/uj.adatbank.ro\/lexikon\/wp-json\/wp\/v2\/media?parent=15745"}],"wp:term":[{"taxonomy":"product_brand","embeddable":true,"href":"https:\/\/uj.adatbank.ro\/lexikon\/wp-json\/wp\/v2\/product_brand?post=15745"},{"taxonomy":"product_cat","embeddable":true,"href":"https:\/\/uj.adatbank.ro\/lexikon\/wp-json\/wp\/v2\/product_cat?post=15745"},{"taxonomy":"product_tag","embeddable":true,"href":"https:\/\/uj.adatbank.ro\/lexikon\/wp-json\/wp\/v2\/product_tag?post=15745"}],"curies":[{"name":"wp","href":"https:\/\/api.w.org\/{rel}","templated":true}]}}