{"id":15748,"date":"2025-07-15T13:45:49","date_gmt":"2025-07-15T11:45:49","guid":{"rendered":"https:\/\/uj.adatbank.ro\/lexikon\/termek\/morariu-csalad\/"},"modified":"2025-07-15T13:45:49","modified_gmt":"2025-07-15T11:45:49","slug":"morariu-csalad","status":"publish","type":"product","link":"https:\/\/uj.adatbank.ro\/lexikon\/termek\/morariu-csalad\/","title":{"rendered":"MORARIU csal\u00e1d"},"content":{"rendered":"<p>? \u2020\u00a0?: dr. mv.-i csal\u00e1d kondole\u00e1l\u00e1sa. <br \/><strong>Irod.:<\/strong> S\u0103v\u00e2r\u015firea din via\u0163\u0103 \u015fi punerea \u00een morm\u00e2nt a preasfin\u0163itului episcop Nicolae Ivan (Cluj, 1936)<\/br><\/p>\n","protected":false},"excerpt":{"rendered":"<p>? \u2020\u00a0?: dr. mv.-i csal\u00e1d kondole\u00e1l\u00e1sa. Irod.: S\u0103v\u00e2r\u015firea din via\u0163\u0103 \u015fi punerea \u00een morm\u00e2nt a preasfin\u0163itului episcop Nicolae Ivan (Cluj, 1936)<\/p>\n","protected":false},"featured_media":0,"comment_status":"open","ping_status":"closed","template":"","meta":[],"product_brand":[],"product_cat":[137],"product_tag":[],"class_list":{"0":"post-15748","1":"product","2":"type-product","3":"status-publish","5":"product_cat-maros-megyei-eletrajzi-lexikon","7":"first","8":"instock","9":"shipping-taxable","10":"product-type-simple"},"_links":{"self":[{"href":"https:\/\/uj.adatbank.ro\/lexikon\/wp-json\/wp\/v2\/product\/15748","targetHints":{"allow":["GET"]}}],"collection":[{"href":"https:\/\/uj.adatbank.ro\/lexikon\/wp-json\/wp\/v2\/product"}],"about":[{"href":"https:\/\/uj.adatbank.ro\/lexikon\/wp-json\/wp\/v2\/types\/product"}],"replies":[{"embeddable":true,"href":"https:\/\/uj.adatbank.ro\/lexikon\/wp-json\/wp\/v2\/comments?post=15748"}],"wp:attachment":[{"href":"https:\/\/uj.adatbank.ro\/lexikon\/wp-json\/wp\/v2\/media?parent=15748"}],"wp:term":[{"taxonomy":"product_brand","embeddable":true,"href":"https:\/\/uj.adatbank.ro\/lexikon\/wp-json\/wp\/v2\/product_brand?post=15748"},{"taxonomy":"product_cat","embeddable":true,"href":"https:\/\/uj.adatbank.ro\/lexikon\/wp-json\/wp\/v2\/product_cat?post=15748"},{"taxonomy":"product_tag","embeddable":true,"href":"https:\/\/uj.adatbank.ro\/lexikon\/wp-json\/wp\/v2\/product_tag?post=15748"}],"curies":[{"name":"wp","href":"https:\/\/api.w.org\/{rel}","templated":true}]}}