{"id":15749,"date":"2025-07-15T13:45:50","date_gmt":"2025-07-15T11:45:50","guid":{"rendered":"https:\/\/uj.adatbank.ro\/lexikon\/termek\/morariu-cimpean-teodor\/"},"modified":"2025-07-15T13:45:50","modified_gmt":"2025-07-15T11:45:50","slug":"morariu-cimpean-teodor","status":"publish","type":"product","link":"https:\/\/uj.adatbank.ro\/lexikon\/termek\/morariu-cimpean-teodor\/","title":{"rendered":"MORARIU C\u00ceMPEAN, Teodor"},"content":{"rendered":"<p>Marosk\u00f6vesd, 1854., \u2020 ?: ort. tan\u00edt\u00f3. \u2013 Tanulm\u00e1nyai : 4 gimn.-i oszt. Als\u00f3r\u00e9p\u00e1n tan\u00edtott (1884), majd lemondott. L\u00f6v\u00e9rben tan\u00edtott (1891). <br \/><strong>Irod.:<\/strong> Dobozi<\/br><\/p>\n","protected":false},"excerpt":{"rendered":"<p>Marosk\u00f6vesd, 1854., \u2020 ?: ort. tan\u00edt\u00f3. \u2013 Tanulm\u00e1nyai : 4 gimn.-i oszt. Als\u00f3r\u00e9p\u00e1n tan\u00edtott (1884), majd lemondott. L\u00f6v\u00e9rben tan\u00edtott (1891). Irod.: Dobozi<\/p>\n","protected":false},"featured_media":0,"comment_status":"open","ping_status":"closed","template":"","meta":[],"product_brand":[],"product_cat":[137],"product_tag":[],"class_list":{"0":"post-15749","1":"product","2":"type-product","3":"status-publish","5":"product_cat-maros-megyei-eletrajzi-lexikon","7":"first","8":"instock","9":"shipping-taxable","10":"product-type-simple"},"_links":{"self":[{"href":"https:\/\/uj.adatbank.ro\/lexikon\/wp-json\/wp\/v2\/product\/15749","targetHints":{"allow":["GET"]}}],"collection":[{"href":"https:\/\/uj.adatbank.ro\/lexikon\/wp-json\/wp\/v2\/product"}],"about":[{"href":"https:\/\/uj.adatbank.ro\/lexikon\/wp-json\/wp\/v2\/types\/product"}],"replies":[{"embeddable":true,"href":"https:\/\/uj.adatbank.ro\/lexikon\/wp-json\/wp\/v2\/comments?post=15749"}],"wp:attachment":[{"href":"https:\/\/uj.adatbank.ro\/lexikon\/wp-json\/wp\/v2\/media?parent=15749"}],"wp:term":[{"taxonomy":"product_brand","embeddable":true,"href":"https:\/\/uj.adatbank.ro\/lexikon\/wp-json\/wp\/v2\/product_brand?post=15749"},{"taxonomy":"product_cat","embeddable":true,"href":"https:\/\/uj.adatbank.ro\/lexikon\/wp-json\/wp\/v2\/product_cat?post=15749"},{"taxonomy":"product_tag","embeddable":true,"href":"https:\/\/uj.adatbank.ro\/lexikon\/wp-json\/wp\/v2\/product_tag?post=15749"}],"curies":[{"name":"wp","href":"https:\/\/api.w.org\/{rel}","templated":true}]}}