{"id":1575,"date":"2025-06-28T11:46:28","date_gmt":"2025-06-28T09:46:28","guid":{"rendered":"https:\/\/uj.adatbank.ro\/lexikon\/termek\/aaron-teodor\/"},"modified":"2025-06-28T11:46:28","modified_gmt":"2025-06-28T09:46:28","slug":"aaron-teodor","status":"publish","type":"product","link":"https:\/\/uj.adatbank.ro\/lexikon\/termek\/aaron-teodor\/","title":{"rendered":"AARON Teodor"},"content":{"rendered":"<p>Erd\u00e9ly, 1803. febr. 6., \u2020\u00a01867.: pr\u00e9post, t\u00f6rt\u00e9n\u00e9sz. \u2013 <strong>F. m.:<\/strong> (Jegyz. Major P\u00e9ter t\u00f6rt\u00e9net\u00e9hez); Anotari din istoria eclesiastica, despre urd\u00eerea si latirea credinnitiei crestine intre romani. (Pest, 1850) (Jegyzetek az egyh\u00e1zt\u00f6rt\u00e9netb\u0151l a ker. hitnek eredet\u00e9r\u0151l \u00e9s elterjed\u00e9s\u00e9r\u0151l a rum\u00e9nek k\u00f6z\u00f6tt); Catechetica practica. (Buda, 1843). (Gyakorlati hittan); Kuv\u00eenturi beseri\u010desti despre cele \u0161epte p\u00e9kate a le k\u00e2peteniei pe dumniecile p\u00e2resimilor (Buda. 1847). (Egyh\u00e1zi besz\u00e9dek a h\u00e9t f\u0151b\u0171nr\u0151l a negyvennapos b\u0151jti vas\u00e1rnapokra). <br \/><strong>Irod.:<\/strong> Veress 2, Wikipedia<\/br><\/p>\n","protected":false},"excerpt":{"rendered":"<p>Erd\u00e9ly, 1803. febr. 6., \u2020\u00a01867.: pr\u00e9post, t\u00f6rt\u00e9n\u00e9sz. \u2013 F. m.: (Jegyz. Major P\u00e9ter t\u00f6rt\u00e9net\u00e9hez); Anotari din istoria eclesiastica, despre urd\u00eerea si latirea credinnitiei crestine intre romani. (Pest, 1850) (Jegyzetek az egyh\u00e1zt\u00f6rt\u00e9netb\u0151l a ker. hitnek eredet\u00e9r\u0151l \u00e9s elterjed\u00e9s\u00e9r\u0151l a rum\u00e9nek k\u00f6z\u00f6tt); Catechetica practica. (Buda, 1843). (Gyakorlati hittan); Kuv\u00eenturi beseri\u010desti despre cele \u0161epte p\u00e9kate a le k\u00e2peteniei [&hellip;]<\/p>\n","protected":false},"featured_media":0,"comment_status":"open","ping_status":"closed","template":"","meta":[],"product_brand":[],"product_cat":[137],"product_tag":[],"class_list":{"0":"post-1575","1":"product","2":"type-product","3":"status-publish","5":"product_cat-maros-megyei-eletrajzi-lexikon","7":"first","8":"instock","9":"shipping-taxable","10":"product-type-simple"},"_links":{"self":[{"href":"https:\/\/uj.adatbank.ro\/lexikon\/wp-json\/wp\/v2\/product\/1575","targetHints":{"allow":["GET"]}}],"collection":[{"href":"https:\/\/uj.adatbank.ro\/lexikon\/wp-json\/wp\/v2\/product"}],"about":[{"href":"https:\/\/uj.adatbank.ro\/lexikon\/wp-json\/wp\/v2\/types\/product"}],"replies":[{"embeddable":true,"href":"https:\/\/uj.adatbank.ro\/lexikon\/wp-json\/wp\/v2\/comments?post=1575"}],"wp:attachment":[{"href":"https:\/\/uj.adatbank.ro\/lexikon\/wp-json\/wp\/v2\/media?parent=1575"}],"wp:term":[{"taxonomy":"product_brand","embeddable":true,"href":"https:\/\/uj.adatbank.ro\/lexikon\/wp-json\/wp\/v2\/product_brand?post=1575"},{"taxonomy":"product_cat","embeddable":true,"href":"https:\/\/uj.adatbank.ro\/lexikon\/wp-json\/wp\/v2\/product_cat?post=1575"},{"taxonomy":"product_tag","embeddable":true,"href":"https:\/\/uj.adatbank.ro\/lexikon\/wp-json\/wp\/v2\/product_tag?post=1575"}],"curies":[{"name":"wp","href":"https:\/\/api.w.org\/{rel}","templated":true}]}}