{"id":15751,"date":"2025-07-15T13:45:56","date_gmt":"2025-07-15T11:45:56","guid":{"rendered":"https:\/\/uj.adatbank.ro\/lexikon\/termek\/morariu-iacob-%c2%a7\/"},"modified":"2025-07-15T13:45:56","modified_gmt":"2025-07-15T11:45:56","slug":"morariu-iacob-%c2%a7","status":"publish","type":"product","link":"https:\/\/uj.adatbank.ro\/lexikon\/termek\/morariu-iacob-%c2%a7\/","title":{"rendered":"MORARIU, Iacob, \u00a7"},"content":{"rendered":"<p>? \u2020\u00a0?: L\u00f6v\u00e9r k\u00f6zs\u00e9gben m\u0171k\u00f6d\u0151 ifj\u00fas\u00e1gi szervezet, a K\u00e1rp\u00e1tok solymai (\u015eoimii Carpa\u0163ilor) kapit\u00e1nya (1930-as \u00e9vek v\u00e9ge). <br \/><strong>Irod.:<\/strong> Netea: Astra<\/br><\/p>\n","protected":false},"excerpt":{"rendered":"<p>? \u2020\u00a0?: L\u00f6v\u00e9r k\u00f6zs\u00e9gben m\u0171k\u00f6d\u0151 ifj\u00fas\u00e1gi szervezet, a K\u00e1rp\u00e1tok solymai (\u015eoimii Carpa\u0163ilor) kapit\u00e1nya (1930-as \u00e9vek v\u00e9ge). Irod.: Netea: Astra<\/p>\n","protected":false},"featured_media":0,"comment_status":"open","ping_status":"closed","template":"","meta":[],"product_brand":[],"product_cat":[137],"product_tag":[],"class_list":{"0":"post-15751","1":"product","2":"type-product","3":"status-publish","5":"product_cat-maros-megyei-eletrajzi-lexikon","7":"first","8":"instock","9":"shipping-taxable","10":"product-type-simple"},"_links":{"self":[{"href":"https:\/\/uj.adatbank.ro\/lexikon\/wp-json\/wp\/v2\/product\/15751","targetHints":{"allow":["GET"]}}],"collection":[{"href":"https:\/\/uj.adatbank.ro\/lexikon\/wp-json\/wp\/v2\/product"}],"about":[{"href":"https:\/\/uj.adatbank.ro\/lexikon\/wp-json\/wp\/v2\/types\/product"}],"replies":[{"embeddable":true,"href":"https:\/\/uj.adatbank.ro\/lexikon\/wp-json\/wp\/v2\/comments?post=15751"}],"wp:attachment":[{"href":"https:\/\/uj.adatbank.ro\/lexikon\/wp-json\/wp\/v2\/media?parent=15751"}],"wp:term":[{"taxonomy":"product_brand","embeddable":true,"href":"https:\/\/uj.adatbank.ro\/lexikon\/wp-json\/wp\/v2\/product_brand?post=15751"},{"taxonomy":"product_cat","embeddable":true,"href":"https:\/\/uj.adatbank.ro\/lexikon\/wp-json\/wp\/v2\/product_cat?post=15751"},{"taxonomy":"product_tag","embeddable":true,"href":"https:\/\/uj.adatbank.ro\/lexikon\/wp-json\/wp\/v2\/product_tag?post=15751"}],"curies":[{"name":"wp","href":"https:\/\/api.w.org\/{rel}","templated":true}]}}