{"id":15753,"date":"2025-07-15T13:46:00","date_gmt":"2025-07-15T11:46:00","guid":{"rendered":"https:\/\/uj.adatbank.ro\/lexikon\/termek\/morariu-petre\/"},"modified":"2025-07-15T13:46:00","modified_gmt":"2025-07-15T11:46:00","slug":"morariu-petre","status":"publish","type":"product","link":"https:\/\/uj.adatbank.ro\/lexikon\/termek\/morariu-petre\/","title":{"rendered":"MORARIU, Petre"},"content":{"rendered":"<p>Moldovai K\u00f6zt\u00e1rsas\u00e1g, 1912. dec. 12., \u2020 ?: tan\u00edt\u00f3. \u2013 Tan\u00edtott : Sz\u00e9naver\u0151s\u00f6n, Feh\u00e9regyh\u00e1z\u00e1n. Tanulm\u00e1nyait a mv.-i M\u0171v\u00e9szeti L\u00edceumban v\u00e9gezte. Mv.-en Omagiu<\/br><\/p>\n","protected":false},"excerpt":{"rendered":"<p>Moldovai K\u00f6zt\u00e1rsas\u00e1g, 1912. dec. 12., \u2020 ?: tan\u00edt\u00f3. \u2013 Tan\u00edtott : Sz\u00e9naver\u0151s\u00f6n, Feh\u00e9regyh\u00e1z\u00e1n. Tanulm\u00e1nyait a mv.-i M\u0171v\u00e9szeti L\u00edceumban v\u00e9gezte. Mv.-en Omagiu<\/p>\n","protected":false},"featured_media":0,"comment_status":"open","ping_status":"closed","template":"","meta":[],"product_brand":[],"product_cat":[137],"product_tag":[],"class_list":{"0":"post-15753","1":"product","2":"type-product","3":"status-publish","5":"product_cat-maros-megyei-eletrajzi-lexikon","7":"first","8":"instock","9":"shipping-taxable","10":"product-type-simple"},"_links":{"self":[{"href":"https:\/\/uj.adatbank.ro\/lexikon\/wp-json\/wp\/v2\/product\/15753","targetHints":{"allow":["GET"]}}],"collection":[{"href":"https:\/\/uj.adatbank.ro\/lexikon\/wp-json\/wp\/v2\/product"}],"about":[{"href":"https:\/\/uj.adatbank.ro\/lexikon\/wp-json\/wp\/v2\/types\/product"}],"replies":[{"embeddable":true,"href":"https:\/\/uj.adatbank.ro\/lexikon\/wp-json\/wp\/v2\/comments?post=15753"}],"wp:attachment":[{"href":"https:\/\/uj.adatbank.ro\/lexikon\/wp-json\/wp\/v2\/media?parent=15753"}],"wp:term":[{"taxonomy":"product_brand","embeddable":true,"href":"https:\/\/uj.adatbank.ro\/lexikon\/wp-json\/wp\/v2\/product_brand?post=15753"},{"taxonomy":"product_cat","embeddable":true,"href":"https:\/\/uj.adatbank.ro\/lexikon\/wp-json\/wp\/v2\/product_cat?post=15753"},{"taxonomy":"product_tag","embeddable":true,"href":"https:\/\/uj.adatbank.ro\/lexikon\/wp-json\/wp\/v2\/product_tag?post=15753"}],"curies":[{"name":"wp","href":"https:\/\/api.w.org\/{rel}","templated":true}]}}