{"id":15760,"date":"2025-07-15T13:46:11","date_gmt":"2025-07-15T11:46:11","guid":{"rendered":"https:\/\/uj.adatbank.ro\/lexikon\/termek\/moraru-petre\/"},"modified":"2025-07-15T13:46:11","modified_gmt":"2025-07-15T11:46:11","slug":"moraru-petre","status":"publish","type":"product","link":"https:\/\/uj.adatbank.ro\/lexikon\/termek\/moraru-petre\/","title":{"rendered":"MORARU, Petre"},"content":{"rendered":"<p>? \u2020\u00a0? : \u00e9p\u00edt\u00e9szmester. \u2013 A cs\u00fcd\u0151telki fatemplomot \u00e9p\u00edtette (1733), kifestette P\u0103tru Ganea (1756) \u00e9s popa Nicolae (1787). Napjainkban m\u0171eml\u00e9kk\u00e9 nyilv\u00e1n\u00edtott\u00e1k. \u00c9rt\u00e9kes ikonjai \u00e9s r\u00e9gi k\u00f6nyvei vannak. A templom elhanyagolt \u00e1llapotban van. <br \/><strong>Irod.:<\/strong> Cu\u015ftelnic<\/br><\/p>\n","protected":false},"excerpt":{"rendered":"<p>? \u2020\u00a0? : \u00e9p\u00edt\u00e9szmester. \u2013 A cs\u00fcd\u0151telki fatemplomot \u00e9p\u00edtette (1733), kifestette P\u0103tru Ganea (1756) \u00e9s popa Nicolae (1787). Napjainkban m\u0171eml\u00e9kk\u00e9 nyilv\u00e1n\u00edtott\u00e1k. \u00c9rt\u00e9kes ikonjai \u00e9s r\u00e9gi k\u00f6nyvei vannak. A templom elhanyagolt \u00e1llapotban van. Irod.: Cu\u015ftelnic<\/p>\n","protected":false},"featured_media":0,"comment_status":"open","ping_status":"closed","template":"","meta":[],"product_brand":[],"product_cat":[137],"product_tag":[],"class_list":{"0":"post-15760","1":"product","2":"type-product","3":"status-publish","5":"product_cat-maros-megyei-eletrajzi-lexikon","7":"first","8":"instock","9":"shipping-taxable","10":"product-type-simple"},"_links":{"self":[{"href":"https:\/\/uj.adatbank.ro\/lexikon\/wp-json\/wp\/v2\/product\/15760","targetHints":{"allow":["GET"]}}],"collection":[{"href":"https:\/\/uj.adatbank.ro\/lexikon\/wp-json\/wp\/v2\/product"}],"about":[{"href":"https:\/\/uj.adatbank.ro\/lexikon\/wp-json\/wp\/v2\/types\/product"}],"replies":[{"embeddable":true,"href":"https:\/\/uj.adatbank.ro\/lexikon\/wp-json\/wp\/v2\/comments?post=15760"}],"wp:attachment":[{"href":"https:\/\/uj.adatbank.ro\/lexikon\/wp-json\/wp\/v2\/media?parent=15760"}],"wp:term":[{"taxonomy":"product_brand","embeddable":true,"href":"https:\/\/uj.adatbank.ro\/lexikon\/wp-json\/wp\/v2\/product_brand?post=15760"},{"taxonomy":"product_cat","embeddable":true,"href":"https:\/\/uj.adatbank.ro\/lexikon\/wp-json\/wp\/v2\/product_cat?post=15760"},{"taxonomy":"product_tag","embeddable":true,"href":"https:\/\/uj.adatbank.ro\/lexikon\/wp-json\/wp\/v2\/product_tag?post=15760"}],"curies":[{"name":"wp","href":"https:\/\/api.w.org\/{rel}","templated":true}]}}