{"id":15763,"date":"2025-07-15T13:46:18","date_gmt":"2025-07-15T11:46:18","guid":{"rendered":"https:\/\/uj.adatbank.ro\/lexikon\/termek\/more-abel-moreh\/"},"modified":"2025-07-15T13:46:18","modified_gmt":"2025-07-15T11:46:18","slug":"more-abel-moreh","status":"publish","type":"product","link":"https:\/\/uj.adatbank.ro\/lexikon\/termek\/more-abel-moreh\/","title":{"rendered":"MOR\u00c9 \u00c1bel, Mor\u00e9h"},"content":{"rendered":"<p>? \u2020\u00a0?\u00a0: nemes. \u2013 \u201eC\u00edmeres\u201d nemes, aki Ny\u00e1r\u00e1dszentbenedeken h\u0171s\u00e9gesk\u00fct tett a cs\u00e1sz\u00e1rnak (1839). <br \/><strong>Irod.:<\/strong> Ny\u00e1r\u00e1dszentbenedek<\/br><\/p>\n","protected":false},"excerpt":{"rendered":"<p>? \u2020\u00a0?\u00a0: nemes. \u2013 \u201eC\u00edmeres\u201d nemes, aki Ny\u00e1r\u00e1dszentbenedeken h\u0171s\u00e9gesk\u00fct tett a cs\u00e1sz\u00e1rnak (1839). Irod.: Ny\u00e1r\u00e1dszentbenedek<\/p>\n","protected":false},"featured_media":0,"comment_status":"open","ping_status":"closed","template":"","meta":[],"product_brand":[],"product_cat":[137],"product_tag":[],"class_list":{"0":"post-15763","1":"product","2":"type-product","3":"status-publish","5":"product_cat-maros-megyei-eletrajzi-lexikon","7":"first","8":"instock","9":"shipping-taxable","10":"product-type-simple"},"_links":{"self":[{"href":"https:\/\/uj.adatbank.ro\/lexikon\/wp-json\/wp\/v2\/product\/15763","targetHints":{"allow":["GET"]}}],"collection":[{"href":"https:\/\/uj.adatbank.ro\/lexikon\/wp-json\/wp\/v2\/product"}],"about":[{"href":"https:\/\/uj.adatbank.ro\/lexikon\/wp-json\/wp\/v2\/types\/product"}],"replies":[{"embeddable":true,"href":"https:\/\/uj.adatbank.ro\/lexikon\/wp-json\/wp\/v2\/comments?post=15763"}],"wp:attachment":[{"href":"https:\/\/uj.adatbank.ro\/lexikon\/wp-json\/wp\/v2\/media?parent=15763"}],"wp:term":[{"taxonomy":"product_brand","embeddable":true,"href":"https:\/\/uj.adatbank.ro\/lexikon\/wp-json\/wp\/v2\/product_brand?post=15763"},{"taxonomy":"product_cat","embeddable":true,"href":"https:\/\/uj.adatbank.ro\/lexikon\/wp-json\/wp\/v2\/product_cat?post=15763"},{"taxonomy":"product_tag","embeddable":true,"href":"https:\/\/uj.adatbank.ro\/lexikon\/wp-json\/wp\/v2\/product_tag?post=15763"}],"curies":[{"name":"wp","href":"https:\/\/api.w.org\/{rel}","templated":true}]}}