{"id":15764,"date":"2025-07-15T13:46:20","date_gmt":"2025-07-15T11:46:20","guid":{"rendered":"https:\/\/uj.adatbank.ro\/lexikon\/termek\/more-berta-moore-berta\/"},"modified":"2025-07-15T13:46:20","modified_gmt":"2025-07-15T11:46:20","slug":"more-berta-moore-berta","status":"publish","type":"product","link":"https:\/\/uj.adatbank.ro\/lexikon\/termek\/more-berta-moore-berta\/","title":{"rendered":"MOR\u00c9 Berta, Mo\u00f3r\u00e9 Berta"},"content":{"rendered":"<p>Ny\u00e1r\u00e1dszentbenedek, ? \u2020 ?: ref. tan\u00edt\u00f3n\u0151. \u2013 A tan\u00edt\u00f3k\u00e9pz\u0151t Sz\u00e9kelyudvarhelyen v\u00e9gezte. Ny\u00e1r\u00e1dszentbenedeken tan\u00edtott (1939\u201342). <br \/><strong>Irod.:<\/strong> Erd\u00e9lyi v\u00e1rmegy\u00e9k; Ny\u00e1r\u00e1dszentbenedek<\/br><\/p>\n","protected":false},"excerpt":{"rendered":"<p>Ny\u00e1r\u00e1dszentbenedek, ? \u2020 ?: ref. tan\u00edt\u00f3n\u0151. \u2013 A tan\u00edt\u00f3k\u00e9pz\u0151t Sz\u00e9kelyudvarhelyen v\u00e9gezte. Ny\u00e1r\u00e1dszentbenedeken tan\u00edtott (1939\u201342). Irod.: Erd\u00e9lyi v\u00e1rmegy\u00e9k; Ny\u00e1r\u00e1dszentbenedek<\/p>\n","protected":false},"featured_media":0,"comment_status":"open","ping_status":"closed","template":"","meta":[],"product_brand":[],"product_cat":[137],"product_tag":[],"class_list":{"0":"post-15764","1":"product","2":"type-product","3":"status-publish","5":"product_cat-maros-megyei-eletrajzi-lexikon","7":"first","8":"instock","9":"shipping-taxable","10":"product-type-simple"},"_links":{"self":[{"href":"https:\/\/uj.adatbank.ro\/lexikon\/wp-json\/wp\/v2\/product\/15764","targetHints":{"allow":["GET"]}}],"collection":[{"href":"https:\/\/uj.adatbank.ro\/lexikon\/wp-json\/wp\/v2\/product"}],"about":[{"href":"https:\/\/uj.adatbank.ro\/lexikon\/wp-json\/wp\/v2\/types\/product"}],"replies":[{"embeddable":true,"href":"https:\/\/uj.adatbank.ro\/lexikon\/wp-json\/wp\/v2\/comments?post=15764"}],"wp:attachment":[{"href":"https:\/\/uj.adatbank.ro\/lexikon\/wp-json\/wp\/v2\/media?parent=15764"}],"wp:term":[{"taxonomy":"product_brand","embeddable":true,"href":"https:\/\/uj.adatbank.ro\/lexikon\/wp-json\/wp\/v2\/product_brand?post=15764"},{"taxonomy":"product_cat","embeddable":true,"href":"https:\/\/uj.adatbank.ro\/lexikon\/wp-json\/wp\/v2\/product_cat?post=15764"},{"taxonomy":"product_tag","embeddable":true,"href":"https:\/\/uj.adatbank.ro\/lexikon\/wp-json\/wp\/v2\/product_tag?post=15764"}],"curies":[{"name":"wp","href":"https:\/\/api.w.org\/{rel}","templated":true}]}}