{"id":15766,"date":"2025-07-15T13:46:23","date_gmt":"2025-07-15T11:46:23","guid":{"rendered":"https:\/\/uj.adatbank.ro\/lexikon\/termek\/more-ferenc\/"},"modified":"2025-07-15T13:46:23","modified_gmt":"2025-07-15T11:46:23","slug":"more-ferenc","status":"publish","type":"product","link":"https:\/\/uj.adatbank.ro\/lexikon\/termek\/more-ferenc\/","title":{"rendered":"M\u00d3R\u00c9 Ferenc"},"content":{"rendered":"<p>? \u2020\u00a0Mv., 1792: m\u00e9sz\u00e1ros, esk\u00fcdt polg\u00e1r.- Esk\u00fcdt, utcakapit\u00e1ny (1759); kollektor (1760), a m\u00e9sz\u00e1rosc\u00e9h mestere (1761\u201380), sz\u00e1ll\u00e1smester (1764); a Mv.-i esk\u00fcdt k\u00f6z\u00f6ns\u00e9g tagja (1791).A M\u00f3r\u00e9 Ferenc irt\u00e1sa (1791). <br \/><strong>Irod.:<\/strong> P\u00e1l-Antal 2006, Vigh<\/br><\/p>\n","protected":false},"excerpt":{"rendered":"<p>? \u2020\u00a0Mv., 1792: m\u00e9sz\u00e1ros, esk\u00fcdt polg\u00e1r.- Esk\u00fcdt, utcakapit\u00e1ny (1759); kollektor (1760), a m\u00e9sz\u00e1rosc\u00e9h mestere (1761\u201380), sz\u00e1ll\u00e1smester (1764); a Mv.-i esk\u00fcdt k\u00f6z\u00f6ns\u00e9g tagja (1791).A M\u00f3r\u00e9 Ferenc irt\u00e1sa (1791). Irod.: P\u00e1l-Antal 2006, Vigh<\/p>\n","protected":false},"featured_media":0,"comment_status":"open","ping_status":"closed","template":"","meta":[],"product_brand":[],"product_cat":[137],"product_tag":[],"class_list":{"0":"post-15766","1":"product","2":"type-product","3":"status-publish","5":"product_cat-maros-megyei-eletrajzi-lexikon","7":"first","8":"instock","9":"shipping-taxable","10":"product-type-simple"},"_links":{"self":[{"href":"https:\/\/uj.adatbank.ro\/lexikon\/wp-json\/wp\/v2\/product\/15766","targetHints":{"allow":["GET"]}}],"collection":[{"href":"https:\/\/uj.adatbank.ro\/lexikon\/wp-json\/wp\/v2\/product"}],"about":[{"href":"https:\/\/uj.adatbank.ro\/lexikon\/wp-json\/wp\/v2\/types\/product"}],"replies":[{"embeddable":true,"href":"https:\/\/uj.adatbank.ro\/lexikon\/wp-json\/wp\/v2\/comments?post=15766"}],"wp:attachment":[{"href":"https:\/\/uj.adatbank.ro\/lexikon\/wp-json\/wp\/v2\/media?parent=15766"}],"wp:term":[{"taxonomy":"product_brand","embeddable":true,"href":"https:\/\/uj.adatbank.ro\/lexikon\/wp-json\/wp\/v2\/product_brand?post=15766"},{"taxonomy":"product_cat","embeddable":true,"href":"https:\/\/uj.adatbank.ro\/lexikon\/wp-json\/wp\/v2\/product_cat?post=15766"},{"taxonomy":"product_tag","embeddable":true,"href":"https:\/\/uj.adatbank.ro\/lexikon\/wp-json\/wp\/v2\/product_tag?post=15766"}],"curies":[{"name":"wp","href":"https:\/\/api.w.org\/{rel}","templated":true}]}}