{"id":15767,"date":"2025-07-15T13:46:25","date_gmt":"2025-07-15T11:46:25","guid":{"rendered":"https:\/\/uj.adatbank.ro\/lexikon\/termek\/more-francissus\/"},"modified":"2025-07-15T13:46:25","modified_gmt":"2025-07-15T11:46:25","slug":"more-francissus","status":"publish","type":"product","link":"https:\/\/uj.adatbank.ro\/lexikon\/termek\/more-francissus\/","title":{"rendered":"MOR\u00c9 Francissus"},"content":{"rendered":"<p>?, \u2020 ?: tan\u00edt\u00f3. \u2013 Ny\u00e1r\u00e1dszentbenedeken Kib\u00e9di R. Mih\u00e1ly tan\u00edtv\u00e1nya. A mv.-i Ref. Koll.-ban folytatta tanulm\u00e1nyait (1731\u2013), k\u00e9s\u0151bb a po\u00e9sis ost\u00e1ly vezet\u0151je, a g\u00f6t\u00f6g nyelv tan\u00edt\u00f3ja volt. <br \/><strong>Irod.:<\/strong> Ny\u00e1r\u00e1dszentbenedek<\/br><\/p>\n","protected":false},"excerpt":{"rendered":"<p>?, \u2020 ?: tan\u00edt\u00f3. \u2013 Ny\u00e1r\u00e1dszentbenedeken Kib\u00e9di R. Mih\u00e1ly tan\u00edtv\u00e1nya. A mv.-i Ref. Koll.-ban folytatta tanulm\u00e1nyait (1731\u2013), k\u00e9s\u0151bb a po\u00e9sis ost\u00e1ly vezet\u0151je, a g\u00f6t\u00f6g nyelv tan\u00edt\u00f3ja volt. Irod.: Ny\u00e1r\u00e1dszentbenedek<\/p>\n","protected":false},"featured_media":0,"comment_status":"open","ping_status":"closed","template":"","meta":[],"product_brand":[],"product_cat":[137],"product_tag":[],"class_list":{"0":"post-15767","1":"product","2":"type-product","3":"status-publish","5":"product_cat-maros-megyei-eletrajzi-lexikon","7":"first","8":"instock","9":"shipping-taxable","10":"product-type-simple"},"_links":{"self":[{"href":"https:\/\/uj.adatbank.ro\/lexikon\/wp-json\/wp\/v2\/product\/15767","targetHints":{"allow":["GET"]}}],"collection":[{"href":"https:\/\/uj.adatbank.ro\/lexikon\/wp-json\/wp\/v2\/product"}],"about":[{"href":"https:\/\/uj.adatbank.ro\/lexikon\/wp-json\/wp\/v2\/types\/product"}],"replies":[{"embeddable":true,"href":"https:\/\/uj.adatbank.ro\/lexikon\/wp-json\/wp\/v2\/comments?post=15767"}],"wp:attachment":[{"href":"https:\/\/uj.adatbank.ro\/lexikon\/wp-json\/wp\/v2\/media?parent=15767"}],"wp:term":[{"taxonomy":"product_brand","embeddable":true,"href":"https:\/\/uj.adatbank.ro\/lexikon\/wp-json\/wp\/v2\/product_brand?post=15767"},{"taxonomy":"product_cat","embeddable":true,"href":"https:\/\/uj.adatbank.ro\/lexikon\/wp-json\/wp\/v2\/product_cat?post=15767"},{"taxonomy":"product_tag","embeddable":true,"href":"https:\/\/uj.adatbank.ro\/lexikon\/wp-json\/wp\/v2\/product_tag?post=15767"}],"curies":[{"name":"wp","href":"https:\/\/api.w.org\/{rel}","templated":true}]}}