{"id":15772,"date":"2025-07-15T13:46:34","date_gmt":"2025-07-15T11:46:34","guid":{"rendered":"https:\/\/uj.adatbank.ro\/lexikon\/termek\/more-laszlo\/"},"modified":"2025-07-15T13:46:34","modified_gmt":"2025-07-15T11:46:34","slug":"more-laszlo","status":"publish","type":"product","link":"https:\/\/uj.adatbank.ro\/lexikon\/termek\/more-laszlo\/","title":{"rendered":"M\u00d3R\u00c9 L\u00e1szl\u00f3"},"content":{"rendered":"<p>? \u2020\u00a0? : birtokos. \u2013 Telegdi Mikl\u00f3st, a VI. sz\u00e9kely sz\u00e9k kapit\u00e1ny\u00e1t, J\u00e1nos Zsigmond fejedelem lev\u00e9lben megb\u00edzta parancsa \u00e9rv\u00e9nyes\u00edt\u00e9s\u00e9vel: Havadot M\u00f3r\u00e9 L\u00e1szl\u00f3nak adom\u00e1nyozza (1569. nov. 23.). Csak a darabontok maradtak szabadon, a falu t\u00f6bbi lak\u00f3ja jobb\u00e1gy\u00e1 lett. <br \/><strong>Irod.:<\/strong> Havad<\/br><\/p>\n","protected":false},"excerpt":{"rendered":"<p>? \u2020\u00a0? : birtokos. \u2013 Telegdi Mikl\u00f3st, a VI. sz\u00e9kely sz\u00e9k kapit\u00e1ny\u00e1t, J\u00e1nos Zsigmond fejedelem lev\u00e9lben megb\u00edzta parancsa \u00e9rv\u00e9nyes\u00edt\u00e9s\u00e9vel: Havadot M\u00f3r\u00e9 L\u00e1szl\u00f3nak adom\u00e1nyozza (1569. nov. 23.). Csak a darabontok maradtak szabadon, a falu t\u00f6bbi lak\u00f3ja jobb\u00e1gy\u00e1 lett. Irod.: Havad<\/p>\n","protected":false},"featured_media":0,"comment_status":"open","ping_status":"closed","template":"","meta":[],"product_brand":[],"product_cat":[137],"product_tag":[],"class_list":{"0":"post-15772","1":"product","2":"type-product","3":"status-publish","5":"product_cat-maros-megyei-eletrajzi-lexikon","7":"first","8":"instock","9":"shipping-taxable","10":"product-type-simple"},"_links":{"self":[{"href":"https:\/\/uj.adatbank.ro\/lexikon\/wp-json\/wp\/v2\/product\/15772","targetHints":{"allow":["GET"]}}],"collection":[{"href":"https:\/\/uj.adatbank.ro\/lexikon\/wp-json\/wp\/v2\/product"}],"about":[{"href":"https:\/\/uj.adatbank.ro\/lexikon\/wp-json\/wp\/v2\/types\/product"}],"replies":[{"embeddable":true,"href":"https:\/\/uj.adatbank.ro\/lexikon\/wp-json\/wp\/v2\/comments?post=15772"}],"wp:attachment":[{"href":"https:\/\/uj.adatbank.ro\/lexikon\/wp-json\/wp\/v2\/media?parent=15772"}],"wp:term":[{"taxonomy":"product_brand","embeddable":true,"href":"https:\/\/uj.adatbank.ro\/lexikon\/wp-json\/wp\/v2\/product_brand?post=15772"},{"taxonomy":"product_cat","embeddable":true,"href":"https:\/\/uj.adatbank.ro\/lexikon\/wp-json\/wp\/v2\/product_cat?post=15772"},{"taxonomy":"product_tag","embeddable":true,"href":"https:\/\/uj.adatbank.ro\/lexikon\/wp-json\/wp\/v2\/product_tag?post=15772"}],"curies":[{"name":"wp","href":"https:\/\/api.w.org\/{rel}","templated":true}]}}