{"id":15775,"date":"2025-07-15T13:46:42","date_gmt":"2025-07-15T11:46:42","guid":{"rendered":"https:\/\/uj.adatbank.ro\/lexikon\/termek\/more-peter\/"},"modified":"2025-07-15T13:46:42","modified_gmt":"2025-07-15T11:46:42","slug":"more-peter","status":"publish","type":"product","link":"https:\/\/uj.adatbank.ro\/lexikon\/termek\/more-peter\/","title":{"rendered":"MOR\u00c9 P\u00e9ter"},"content":{"rendered":"<p>1799m, \u2020 ?: tan\u00edt\u00f3. \u2013 Ny\u00e1r\u00e1dszentbenedeken T\u00e9tsi Andr\u00e1s tan\u00edtv\u00e1nya. A mv.-i Ref. Koll.-ban (9 \u00e9ves kor\u00e1t\u00f3l, 1808\u2013) Nagy S\u00e1ndor tan\u00edtv\u00e1nya, majd a koll. tan\u00edt\u00f3mestere lett. <br \/><strong>Irod.:<\/strong> Ny\u00e1r\u00e1dszentbenedek<\/br><\/p>\n","protected":false},"excerpt":{"rendered":"<p>1799m, \u2020 ?: tan\u00edt\u00f3. \u2013 Ny\u00e1r\u00e1dszentbenedeken T\u00e9tsi Andr\u00e1s tan\u00edtv\u00e1nya. A mv.-i Ref. Koll.-ban (9 \u00e9ves kor\u00e1t\u00f3l, 1808\u2013) Nagy S\u00e1ndor tan\u00edtv\u00e1nya, majd a koll. tan\u00edt\u00f3mestere lett. Irod.: Ny\u00e1r\u00e1dszentbenedek<\/p>\n","protected":false},"featured_media":0,"comment_status":"open","ping_status":"closed","template":"","meta":[],"product_brand":[],"product_cat":[137],"product_tag":[],"class_list":{"0":"post-15775","1":"product","2":"type-product","3":"status-publish","5":"product_cat-maros-megyei-eletrajzi-lexikon","7":"first","8":"instock","9":"shipping-taxable","10":"product-type-simple"},"_links":{"self":[{"href":"https:\/\/uj.adatbank.ro\/lexikon\/wp-json\/wp\/v2\/product\/15775","targetHints":{"allow":["GET"]}}],"collection":[{"href":"https:\/\/uj.adatbank.ro\/lexikon\/wp-json\/wp\/v2\/product"}],"about":[{"href":"https:\/\/uj.adatbank.ro\/lexikon\/wp-json\/wp\/v2\/types\/product"}],"replies":[{"embeddable":true,"href":"https:\/\/uj.adatbank.ro\/lexikon\/wp-json\/wp\/v2\/comments?post=15775"}],"wp:attachment":[{"href":"https:\/\/uj.adatbank.ro\/lexikon\/wp-json\/wp\/v2\/media?parent=15775"}],"wp:term":[{"taxonomy":"product_brand","embeddable":true,"href":"https:\/\/uj.adatbank.ro\/lexikon\/wp-json\/wp\/v2\/product_brand?post=15775"},{"taxonomy":"product_cat","embeddable":true,"href":"https:\/\/uj.adatbank.ro\/lexikon\/wp-json\/wp\/v2\/product_cat?post=15775"},{"taxonomy":"product_tag","embeddable":true,"href":"https:\/\/uj.adatbank.ro\/lexikon\/wp-json\/wp\/v2\/product_tag?post=15775"}],"curies":[{"name":"wp","href":"https:\/\/api.w.org\/{rel}","templated":true}]}}