{"id":15779,"date":"2025-07-15T13:46:50","date_gmt":"2025-07-15T11:46:50","guid":{"rendered":"https:\/\/uj.adatbank.ro\/lexikon\/termek\/moresteanu-petru\/"},"modified":"2025-07-15T13:46:50","modified_gmt":"2025-07-15T11:46:50","slug":"moresteanu-petru","status":"publish","type":"product","link":"https:\/\/uj.adatbank.ro\/lexikon\/termek\/moresteanu-petru\/","title":{"rendered":"MORE\u015eTEANU, Petru"},"content":{"rendered":"<p>? \u2020\u00a0?\u00a0: a MAT N\u00e9ptan\u00e1cs kutur\u00e1lis oszt\u00e1ly\u00e1nak vezet\u0151je (\u20131953). <br \/><strong>Irod.:<\/strong> Bottoni 2008<\/br><\/p>\n","protected":false},"excerpt":{"rendered":"<p>? \u2020\u00a0?\u00a0: a MAT N\u00e9ptan\u00e1cs kutur\u00e1lis oszt\u00e1ly\u00e1nak vezet\u0151je (\u20131953). Irod.: Bottoni 2008<\/p>\n","protected":false},"featured_media":0,"comment_status":"open","ping_status":"closed","template":"","meta":[],"product_brand":[],"product_cat":[137],"product_tag":[],"class_list":{"0":"post-15779","1":"product","2":"type-product","3":"status-publish","5":"product_cat-maros-megyei-eletrajzi-lexikon","7":"first","8":"instock","9":"shipping-taxable","10":"product-type-simple"},"_links":{"self":[{"href":"https:\/\/uj.adatbank.ro\/lexikon\/wp-json\/wp\/v2\/product\/15779","targetHints":{"allow":["GET"]}}],"collection":[{"href":"https:\/\/uj.adatbank.ro\/lexikon\/wp-json\/wp\/v2\/product"}],"about":[{"href":"https:\/\/uj.adatbank.ro\/lexikon\/wp-json\/wp\/v2\/types\/product"}],"replies":[{"embeddable":true,"href":"https:\/\/uj.adatbank.ro\/lexikon\/wp-json\/wp\/v2\/comments?post=15779"}],"wp:attachment":[{"href":"https:\/\/uj.adatbank.ro\/lexikon\/wp-json\/wp\/v2\/media?parent=15779"}],"wp:term":[{"taxonomy":"product_brand","embeddable":true,"href":"https:\/\/uj.adatbank.ro\/lexikon\/wp-json\/wp\/v2\/product_brand?post=15779"},{"taxonomy":"product_cat","embeddable":true,"href":"https:\/\/uj.adatbank.ro\/lexikon\/wp-json\/wp\/v2\/product_cat?post=15779"},{"taxonomy":"product_tag","embeddable":true,"href":"https:\/\/uj.adatbank.ro\/lexikon\/wp-json\/wp\/v2\/product_tag?post=15779"}],"curies":[{"name":"wp","href":"https:\/\/api.w.org\/{rel}","templated":true}]}}