{"id":15782,"date":"2025-07-15T13:46:55","date_gmt":"2025-07-15T11:46:55","guid":{"rendered":"https:\/\/uj.adatbank.ro\/lexikon\/termek\/moritz-denes\/"},"modified":"2025-07-15T13:46:55","modified_gmt":"2025-07-15T11:46:55","slug":"moritz-denes","status":"publish","type":"product","link":"https:\/\/uj.adatbank.ro\/lexikon\/termek\/moritz-denes\/","title":{"rendered":"M\u00d3RITZ D\u00e9nes"},"content":{"rendered":"<p>K\u00fcls\u0151vat, 1903, j\u00fan. 16., \u2020 Kemptville (Kanada), 1991. j\u00fal. 24, : orvos, egyetemi tan\u00e1r, gyermekgy\u00f3gy\u00e1sz. \u2013 Bp.-en v\u00e9gezte tanulm\u00e1nyait, amit P\u00e1rizsban, B\u00e9csben \u00e9s a balk\u00e1ni \u00e1llamokban folytatott. A szegedi egyetem gyermekklinik\u00e1j\u00e1n kezdte oktat\u00f3i tev\u00e9kenys\u00e9g\u00e9t (1928\u2013), a bp.-i TE gyermekklinik\u00e1j\u00e1n m\u0171k\u00f6d\u00f6tt (1930), egytemi mag\u00e1ntan\u00e1r (1939\u2013). A MOGYI-n prof., a gyermekgy\u00f3gy\u00e1szati klinika els\u0151 vezet\u0151je (1945\u201348). \u2013 <strong>F. m.:<\/strong> A csecsem\u0151 helyes t\u00e1pl\u00e1l\u00e1sa \u00e9s gondoz\u00e1sa: \u00fatmutat\u00f3 any\u00e1k \u00e9s leend\u0151 any\u00e1k r\u00e9sz\u00e9re (Kv., 1947); Rechercses sur la pathog\u00e9nie de la r\u00e9action m\u00e1ning\u00e9e tuberculotoxicoall\u00e9rgique chez l\u2019enfant (Craiova, 1947); Tratamrntul empiemului toracic la sugari \u015fi copii (Craiova, 1948). <br \/><strong>Irod.:<\/strong> Genersich; P\u00e9ter; Sz\u00f6ll\u0151si 2009; Todea\u2013F\u00fcl\u00f6p\u2013Avram ; T\u00f3th\u2013G\u00e1bor; Viharban<\/br><\/p>\n","protected":false},"excerpt":{"rendered":"<p>K\u00fcls\u0151vat, 1903, j\u00fan. 16., \u2020 Kemptville (Kanada), 1991. j\u00fal. 24, : orvos, egyetemi tan\u00e1r, gyermekgy\u00f3gy\u00e1sz. \u2013 Bp.-en v\u00e9gezte tanulm\u00e1nyait, amit P\u00e1rizsban, B\u00e9csben \u00e9s a balk\u00e1ni \u00e1llamokban folytatott. A szegedi egyetem gyermekklinik\u00e1j\u00e1n kezdte oktat\u00f3i tev\u00e9kenys\u00e9g\u00e9t (1928\u2013), a bp.-i TE gyermekklinik\u00e1j\u00e1n m\u0171k\u00f6d\u00f6tt (1930), egytemi mag\u00e1ntan\u00e1r (1939\u2013). A MOGYI-n prof., a gyermekgy\u00f3gy\u00e1szati klinika els\u0151 vezet\u0151je (1945\u201348). \u2013 F. [&hellip;]<\/p>\n","protected":false},"featured_media":0,"comment_status":"open","ping_status":"closed","template":"","meta":[],"product_brand":[],"product_cat":[137],"product_tag":[],"class_list":{"0":"post-15782","1":"product","2":"type-product","3":"status-publish","5":"product_cat-maros-megyei-eletrajzi-lexikon","7":"first","8":"instock","9":"shipping-taxable","10":"product-type-simple"},"_links":{"self":[{"href":"https:\/\/uj.adatbank.ro\/lexikon\/wp-json\/wp\/v2\/product\/15782","targetHints":{"allow":["GET"]}}],"collection":[{"href":"https:\/\/uj.adatbank.ro\/lexikon\/wp-json\/wp\/v2\/product"}],"about":[{"href":"https:\/\/uj.adatbank.ro\/lexikon\/wp-json\/wp\/v2\/types\/product"}],"replies":[{"embeddable":true,"href":"https:\/\/uj.adatbank.ro\/lexikon\/wp-json\/wp\/v2\/comments?post=15782"}],"wp:attachment":[{"href":"https:\/\/uj.adatbank.ro\/lexikon\/wp-json\/wp\/v2\/media?parent=15782"}],"wp:term":[{"taxonomy":"product_brand","embeddable":true,"href":"https:\/\/uj.adatbank.ro\/lexikon\/wp-json\/wp\/v2\/product_brand?post=15782"},{"taxonomy":"product_cat","embeddable":true,"href":"https:\/\/uj.adatbank.ro\/lexikon\/wp-json\/wp\/v2\/product_cat?post=15782"},{"taxonomy":"product_tag","embeddable":true,"href":"https:\/\/uj.adatbank.ro\/lexikon\/wp-json\/wp\/v2\/product_tag?post=15782"}],"curies":[{"name":"wp","href":"https:\/\/api.w.org\/{rel}","templated":true}]}}