{"id":15784,"date":"2025-07-15T13:47:00","date_gmt":"2025-07-15T11:47:00","guid":{"rendered":"https:\/\/uj.adatbank.ro\/lexikon\/termek\/morvay-bela\/"},"modified":"2025-07-15T13:47:00","modified_gmt":"2025-07-15T11:47:00","slug":"morvay-bela","status":"publish","type":"product","link":"https:\/\/uj.adatbank.ro\/lexikon\/termek\/morvay-bela\/","title":{"rendered":"MORVAY B\u00e9la"},"content":{"rendered":"<p>Mv., 1935.\u2020 Szov\u00e1ta, 1993. okt. 25.: orvos. \u2013 D\u00e9si heged\u0171s cig\u00e1nyzen\u00e9szek lesz\u00e1rmazottja. A MOGYI orvosi kar\u00e1n v\u00e9gzett (1959). Moldv\u00e1ba kezdte az orvosi p\u00e1ly\u00e1j\u00e1t. Versenyvizsg\u00e1val Szov\u00e1t\u00e1n lett f\u00fcrd\u0151orvos, t\u00fcd\u0151r\u00e1kban halt meg..K\u00e9t l\u00e1nya Kv.-on zenekonzervat\u00f3riumot.v\u00e9gzett.-<br \/><strong>Irod.:<\/strong> MMK; Kiss Cs. M 4.; Nagy L.<\/br><\/p>\n","protected":false},"excerpt":{"rendered":"<p>Mv., 1935.\u2020 Szov\u00e1ta, 1993. okt. 25.: orvos. \u2013 D\u00e9si heged\u0171s cig\u00e1nyzen\u00e9szek lesz\u00e1rmazottja. A MOGYI orvosi kar\u00e1n v\u00e9gzett (1959). Moldv\u00e1ba kezdte az orvosi p\u00e1ly\u00e1j\u00e1t. Versenyvizsg\u00e1val Szov\u00e1t\u00e1n lett f\u00fcrd\u0151orvos, t\u00fcd\u0151r\u00e1kban halt meg..K\u00e9t l\u00e1nya Kv.-on zenekonzervat\u00f3riumot.v\u00e9gzett.-Irod.: MMK; Kiss Cs. M 4.; Nagy L.<\/p>\n","protected":false},"featured_media":0,"comment_status":"open","ping_status":"closed","template":"","meta":[],"product_brand":[],"product_cat":[137],"product_tag":[],"class_list":{"0":"post-15784","1":"product","2":"type-product","3":"status-publish","5":"product_cat-maros-megyei-eletrajzi-lexikon","7":"first","8":"instock","9":"shipping-taxable","10":"product-type-simple"},"_links":{"self":[{"href":"https:\/\/uj.adatbank.ro\/lexikon\/wp-json\/wp\/v2\/product\/15784","targetHints":{"allow":["GET"]}}],"collection":[{"href":"https:\/\/uj.adatbank.ro\/lexikon\/wp-json\/wp\/v2\/product"}],"about":[{"href":"https:\/\/uj.adatbank.ro\/lexikon\/wp-json\/wp\/v2\/types\/product"}],"replies":[{"embeddable":true,"href":"https:\/\/uj.adatbank.ro\/lexikon\/wp-json\/wp\/v2\/comments?post=15784"}],"wp:attachment":[{"href":"https:\/\/uj.adatbank.ro\/lexikon\/wp-json\/wp\/v2\/media?parent=15784"}],"wp:term":[{"taxonomy":"product_brand","embeddable":true,"href":"https:\/\/uj.adatbank.ro\/lexikon\/wp-json\/wp\/v2\/product_brand?post=15784"},{"taxonomy":"product_cat","embeddable":true,"href":"https:\/\/uj.adatbank.ro\/lexikon\/wp-json\/wp\/v2\/product_cat?post=15784"},{"taxonomy":"product_tag","embeddable":true,"href":"https:\/\/uj.adatbank.ro\/lexikon\/wp-json\/wp\/v2\/product_tag?post=15784"}],"curies":[{"name":"wp","href":"https:\/\/api.w.org\/{rel}","templated":true}]}}