{"id":15787,"date":"2025-07-15T13:47:07","date_gmt":"2025-07-15T11:47:07","guid":{"rendered":"https:\/\/uj.adatbank.ro\/lexikon\/termek\/mosa-nagyernyei\/"},"modified":"2025-07-15T13:47:07","modified_gmt":"2025-07-15T11:47:07","slug":"mosa-nagyernyei","status":"publish","type":"product","link":"https:\/\/uj.adatbank.ro\/lexikon\/termek\/mosa-nagyernyei\/","title":{"rendered":"M\u00d3SA, nagyernyei"},"content":{"rendered":"<p>A csal\u00e1db\u00f3l M. J\u00e1nos, mint primor lustr\u00e1lt Nagyerny\u00e9ben (1614). <br \/><strong>Irod.:<\/strong> P\u00e1lmay; Keresztes Gyula: \u00d6r\u00f6ks\u00e9g\u00fcnk 50.: A nagyernyei udvarh\u00e1zak (1994. febr. 11.)<\/br><\/p>\n","protected":false},"excerpt":{"rendered":"<p>A csal\u00e1db\u00f3l M. J\u00e1nos, mint primor lustr\u00e1lt Nagyerny\u00e9ben (1614). Irod.: P\u00e1lmay; Keresztes Gyula: \u00d6r\u00f6ks\u00e9g\u00fcnk 50.: A nagyernyei udvarh\u00e1zak (1994. febr. 11.)<\/p>\n","protected":false},"featured_media":0,"comment_status":"open","ping_status":"closed","template":"","meta":[],"product_brand":[],"product_cat":[137],"product_tag":[],"class_list":{"0":"post-15787","1":"product","2":"type-product","3":"status-publish","5":"product_cat-maros-megyei-eletrajzi-lexikon","7":"first","8":"instock","9":"shipping-taxable","10":"product-type-simple"},"_links":{"self":[{"href":"https:\/\/uj.adatbank.ro\/lexikon\/wp-json\/wp\/v2\/product\/15787","targetHints":{"allow":["GET"]}}],"collection":[{"href":"https:\/\/uj.adatbank.ro\/lexikon\/wp-json\/wp\/v2\/product"}],"about":[{"href":"https:\/\/uj.adatbank.ro\/lexikon\/wp-json\/wp\/v2\/types\/product"}],"replies":[{"embeddable":true,"href":"https:\/\/uj.adatbank.ro\/lexikon\/wp-json\/wp\/v2\/comments?post=15787"}],"wp:attachment":[{"href":"https:\/\/uj.adatbank.ro\/lexikon\/wp-json\/wp\/v2\/media?parent=15787"}],"wp:term":[{"taxonomy":"product_brand","embeddable":true,"href":"https:\/\/uj.adatbank.ro\/lexikon\/wp-json\/wp\/v2\/product_brand?post=15787"},{"taxonomy":"product_cat","embeddable":true,"href":"https:\/\/uj.adatbank.ro\/lexikon\/wp-json\/wp\/v2\/product_cat?post=15787"},{"taxonomy":"product_tag","embeddable":true,"href":"https:\/\/uj.adatbank.ro\/lexikon\/wp-json\/wp\/v2\/product_tag?post=15787"}],"curies":[{"name":"wp","href":"https:\/\/api.w.org\/{rel}","templated":true}]}}