{"id":15788,"date":"2025-07-15T13:47:09","date_gmt":"2025-07-15T11:47:09","guid":{"rendered":"https:\/\/uj.adatbank.ro\/lexikon\/termek\/mosa-gergely\/"},"modified":"2025-07-15T13:47:09","modified_gmt":"2025-07-15T11:47:09","slug":"mosa-gergely","status":"publish","type":"product","link":"https:\/\/uj.adatbank.ro\/lexikon\/termek\/mosa-gergely\/","title":{"rendered":"M\u00d3SA Gergely"},"content":{"rendered":"<p>? \u2020 ? 1602: katona. \u2013 Nagyernyei primor, Kem\u00e9ny J\u00e1nos fejedelem udvari katon\u00e1ja, sok nyelvet tud\u00f3, vit\u00e9z katona, a Basta zsoldosaival v\u00edvott k\u00fczdelemben esett el. <br \/><strong>Irod.:<\/strong> Marossz\u00e9ki kr\u00f3nik\u00e1k 1.<\/br><\/p>\n","protected":false},"excerpt":{"rendered":"<p>? \u2020 ? 1602: katona. \u2013 Nagyernyei primor, Kem\u00e9ny J\u00e1nos fejedelem udvari katon\u00e1ja, sok nyelvet tud\u00f3, vit\u00e9z katona, a Basta zsoldosaival v\u00edvott k\u00fczdelemben esett el. Irod.: Marossz\u00e9ki kr\u00f3nik\u00e1k 1.<\/p>\n","protected":false},"featured_media":0,"comment_status":"open","ping_status":"closed","template":"","meta":[],"product_brand":[],"product_cat":[137],"product_tag":[],"class_list":{"0":"post-15788","1":"product","2":"type-product","3":"status-publish","5":"product_cat-maros-megyei-eletrajzi-lexikon","7":"first","8":"instock","9":"shipping-taxable","10":"product-type-simple"},"_links":{"self":[{"href":"https:\/\/uj.adatbank.ro\/lexikon\/wp-json\/wp\/v2\/product\/15788","targetHints":{"allow":["GET"]}}],"collection":[{"href":"https:\/\/uj.adatbank.ro\/lexikon\/wp-json\/wp\/v2\/product"}],"about":[{"href":"https:\/\/uj.adatbank.ro\/lexikon\/wp-json\/wp\/v2\/types\/product"}],"replies":[{"embeddable":true,"href":"https:\/\/uj.adatbank.ro\/lexikon\/wp-json\/wp\/v2\/comments?post=15788"}],"wp:attachment":[{"href":"https:\/\/uj.adatbank.ro\/lexikon\/wp-json\/wp\/v2\/media?parent=15788"}],"wp:term":[{"taxonomy":"product_brand","embeddable":true,"href":"https:\/\/uj.adatbank.ro\/lexikon\/wp-json\/wp\/v2\/product_brand?post=15788"},{"taxonomy":"product_cat","embeddable":true,"href":"https:\/\/uj.adatbank.ro\/lexikon\/wp-json\/wp\/v2\/product_cat?post=15788"},{"taxonomy":"product_tag","embeddable":true,"href":"https:\/\/uj.adatbank.ro\/lexikon\/wp-json\/wp\/v2\/product_tag?post=15788"}],"curies":[{"name":"wp","href":"https:\/\/api.w.org\/{rel}","templated":true}]}}