{"id":1579,"date":"2025-06-28T11:46:34","date_gmt":"2025-06-28T09:46:34","guid":{"rendered":"https:\/\/uj.adatbank.ro\/lexikon\/termek\/abafaji-p-andras-abafai-andras\/"},"modified":"2025-06-28T11:46:34","modified_gmt":"2025-06-28T09:46:34","slug":"abafaji-p-andras-abafai-andras","status":"publish","type":"product","link":"https:\/\/uj.adatbank.ro\/lexikon\/termek\/abafaji-p-andras-abafai-andras\/","title":{"rendered":"ABAF\u00c1JI P. Andr\u00e1s; Abaf\u00e1i Andr\u00e1s"},"content":{"rendered":"<p>? \u2020 Kv., 1661. szept. 18.: tan\u00e1r, ref. lelk\u00e9sz. \u2013 Mv.-en Gyulafeh\u00e9rv\u00e1ron tanult majd \u0151 lett a mv.-i Skola particula els\u0151 olyan rektora (1661. m\u00e1j. 11.), aki az iskola tanul\u00f3ja volt. Kv.-ra ker\u00fclt, ahol Ap\u00e1czai tan\u00edtv\u00e1nya,aki r\u00e1bizta az etimol\u00f3giai oszt\u00e1ly tan\u00edt\u00e1s\u00e1t (1658). P\u00e1pai P\u00e1riz Ferencet is tan\u00edtotta n\u00e9gy h\u00f3napot, miel\u0151tt pestisben elhunyt. <br \/><strong>Irod.:<\/strong> Abaf\u00e1i Andr\u00e1s, Eml\u00e9ksz\u00e1m (\u00daj Kezdet, 8. sz., 2009. aug.); A. S. A v\u00e9csi Helikon 80 \u00e9ve (Erd\u00e9lyi Napl\u00f3, 29. sz., 2006. j\u00fal.18.); Bak\u00f3 Zolt\u00e1n: Isten veled, Gr\u00f3f \u00far! (V\u00e1s\u00e1rhelyi H\u00edrlap, 2009. j\u00fal. 22.); B\u00f6g\u00f6zi Attila: Szellemi helysz\u00ednel\u00e9s, avagy hogyan sz\u00fcletik egy k\u00f6tetc\u00edm (\u00daj Kezdet, 9. sz., 2009. szept.); EMKK 2000, 2010; Kusz\u00e1lik; M\u00e1th\u00e9 \u00c9va: A k\u00f6nyv \u00fcnnepe Marosv\u00e9csen (\u00daj Kezdet, 9. sz., 2009. szept.); Nagy Mikl\u00f3s Kund: A v\u00e9csi v\u00e1r vend\u00e9gei (N\u00fa., M\u00fazsa, 707. sz., 2005. szept. 24.); Nagy Mikl\u00f3s Kund: Megtett mindent, amit megtehetett (N\u00fa., M\u00fazsa, 894. sz., 2009. j\u00fal. 25.); [Nekrol\u00f3g] (N\u00fa., 2009. j\u00fal. 19 Szucher Ervin: M\u0171v\u00e9sz \u00e9s mec\u00e9n\u00e1s nagyasszonyok (\u00daj Kezdet, 9. sz., 2006. szept). H\u00edres polg\u00e1rok lexikona; Id\u0151t\u00e1r 1.; Koncz; Kozma; RNL; Tonk<\/br><\/p>\n","protected":false},"excerpt":{"rendered":"<p>? \u2020 Kv., 1661. szept. 18.: tan\u00e1r, ref. lelk\u00e9sz. \u2013 Mv.-en Gyulafeh\u00e9rv\u00e1ron tanult majd \u0151 lett a mv.-i Skola particula els\u0151 olyan rektora (1661. m\u00e1j. 11.), aki az iskola tanul\u00f3ja volt. Kv.-ra ker\u00fclt, ahol Ap\u00e1czai tan\u00edtv\u00e1nya,aki r\u00e1bizta az etimol\u00f3giai oszt\u00e1ly tan\u00edt\u00e1s\u00e1t (1658). P\u00e1pai P\u00e1riz Ferencet is tan\u00edtotta n\u00e9gy h\u00f3napot, miel\u0151tt pestisben elhunyt. Irod.: Abaf\u00e1i Andr\u00e1s, [&hellip;]<\/p>\n","protected":false},"featured_media":0,"comment_status":"open","ping_status":"closed","template":"","meta":[],"product_brand":[],"product_cat":[137],"product_tag":[],"class_list":{"0":"post-1579","1":"product","2":"type-product","3":"status-publish","5":"product_cat-maros-megyei-eletrajzi-lexikon","7":"first","8":"instock","9":"shipping-taxable","10":"product-type-simple"},"_links":{"self":[{"href":"https:\/\/uj.adatbank.ro\/lexikon\/wp-json\/wp\/v2\/product\/1579","targetHints":{"allow":["GET"]}}],"collection":[{"href":"https:\/\/uj.adatbank.ro\/lexikon\/wp-json\/wp\/v2\/product"}],"about":[{"href":"https:\/\/uj.adatbank.ro\/lexikon\/wp-json\/wp\/v2\/types\/product"}],"replies":[{"embeddable":true,"href":"https:\/\/uj.adatbank.ro\/lexikon\/wp-json\/wp\/v2\/comments?post=1579"}],"wp:attachment":[{"href":"https:\/\/uj.adatbank.ro\/lexikon\/wp-json\/wp\/v2\/media?parent=1579"}],"wp:term":[{"taxonomy":"product_brand","embeddable":true,"href":"https:\/\/uj.adatbank.ro\/lexikon\/wp-json\/wp\/v2\/product_brand?post=1579"},{"taxonomy":"product_cat","embeddable":true,"href":"https:\/\/uj.adatbank.ro\/lexikon\/wp-json\/wp\/v2\/product_cat?post=1579"},{"taxonomy":"product_tag","embeddable":true,"href":"https:\/\/uj.adatbank.ro\/lexikon\/wp-json\/wp\/v2\/product_tag?post=1579"}],"curies":[{"name":"wp","href":"https:\/\/api.w.org\/{rel}","templated":true}]}}