{"id":15790,"date":"2025-07-15T13:47:13","date_gmt":"2025-07-15T11:47:13","guid":{"rendered":"https:\/\/uj.adatbank.ro\/lexikon\/termek\/mosa-laszlo\/"},"modified":"2025-07-15T13:47:13","modified_gmt":"2025-07-15T11:47:13","slug":"mosa-laszlo","status":"publish","type":"product","link":"https:\/\/uj.adatbank.ro\/lexikon\/termek\/mosa-laszlo\/","title":{"rendered":"M\u00d3SA L\u00e1szl\u00f3"},"content":{"rendered":"<p>? \u2020\u00a0?: obester. \u2013 L\u00e1z\u00e1r J\u00e1nos udvari embere, \u00edr\u00f3dea\u00e1kja. K\u00e9s\u0151bb a sz\u00e9kely hadsereg tisztje, \u00f3bestere (1794\u201396), a M. Nyelvm\u00edvel\u0151 T\u00e1rsas\u00e1g lelkes t\u00e1mogat\u00f3ja. <br \/><strong>Irod.:<\/strong> Kov\u00e1sznai<\/br><\/p>\n","protected":false},"excerpt":{"rendered":"<p>? \u2020\u00a0?: obester. \u2013 L\u00e1z\u00e1r J\u00e1nos udvari embere, \u00edr\u00f3dea\u00e1kja. K\u00e9s\u0151bb a sz\u00e9kely hadsereg tisztje, \u00f3bestere (1794\u201396), a M. Nyelvm\u00edvel\u0151 T\u00e1rsas\u00e1g lelkes t\u00e1mogat\u00f3ja. Irod.: Kov\u00e1sznai<\/p>\n","protected":false},"featured_media":0,"comment_status":"open","ping_status":"closed","template":"","meta":[],"product_brand":[],"product_cat":[137],"product_tag":[],"class_list":{"0":"post-15790","1":"product","2":"type-product","3":"status-publish","5":"product_cat-maros-megyei-eletrajzi-lexikon","7":"first","8":"instock","9":"shipping-taxable","10":"product-type-simple"},"_links":{"self":[{"href":"https:\/\/uj.adatbank.ro\/lexikon\/wp-json\/wp\/v2\/product\/15790","targetHints":{"allow":["GET"]}}],"collection":[{"href":"https:\/\/uj.adatbank.ro\/lexikon\/wp-json\/wp\/v2\/product"}],"about":[{"href":"https:\/\/uj.adatbank.ro\/lexikon\/wp-json\/wp\/v2\/types\/product"}],"replies":[{"embeddable":true,"href":"https:\/\/uj.adatbank.ro\/lexikon\/wp-json\/wp\/v2\/comments?post=15790"}],"wp:attachment":[{"href":"https:\/\/uj.adatbank.ro\/lexikon\/wp-json\/wp\/v2\/media?parent=15790"}],"wp:term":[{"taxonomy":"product_brand","embeddable":true,"href":"https:\/\/uj.adatbank.ro\/lexikon\/wp-json\/wp\/v2\/product_brand?post=15790"},{"taxonomy":"product_cat","embeddable":true,"href":"https:\/\/uj.adatbank.ro\/lexikon\/wp-json\/wp\/v2\/product_cat?post=15790"},{"taxonomy":"product_tag","embeddable":true,"href":"https:\/\/uj.adatbank.ro\/lexikon\/wp-json\/wp\/v2\/product_tag?post=15790"}],"curies":[{"name":"wp","href":"https:\/\/api.w.org\/{rel}","templated":true}]}}