{"id":15791,"date":"2025-07-15T13:47:15","date_gmt":"2025-07-15T11:47:15","guid":{"rendered":"https:\/\/uj.adatbank.ro\/lexikon\/termek\/mosa-rozalia\/"},"modified":"2025-07-15T13:47:15","modified_gmt":"2025-07-15T11:47:15","slug":"mosa-rozalia","status":"publish","type":"product","link":"https:\/\/uj.adatbank.ro\/lexikon\/termek\/mosa-rozalia\/","title":{"rendered":"M\u00d3SA Roz\u00e1lia"},"content":{"rendered":"<p>Gyergy\u00f3szentmikl\u00f3s, 1921. m\u00e1rc. 20. \u2020\u00a02010. jan. 7.: gy\u00f3gyszer\u00e9sz. \u2013 Gy\u00f3gyszer\u00e9sz oklevelet Bp.-en szerzett (1946. febr. 5.). Bp.-en, Homor\u00f3dszentm\u00e1rtonban gy\u00f3gyszer\u00e9sz, majd a mv.-i M. Korona gy\u00f3gyszert\u00e1rban alkalmazott (1947\u201348), innen Szatm\u00e1rn\u00e9metibe t\u00e1vozott. <br \/><strong>Irod.:<\/strong> P\u00e9ter H. M. 2013<\/br><\/p>\n","protected":false},"excerpt":{"rendered":"<p>Gyergy\u00f3szentmikl\u00f3s, 1921. m\u00e1rc. 20. \u2020\u00a02010. jan. 7.: gy\u00f3gyszer\u00e9sz. \u2013 Gy\u00f3gyszer\u00e9sz oklevelet Bp.-en szerzett (1946. febr. 5.). Bp.-en, Homor\u00f3dszentm\u00e1rtonban gy\u00f3gyszer\u00e9sz, majd a mv.-i M. Korona gy\u00f3gyszert\u00e1rban alkalmazott (1947\u201348), innen Szatm\u00e1rn\u00e9metibe t\u00e1vozott. Irod.: P\u00e9ter H. M. 2013<\/p>\n","protected":false},"featured_media":0,"comment_status":"open","ping_status":"closed","template":"","meta":[],"product_brand":[],"product_cat":[137],"product_tag":[],"class_list":{"0":"post-15791","1":"product","2":"type-product","3":"status-publish","5":"product_cat-maros-megyei-eletrajzi-lexikon","7":"first","8":"instock","9":"shipping-taxable","10":"product-type-simple"},"_links":{"self":[{"href":"https:\/\/uj.adatbank.ro\/lexikon\/wp-json\/wp\/v2\/product\/15791","targetHints":{"allow":["GET"]}}],"collection":[{"href":"https:\/\/uj.adatbank.ro\/lexikon\/wp-json\/wp\/v2\/product"}],"about":[{"href":"https:\/\/uj.adatbank.ro\/lexikon\/wp-json\/wp\/v2\/types\/product"}],"replies":[{"embeddable":true,"href":"https:\/\/uj.adatbank.ro\/lexikon\/wp-json\/wp\/v2\/comments?post=15791"}],"wp:attachment":[{"href":"https:\/\/uj.adatbank.ro\/lexikon\/wp-json\/wp\/v2\/media?parent=15791"}],"wp:term":[{"taxonomy":"product_brand","embeddable":true,"href":"https:\/\/uj.adatbank.ro\/lexikon\/wp-json\/wp\/v2\/product_brand?post=15791"},{"taxonomy":"product_cat","embeddable":true,"href":"https:\/\/uj.adatbank.ro\/lexikon\/wp-json\/wp\/v2\/product_cat?post=15791"},{"taxonomy":"product_tag","embeddable":true,"href":"https:\/\/uj.adatbank.ro\/lexikon\/wp-json\/wp\/v2\/product_tag?post=15791"}],"curies":[{"name":"wp","href":"https:\/\/api.w.org\/{rel}","templated":true}]}}